{"id":1128,"date":"2025-07-13T04:38:45","date_gmt":"2025-07-13T04:38:45","guid":{"rendered":"https:\/\/dearjewelry.site\/product\/round-14k-yellow-gold-wedding-band-1-8mm-2-5mm-natural-diamond-ring\/"},"modified":"2025-07-13T04:38:45","modified_gmt":"2025-07-13T04:38:45","slug":"round-14k-yellow-gold-wedding-band-1-8mm-2-5mm-natural-diamond-ring","status":"publish","type":"product","link":"https:\/\/dearjewelry.site\/de\/produkt\/round-14k-yellow-gold-wedding-band-1-8mm-2-5mm-natural-diamond-ring\/","title":{"rendered":"Rundes 14k Gelbgold Ehering, 1.8mm-2.5mm nat\u00fcrlicher Diamant Ring"},"content":{"rendered":"<h2>Rundes 14k Gelbgold Ehering, 1.8mm-2.5mm nat\u00fcrlicher Diamant Ring<\/h2>\n<p> Beschreibung<\/p>\n<table cellpadding=\"0\" cellspacing=\"0\" class=\"details_table\">\n<tbody>\n<tr>\n<th>Material:<\/th>\n<td>14K Gelbgold<\/td>\n<th>Nat\u00fcrlich\/Labor-erschaffen:<\/th>\n<td>Nat\u00fcrlicher Diamant<\/td>\n<\/tr>\n<tr class=\"bg_gray\">\n<th>Stil:<\/th>\n<td>Alternating Pattern Diamond Ring<\/td>\n<th>Stein Gr\u00f6\u00dfe:<\/th>\n<td>1,5 mm<\/td>\n<\/tr>\n<tr>\n<th>Einstellung Typ:<\/th>\n<td>Einstellung der Klaue<\/td>\n<th>Bandgr\u00f6\u00dfe:<\/th>\n<td>1.8mm-2.5mm<\/td>\n<\/tr>\n<tr class=\"bg_gray\">\n<th>Schnitt:<\/th>\n<td>Runder Brillantschliff<\/td>\n<th>Reinheitsgrad:<\/th>\n<td>VS1<\/td>\n<\/tr>\n<tr>\n<th>Farbe Grad:<\/th>\n<td>G-H<\/td>\n<th>Gewicht der Diamanten:<\/th>\n<td>0.23ct<\/td>\n<\/tr>\n<tr class=\"bg_gray\">\n<th colspan=\"1\">H\u00f6hepunkt:<\/th>\n<td colspan=\"3\">\n<h2 style='font-weight: bold;font-size: 14px'>2.5mm 14k Yellow Gold Wedding Band<\/h2>\n<p>, <\/p>\n<h2 style='font-weight: bold;font-size: 14px'>1.8mm 14k Yellow Gold Wedding Band<\/h2>\n<\/td>\n<\/tr>\n<\/tbody>\n<\/table>\n<p><p><span style=\"font-size:16px\"><strong><span style=\"font-family:arial,helvetica,sans-serif\">Beschreibung des Produkts:<\/span><\/strong><\/span><\/p>\n<p>&nbsp;<\/p>\n<p><span style=\"font-size:16px\"><strong>Alternating Pattern Diamond Ring Set In 14K Yellow Gold Jewelry<\/strong><\/span><\/p>\n<p>&nbsp;<\/p>\n<p><span style=\"font-size:16px\"><strong>Einzelheiten zum Produkt:&nbsp;<\/strong><\/span><\/p>\n<table border=\"1\" cellpadding=\"0\" cellspacing=\"0\" style=\"width: 576px\">\n<tbody>\n<tr>\n<td style=\"width: 136px\"><span style=\"font-size:16px\">Artikel Nr.<\/span><\/td>\n<td style=\"width: 434px\">\n<p><span style=\"font-size:16px\">KD136R<\/span><\/p>\n<\/td>\n<\/tr>\n<tr>\n<td style=\"width: 136px\"><span style=\"font-size:16px\">Produktname<\/span><\/td>\n<td style=\"width: 434px\"><span style=\"font-size:16px\">14K Gelbgold Ring<\/span><\/td>\n<\/tr>\n<tr>\n<td style=\"width: 136px\"><span style=\"font-size:16px\">Stein<\/span><\/td>\n<td style=\"width: 434px\"><span style=\"font-size:16px\">Natural Didamond <\/span><\/td>\n<\/tr>\n<tr>\n<td style=\"width: 136px\"><span style=\"font-size:16px\">Material<\/span><\/td>\n<td style=\"width: 434px\"><span style=\"font-size:16px\">14K Gold<\/span><\/td>\n<\/tr>\n<tr>\n<td style=\"width: 136px\"><span style=\"font-size:16px\">Schneiden<\/span><\/td>\n<td style=\"width: 434px\"><span style=\"font-size:16px\">Round Cut<\/span><\/td>\n<\/tr>\n<tr>\n<td style=\"width: 136px\"><span style=\"font-size:16px\">Stein Gr\u00f6\u00dfe<\/span><\/td>\n<td style=\"width: 434px\"><span style=\"font-size:16px\">1.8mm-2.5mm<\/span><\/td>\n<\/tr>\n<tr>\n<td style=\"width: 136px\"><span style=\"font-size:16px\">Stil<\/span><\/td>\n<td style=\"width: 434px\"><span style=\"font-size:16px\">Alternating Pattern&nbsp;Diamond Ring<\/span><\/td>\n<\/tr>\n<tr>\n<td style=\"width: 136px\"><span style=\"font-size:16px\">Clarity and&nbsp;Color<\/span><\/td>\n<td style=\"width: 434px\"><span style=\"font-size:16px\">F-H VS1<\/span><\/td>\n<\/tr>\n<tr>\n<td style=\"width: 136px\"><span style=\"font-size:16px\">Einstellung<\/span><\/td>\n<td style=\"width: 434px\"><span style=\"font-size:16px\">Einstellung der Klaue<\/span><\/td>\n<\/tr>\n<tr>\n<td style=\"width: 136px\"><span style=\"font-size:16px\">Diamant Gewicht<\/span><\/td>\n<td style=\"width: 434px\"><span style=\"font-size:16px\">0.23ct<\/span><\/td>\n<\/tr>\n<\/tbody>\n<\/table>\n<p>&nbsp;<\/p>\n<p><span style=\"font-size:16px\"><strong><span style=\"font-family:arial,helvetica,sans-serif\"><span>Produkt anzeigen:<\/span><\/span><\/strong><\/span><\/p>\n<p><span style=\"font-size:16px\"><img decoding=\"async\" src=\"https:\/\/www.gold-jewellerys.com\/test\/gold-jewellerys.com\/photo\/pl37727129-remark.jpg\"><\/span><\/p>\n<p><span style=\"font-size:16px\"><strong>Angaben zur Produktion :<\/strong><\/span><\/p>\n<p><span style=\"font-size:16px\">Diese feine Diamant zierliche Band Ring verf\u00fcgt \u00fcber eine GIA zertifiziert der Mitte Diamant.<\/span><\/p>\n<p><span style=\"font-size:16px\">&#8211; 100% Eye Clean and no visible inclusion&nbsp;to the naked eye.<\/span><\/p>\n<p><span style=\"font-size:16px\">&#8211; 100% Natural Diamond.<\/span><\/p>\n<p><span style=\"font-size:16px\">&#8211; 100% White &amp; Sparkly (Full of life) .<\/span><\/p>\n<p><span style=\"font-size:16px\">&#8211; Our stones are NOT hazy or milky at all.<\/span><\/p>\n<p>&nbsp;<\/p>\n<p><span style=\"font-size:16px\"><span style=\"font-family:arial,helvetica,sans-serif\">1: Karat Diamantring<\/span><\/span><\/p>\n<p><span style=\"font-size:16px\"><span style=\"font-family: arial, helvetica, sans-serif\">2: Diamant-Reinheit&nbsp;<\/span>Bewertung&nbsp;<span style=\"font-family: arial, helvetica, sans-serif\">: VS1<\/span><\/span><\/p>\n<p><span style=\"font-size:16px\"><span style=\"font-family:arial,helvetica,sans-serif\">3: Farbe des Diamanten <\/span>Bewertung <span style=\"font-family:arial,helvetica,sans-serif\">: G-H<\/span><\/span><\/p>\n<p><span style=\"font-size:16px\"><span style=\"font-family:arial,helvetica,sans-serif\">4: Diamantschliff: Rundschliff<\/span><\/span><\/p>\n<p><span style=\"font-size:16px\"><span style=\"font-family:arial,helvetica,sans-serif\">5: Material :&nbsp;14K&nbsp;Gold&nbsp;<\/span><\/span><\/p>\n<p><span style=\"font-size:16px\"><span style=\"font-family: arial, helvetica, sans-serif\">6: Alle Edelstein-Karat-Gewichte (ct.), falls angegeben, sind ungef\u00e4hre Angaben; die Abweichung kann 0,05 Karat betragen.<\/span><\/span><\/p>\n<p><span style=\"font-size:16px\"><span style=\"font-family: arial, helvetica, sans-serif\">7: Die Fotos k\u00f6nnen vergr\u00f6\u00dfert und \/ oder verbessert worden sein.<\/span><\/span><\/p>\n<p>&nbsp;<\/p>\n<p><span style=\"font-size:16px\"><strong>Warum uns w\u00e4hlen:<\/strong><\/span><\/p>\n<p><span style=\"font-size:16px\">1: K-Gold hat etwa 21 Jahre Erfahrung im Schmuckbereich und 17 Jahre Produktionserfahrung.<\/span><\/p>\n<p><span style=\"font-size:16px\">2: Das Ziel von K-gold ist es, den Kunden die richtigen Produkte zum richtigen Preis und zur richtigen Zeit zu liefern.<\/span><\/p>\n<p><span style=\"font-size:16px\">3: F\u00fcr kundenspezifische Artikel k\u00f6nnen Sie CAD am gleichen Tag oder am n\u00e4chsten Tag erhalten, um die Daten vor der Bestellung zu best\u00e4tigen.<\/span><\/p>\n<p><span style=\"font-size:16px\">4: Also our the professional R &amp; D team to ensure that our products are constantly updated and ahead of the industry. So we have more than 3000 different designs and more then 46 collections can meet of different market requests.<\/span><\/p>\n<p><span style=\"font-size:16px\">5: Wir verf\u00fcgen \u00fcber ein leistungsf\u00e4higes Kundendienstteam, das den gesamten Verkaufsprozess im Auge beh\u00e4lt und Ihnen bei allen Fragen hilft, vom CAD-Entwurf bis zur Lieferung.<\/span><\/p>\n<p>&nbsp;<\/p>\n<p><span style=\"font-size:16px\"><strong>K-Gold Werksservice:<\/strong><\/span><\/p>\n<p><span style=\"font-size:16px\"><img decoding=\"async\" alt=\"Round 14k Yellow Gold Wedding Band , 1.8mm-2.5mm Natural Diamond Ring 1\" src=\"https:\/\/www.gold-jewellerys.com\/photo\/gold-jewellerys\/editor\/20211229104455_64536.jpg\"><img decoding=\"async\" alt=\"Round 14k Yellow Gold Wedding Band , 1.8mm-2.5mm Natural Diamond Ring 2\" src=\"https:\/\/www.gold-jewellerys.com\/photo\/gold-jewellerys\/editor\/20211229104512_70261.png\"><\/span><\/p>\n<p>&nbsp;<\/p>\n<p><span style=\"font-size:16px\"><strong>FAQ:<\/strong><\/span><\/p>\n<p><span style=\"font-size:16px\">1: Wie k\u00f6nnen wir den Preis erfahren?<\/span><\/p>\n<p><span style=\"font-size:16px\">Wir begr\u00fc\u00dfen Sie, um uns auf whatsapp zu kontaktieren. Senden Sie uns einfach die Bilder der Elemente, die Sie wollen, dann werden wir Ihnen die Preise so bald wie m\u00f6glich.<\/span><\/p>\n<p>&nbsp;<\/p>\n<p><span style=\"font-size:16px\">Ansprechpartnerin: Cherry Lee<br \/>\nWhatsApp: +86-18520267369 \/ Tell:+8618520267369<br \/>\nE-Mail:<br \/>\nWebsite:<\/span><\/p>\n<p>&nbsp;<\/p>\n<p><span style=\"font-size:16px\">2: How long to prepare an order?<\/span><\/p>\n<p><span style=\"font-size:16px\">Wir brauchen immer Produktion und die Vorbereitungszeit betr\u00e4gt etwa 10-15 Tage.<\/span><\/p>\n<p>&nbsp;<\/p>\n<p><span style=\"font-size:16px\">3: What is more expensive, 14k or 18k gold?<\/span><\/p>\n<p><span style=\"font-size:16px\">18k gold is more expensive than 14k gold, by a few hundred dollars depending on the type of setting you choose. A 14k halo setting will cost you more than a 14k solitaire setting.<\/span><\/p>\n<p>&nbsp;<\/p>\n<p><span style=\"font-size:16px\">4: How to care for 14k gold jewelry?<\/span><\/p>\n<p><span style=\"font-size:16px\">Please avoid handling harsh chemicals (like chlorine or bleach), remove your rings during high impact sports or activities, and take your ring to get professionally cleaned once a year.<\/span><\/p>\n<p>&nbsp;<\/p>\n<p><span style=\"font-size:16px\">5: Are you factory or wholesaler or trading company?<\/span><\/p>\n<p><span style=\"font-size:16px\">We usually ship by DHL\/Fedex\/EMS\/UPS and so on,shipping time is about 2~7days.<\/span><\/p>\n<p>&nbsp;<\/p>\n<p><span style=\"font-size:16px\"><span style=\"font-family:arial,helvetica,sans-serif\">6: <\/span>Kann ich unser eigenes Design haben?<span style=\"font-family:arial,helvetica,sans-serif\"> <\/span><\/span><\/p>\n<p><span style=\"font-size:16px\">Kein Problem k\u00f6nnen Sie, unser Designer wird nach Ihrem Bild oder Ideen zu zeichnen \/ Design Bild. Das Produkt wird die Produktion arrangieren, wenn Sie best\u00e4tigen.<\/span><\/p><\/p>","protected":false},"excerpt":{"rendered":"<br \/>\n<table class=\"tables data\" width=\"100%\" border=\"0\" cellpadding=\"0\" cellspacing=\"0\">\n<tbody>\n<tr>\n<th width=\"35%\">Ort der Herkunft:<\/th>\n<td>China<\/td>\n<\/tr>\n<tr>\n<th width=\"35%\">Markenname:<\/th>\n<td>K-Gold-Schmuck<\/td>\n<\/tr>\n<tr>\n<th width=\"35%\">Zertifizierung:<\/th>\n<td>Schmuck-Zertifikat<\/td>\n<\/tr>\n<tr>\n<th width=\"35%\">Modellnummer:<\/th>\n<td>KD136R<\/td>\n<\/tr>\n<\/tbody>\n<\/table>\n<p>                                                                            <span class=\"title_s\">Zahlungs- und Versandbedingungen:<\/span>                            <\/p>\n<table class=\"tables data\" width=\"100%\" border=\"0\" cellpadding=\"0\" cellspacing=\"0\">\n<tbody>\n<tr>\n<th width=\"35%\" nowrap=\"nowrap\">Mindestbestellmenge:<\/th>\n<td>3<\/td>\n<\/tr>\n<tr>\n<th width=\"35%\" nowrap=\"nowrap\">Preis:<\/th>\n<td>Verhandlungsf\u00e4hig<\/td>\n<\/tr>\n<tr>\n<th width=\"35%\" nowrap=\"nowrap\">Einzelheiten zur Verpackung:<\/th>\n<td>Standardm\u00e4\u00dfig dicker PP-Beutel<\/td>\n<\/tr>\n<tr>\n<th width=\"35%\" nowrap=\"nowrap\">Lieferfrist:<\/th>\n<td>5-15 Arbeitstage<\/td>\n<\/tr>\n<tr>\n<th width=\"35%\" nowrap=\"nowrap\">Zahlungsbedingungen:<\/th>\n<td>T\/T, Western Union<\/td>\n<\/tr>\n<tr>\n<th width=\"35%\" nowrap=\"nowrap\">Lieferf\u00e4higkeit:<\/th>\n<td>2000St\u00fcck\/Monat<\/td>\n<\/tr>\n<\/tbody>\n<\/table>\n<p>                                                                                                                                \", \"countrycode\": \"US\"}\");' class=\"btn contact_btn\" style=\"display: inline-block;background:#ff771c url(\/images\/css-sprite.png) -260px -214px;color:#fff;padding:0 13px 0 33px;width:auto;height:25px;line-height:26px;border:0;font-size:13px;border-radius:4px;font-weight:bold;text-decoration:none;\"&gt;<\/p>","protected":false},"featured_media":1126,"comment_status":"closed","ping_status":"closed","template":"","meta":{"_gspb_post_css":""},"product_brand":[],"product_cat":[16],"product_tag":[],"class_list":{"0":"post-1128","1":"product","2":"type-product","3":"status-publish","4":"has-post-thumbnail","6":"product_cat-solid-gold-jewellery","8":"first","9":"instock","10":"shipping-taxable","11":"product-type-simple"},"aioseo_notices":[],"_links":{"self":[{"href":"https:\/\/dearjewelry.site\/de\/wp-json\/wp\/v2\/product\/1128","targetHints":{"allow":["GET"]}}],"collection":[{"href":"https:\/\/dearjewelry.site\/de\/wp-json\/wp\/v2\/product"}],"about":[{"href":"https:\/\/dearjewelry.site\/de\/wp-json\/wp\/v2\/types\/product"}],"replies":[{"embeddable":true,"href":"https:\/\/dearjewelry.site\/de\/wp-json\/wp\/v2\/comments?post=1128"}],"wp:featuredmedia":[{"embeddable":true,"href":"https:\/\/dearjewelry.site\/de\/wp-json\/wp\/v2\/media\/1126"}],"wp:attachment":[{"href":"https:\/\/dearjewelry.site\/de\/wp-json\/wp\/v2\/media?parent=1128"}],"wp:term":[{"taxonomy":"product_brand","embeddable":true,"href":"https:\/\/dearjewelry.site\/de\/wp-json\/wp\/v2\/product_brand?post=1128"},{"taxonomy":"product_cat","embeddable":true,"href":"https:\/\/dearjewelry.site\/de\/wp-json\/wp\/v2\/product_cat?post=1128"},{"taxonomy":"product_tag","embeddable":true,"href":"https:\/\/dearjewelry.site\/de\/wp-json\/wp\/v2\/product_tag?post=1128"}],"curies":[{"name":"wp","href":"https:\/\/api.w.org\/{rel}","templated":true}]}}