{"id":2460,"date":"2025-07-13T10:26:16","date_gmt":"2025-07-13T10:26:16","guid":{"rendered":"https:\/\/dearjewelry.site\/product\/oem-cushion-cut-halo-wedding-ring-set-with-66pcs-1-2ct-diamond\/"},"modified":"2025-07-13T10:26:16","modified_gmt":"2025-07-13T10:26:16","slug":"oem-cushion-cut-halo-wedding-ring-set-with-66pcs-1-2ct-diamond","status":"publish","type":"product","link":"https:\/\/dearjewelry.site\/de\/produkt\/oem-cushion-cut-halo-wedding-ring-set-with-66pcs-1-2ct-diamond\/","title":{"rendered":"OEM Cushion Cut Halo Ehering Set mit 66 St\u00fcck 1,2ct Diamant"},"content":{"rendered":"<h2>OEM Cushion Cut Halo Ehering Set mit 66 St\u00fcck 1,2ct Diamant<\/h2>\n<p> Beschreibung<\/p>\n<table cellpadding=\"0\" cellspacing=\"0\" class=\"details_table\">\n<tbody>\n<tr>\n<th>Logo:<\/th>\n<td>Accept Customer&#8217;s Logo,laser Any Logo You Need,available,Custom Logo,Welcome<\/td>\n<th>Geschlecht:<\/th>\n<td>Women&#8217;s,Unisex,Children&#8217;s<\/td>\n<\/tr>\n<tr class=\"bg_gray\">\n<th>Main Stone Cutting:<\/th>\n<td>Cushion Cut<\/td>\n<th>Jewelry Main Material:<\/th>\n<td>18K Gold<\/td>\n<\/tr>\n<tr>\n<th>Hauptstein:<\/th>\n<td>Naturdiamant\/Labordiamant<\/td>\n<th>Die Form:<\/th>\n<td>Cushion Cut<\/td>\n<\/tr>\n<tr class=\"bg_gray\">\n<th>Setting:<\/th>\n<td>Einstellung der Klaue<\/td>\n<th>Anpassen:<\/th>\n<td>Verf\u00fcgbar Anpassen<\/td>\n<\/tr>\n<tr>\n<th>Gold Farbe:<\/th>\n<td>White Gold \/ Yellow Gold \/ Rose Gold<\/td>\n<th>Anlass:<\/th>\n<td>Jahrestag, Verlobung, Geschenk, Party, Hochzeit<\/td>\n<\/tr>\n<tr class=\"bg_gray\">\n<th colspan=\"1\">Helles Licht:<\/th>\n<td colspan=\"3\">\n<h2 style='font-weight: bold;font-size: 14px'>1.2ct Cushion Cut Halo Wedding Ring Set<\/h2>\n<p>, <\/p>\n<h2 style='font-weight: bold;font-size: 14px'>OEM Cushion Cut Halo Wedding Ring Set<\/h2>\n<p>, <\/p>\n<h2 style='font-weight: bold;font-size: 14px'>66pcs Cushion Cut Wedding Ring Set<\/h2>\n<\/td>\n<\/tr>\n<\/tbody>\n<\/table>\n<p><p><span style=\"font-size:16px\"><span style=\"font-family:arial,helvetica,sans-serif\">Beschreibung des Produkts:<\/span><\/span><\/p>\n<p><span style=\"font-size:16px\"><strong>18K Rose Gold Ring Diamond Cushion Cut Halo Wedding Rings Set Gorgeous Jewelry<\/strong><\/span><\/p>\n<table border=\"1\" cellpadding=\"0\" cellspacing=\"0\" style=\"width: 576px\">\n<tbody>\n<tr>\n<td style=\"width: 126px\"><span style=\"font-size:16px\"><span style=\"font-family:arial,helvetica,sans-serif\">Artikel Nr.<\/span><\/span><\/td>\n<td style=\"width: 444px\"><span style=\"font-size:16px\"><span style=\"font-family:arial,helvetica,sans-serif\">&nbsp;KD188R<\/span><\/span><\/td>\n<\/tr>\n<tr>\n<td style=\"width: 126px\"><span style=\"font-size:16px\"><span style=\"font-family:arial,helvetica,sans-serif\">Produktname<\/span><\/span><\/td>\n<td style=\"width: 444px\"><span style=\"font-size:16px\"><span style=\"font-family:arial,helvetica,sans-serif\">&nbsp;<\/span>18K Rose Gold Ring<\/span><\/td>\n<\/tr>\n<tr>\n<td style=\"width: 126px\"><span style=\"font-size:16px\"><span style=\"font-family:arial,helvetica,sans-serif\">Stil<\/span><\/span><\/td>\n<td style=\"width: 444px\"><span style=\"font-size:16px\"><span style=\"font-family:arial,helvetica,sans-serif\">&nbsp;Custom<\/span><\/span><\/td>\n<\/tr>\n<tr>\n<td style=\"width: 126px\"><span style=\"font-size:16px\"><span style=\"font-family:arial,helvetica,sans-serif\">Material<\/span><\/span><\/td>\n<td style=\"width: 444px\"><span style=\"font-size:16px\"><span style=\"font-family:arial,helvetica,sans-serif\">&nbsp;18K Gold<\/span><\/span><\/td>\n<\/tr>\n<tr>\n<td style=\"width: 126px\"><span style=\"font-size:16px\"><span style=\"font-family:arial,helvetica,sans-serif\">Einstellung Typ<\/span><\/span><\/td>\n<td style=\"width: 444px\"><span style=\"font-size:16px\"><span style=\"font-family:arial,helvetica,sans-serif\">&nbsp;Zinkeneinstellung<\/span><\/span><\/td>\n<\/tr>\n<tr>\n<td style=\"width: 126px\"><span style=\"font-size:16px\"><span style=\"font-family:arial,helvetica,sans-serif\">Geschlecht<\/span><\/span><\/td>\n<td style=\"width: 444px\"><span style=\"font-size:16px\"><span style=\"font-family:arial,helvetica,sans-serif\">&nbsp;Frauen,Damen,Paare,Junge M\u00e4dchen<\/span><\/span><\/td>\n<\/tr>\n<tr>\n<td style=\"width: 126px\"><span style=\"font-size:16px\"><span style=\"font-family:arial,helvetica,sans-serif\">Winziger Stein<\/span><\/span><\/td>\n<td style=\"width: 444px\"><span style=\"font-size:16px\"><span style=\"font-family:arial,helvetica,sans-serif\">&nbsp;Natural Diamond\/Lab Diamond\/Mossianite\/All gems<\/span><\/span><\/td>\n<\/tr>\n<tr>\n<td style=\"width: 126px\"><span style=\"font-size:16px\"><span style=\"font-family:arial,helvetica,sans-serif\">Hauptstein<\/span><\/span><\/td>\n<td style=\"width: 444px\"><span style=\"font-size:16px\"><span style=\"font-family:arial,helvetica,sans-serif\">&nbsp;Nat\u00fcrlicher Diamant<\/span><\/span><\/td>\n<\/tr>\n<tr>\n<td style=\"width: 126px\"><span style=\"font-size:16px\"><span style=\"font-family:arial,helvetica,sans-serif\">Dimension<\/span><\/span><\/td>\n<td style=\"width: 444px\"><span style=\"font-size:16px\"><span style=\"font-family:arial,helvetica,sans-serif\">&nbsp;Cusion Cut<\/span><\/span><\/td>\n<\/tr>\n<tr>\n<td style=\"width: 126px\"><span style=\"font-size:16px\"><span style=\"font-family:arial,helvetica,sans-serif\">Anlass<\/span><\/span><\/td>\n<td style=\"width: 444px\"><span style=\"font-size:16px\"><span style=\"font-family:arial,helvetica,sans-serif\">&nbsp;Jahrestag, Verlobung, Geschenk, Party, Hochzeit<\/span><\/span><\/td>\n<\/tr>\n<tr>\n<td style=\"width: 126px\"><span style=\"font-size:16px\"><span style=\"font-family:arial,helvetica,sans-serif\">Ringgr\u00f6\u00dfe<\/span><\/span><\/td>\n<td style=\"width: 444px\"><span style=\"font-size:16px\"><span style=\"font-family:arial,helvetica,sans-serif\">&nbsp;Jede Gr\u00f6\u00dfe erh\u00e4ltlich #4,#5,#6,#7,#8,#9,#10,#11,#12<\/span><\/span><\/td>\n<\/tr>\n<\/tbody>\n<\/table>\n<p>&nbsp;<\/p>\n<p><span style=\"font-size:16px\"><span style=\"font-family:arial,helvetica,sans-serif\">Angaben zur Produktion:<\/span><\/span><\/p>\n<p><span style=\"font-family:arial,helvetica,sans-serif\"><span style=\"font-size:16px\">Tiny Diamond Informationen:<br \/>\nNumber of Diamonds: 66pcs<br \/>\nTotal Carat Weight:4.6ct<br \/>\nDurchschnittliche Farbe: G-H<br \/>\nAverage Clarity: SI1\/SI2\/VS1 Customize Request<br \/>\nAverage Cut: Extremely good<br \/>\nFassung Typ: Prong-Fassung<\/span><\/span><\/p>\n<p>\n<span style=\"font-family:arial,helvetica,sans-serif\"><span style=\"font-size:16px\">Main Stone Information: Natural diamond\/Lab Diamond<br \/>\nTotal Carat Weight: 1.2ct diamond<br \/>\nSize: CT 8*7 MM for main stone<\/span><\/span><\/p>\n<p>&nbsp;<\/p>\n<p>\n<span style=\"font-size:16px\"><span style=\"font-family:arial,helvetica,sans-serif\">Warum uns w\u00e4hlen:<br \/>\n1: K-Gold hat etwa 21 Jahre Erfahrung im Schmuckbereich und 17 Jahre Produktionserfahrung.<br \/>\n2: Auch unser professionelles F &amp; E-Team, um sicherzustellen, dass unsere Produkte st\u00e4ndig aktualisiert werden und vor der Industrie. So haben wir mehr als 3000 verschiedene Entw\u00fcrfe und mehr dann 46 Sammlungen k\u00f6nnen von verschiedenen Marktanforderung treffen.<br \/>\n3: F\u00fcr kundenspezifische Artikel k\u00f6nnen Sie CAD am gleichen Tag oder am n\u00e4chsten Tag erhalten, um die Daten vor der Bestellung zu best\u00e4tigen.<br \/>\n4: Das Ziel von K-gold ist es, den Kunden die richtigen Produkte zum richtigen Preis anzubieten und rechtzeitig zu liefern.<br \/>\n5: Wir haben ein leistungsf\u00e4higes Kundendienstteam, das den gesamten Verkaufsprozess im Auge beh\u00e4lt und Ihnen bei allen Fragen hilft, vom CAD-Entwurf bis zur Lieferung.<br \/>\nK-Gold Werksservice:<\/span><\/span><br \/>\n<img decoding=\"async\" src=\"https:\/\/www.gold-jewellerys.com\/test\/gold-jewellerys.com\/photo\/pl36123473-remark.jpg\"><\/p>\n<p><img decoding=\"async\" src=\"https:\/\/www.gold-jewellerys.com\/test\/gold-jewellerys.com\/photo\/pl36123376-remark.jpg\"><\/p>\n<p>&nbsp;<\/p>\n<p>&nbsp;<\/p>\n<p>FAQ:<\/p>\n<p>1: F: Wie kann sich der Liefertermin f\u00fcr individuelle Bestellungen \u00e4ndern?<\/p>\n<p>&nbsp; &nbsp; A: Die meisten Bestellungen werden p\u00fcnktlich versandt, in seltenen F\u00e4llen kann sich die Lieferung der Artikel leicht verz\u00f6gern. Sie k\u00f6nnen unseren Kundenservice per Telefon oder Chat kontaktieren, um das voraussichtliche Lieferdatum zu erfahren.<\/p>\n<p>&nbsp;<\/p>\n<p>2: Q: Do you offer custom jewelry? Can I customize a jewelry piece?<br \/>\n&nbsp; &nbsp; A: Yes, you can send your design and we will make it for you (additional fees may apply). All our designs can be made of any metal, size, carat&nbsp; &nbsp; &nbsp; weight, and any stone you need can be made.<\/p>\n<p>&nbsp;<\/p>\n<p>3: F: Wie kann ich meine Bestellung bezahlen?<\/p>\n<p>&nbsp; &nbsp; A: Please tell me your order then we will tell you the item price, shipping fee and original box fee and total amount. You can make payment by&nbsp; &nbsp; &nbsp; &nbsp;Western Union \/ T\/T , Or Payoneer, We will process and ship out your order asap after payment made.<\/p>\n<p>&nbsp;<\/p>\n<p>4: F: Kann ich ein Zertifikat erhalten?<\/p>\n<p>&nbsp; &nbsp; A: Ja, es gibt die zertifizierte, wenn Sie brauchen und Preis wird nicht die Geb\u00fchr enthalten. Der Diamant dort GIA-zertifiziert oder ohne es nur<\/p>\n<p>&nbsp; &nbsp;Lassen Sie es mich wissen, denn es gibt Preisunterschiede.<\/p>\n<p>&nbsp;<\/p>\n<p>5. Q: How long can received my goods?<\/p>\n<p>&nbsp; &nbsp; A: Bestellung wird immer nach der Anzahlung \u00fcber Ihre Bestellung bearbeitet. Making Zeit 2-10 Arbeitstage je nach Design Verarbeitung<\/p>\n<p>&nbsp; &nbsp; Schwierigkeit, plus 3-7 Tage Versandzeit Expressversandmethode in alle fo der Welt.<\/p>\n<p>&nbsp;<\/p>\n<p>6: Q: Do you make jewellry for personal buyer or only for wholesaler?<br \/>\n&nbsp; &nbsp; A: Actually we are make the whole sale to who sale to online or have your own shop for original designs , for the brand jewelry allowed the&nbsp; &nbsp; &nbsp; &nbsp; &nbsp; &nbsp; personal buyer too. You can order fine quality brand jewelry for your family, friends and yourself at factory prices. Even it will be great if you are&nbsp; &nbsp; &nbsp; a jewelry re-seller. We will provide free shipping and free original brand boxes if you can order many items each time. More quantity then best&nbsp; &nbsp; &nbsp; &nbsp; price .<\/p>\n<p style=\"padding: 0px;border: 0px\">\n&nbsp;<\/p><\/p>","protected":false},"excerpt":{"rendered":"<br \/>\n<table class=\"tables data\" width=\"100%\" border=\"0\" cellpadding=\"0\" cellspacing=\"0\">\n<tbody>\n<tr>\n<th width=\"35%\">Ort der Herkunft:<\/th>\n<td>China<\/td>\n<\/tr>\n<tr>\n<th width=\"35%\">Markenname:<\/th>\n<td>K-Gold-Schmuck<\/td>\n<\/tr>\n<tr>\n<th width=\"35%\">Zertifizierung:<\/th>\n<td>Schmuck-Zertifikat<\/td>\n<\/tr>\n<tr>\n<th width=\"35%\">Modellnummer:<\/th>\n<td>KD188R<\/td>\n<\/tr>\n<\/tbody>\n<\/table>\n<p>                                                                            <span class=\"title_s\">Zahlungs- und Versandbedingungen:<\/span>                            <\/p>\n<table class=\"tables data\" width=\"100%\" border=\"0\" cellpadding=\"0\" cellspacing=\"0\">\n<tbody>\n<tr>\n<th width=\"35%\" nowrap=\"nowrap\">Mindestbestellmenge:<\/th>\n<td>3<\/td>\n<\/tr>\n<tr>\n<th width=\"35%\" nowrap=\"nowrap\">Preis:<\/th>\n<td>Verhandlungsf\u00e4hig<\/td>\n<\/tr>\n<tr>\n<th width=\"35%\" nowrap=\"nowrap\">Einzelheiten zur Verpackung:<\/th>\n<td>Standard dicke PP Tasche, Marke wird mit Marke kommen Verpackung<\/td>\n<\/tr>\n<tr>\n<th width=\"35%\" nowrap=\"nowrap\">Lieferfrist:<\/th>\n<td>5-15 Arbeitstage<\/td>\n<\/tr>\n<tr>\n<th width=\"35%\" nowrap=\"nowrap\">Zahlungsbedingungen:<\/th>\n<td>T\/T, Western Union<\/td>\n<\/tr>\n<tr>\n<th width=\"35%\" nowrap=\"nowrap\">Lieferf\u00e4higkeit:<\/th>\n<td>2000St\u00fcck\/Monat<\/td>\n<\/tr>\n<\/tbody>\n<\/table>","protected":false},"featured_media":2456,"comment_status":"closed","ping_status":"closed","template":"","meta":{"_gspb_post_css":""},"product_brand":[],"product_cat":[21],"product_tag":[],"class_list":{"0":"post-2460","1":"product","2":"type-product","3":"status-publish","4":"has-post-thumbnail","6":"product_cat-sea-life-jewelry","8":"first","9":"instock","10":"shipping-taxable","11":"product-type-simple"},"aioseo_notices":[],"_links":{"self":[{"href":"https:\/\/dearjewelry.site\/de\/wp-json\/wp\/v2\/product\/2460","targetHints":{"allow":["GET"]}}],"collection":[{"href":"https:\/\/dearjewelry.site\/de\/wp-json\/wp\/v2\/product"}],"about":[{"href":"https:\/\/dearjewelry.site\/de\/wp-json\/wp\/v2\/types\/product"}],"replies":[{"embeddable":true,"href":"https:\/\/dearjewelry.site\/de\/wp-json\/wp\/v2\/comments?post=2460"}],"wp:featuredmedia":[{"embeddable":true,"href":"https:\/\/dearjewelry.site\/de\/wp-json\/wp\/v2\/media\/2456"}],"wp:attachment":[{"href":"https:\/\/dearjewelry.site\/de\/wp-json\/wp\/v2\/media?parent=2460"}],"wp:term":[{"taxonomy":"product_brand","embeddable":true,"href":"https:\/\/dearjewelry.site\/de\/wp-json\/wp\/v2\/product_brand?post=2460"},{"taxonomy":"product_cat","embeddable":true,"href":"https:\/\/dearjewelry.site\/de\/wp-json\/wp\/v2\/product_cat?post=2460"},{"taxonomy":"product_tag","embeddable":true,"href":"https:\/\/dearjewelry.site\/de\/wp-json\/wp\/v2\/product_tag?post=2460"}],"curies":[{"name":"wp","href":"https:\/\/api.w.org\/{rel}","templated":true}]}}