{"id":2591,"date":"2025-07-13T10:27:05","date_gmt":"2025-07-13T10:27:05","guid":{"rendered":"https:\/\/dearjewelry.site\/product\/1puzzled-sparkling-dolphin-necklace-and-earrings-set-charming-necklace-and-earring-set-ocean\/"},"modified":"2025-07-13T10:27:05","modified_gmt":"2025-07-13T10:27:05","slug":"1puzzled-sparkling-dolphin-necklace-and-earrings-set-charming-necklace-and-earring-set-ocean","status":"publish","type":"product","link":"https:\/\/dearjewelry.site\/de\/produkt\/1puzzled-sparkling-dolphin-necklace-and-earrings-set-charming-necklace-and-earring-set-ocean\/","title":{"rendered":"1Puzzled Sparkling Dolphin Necklace and Earrings Set Charming Necklace and Earring Set &#8211; Ocean"},"content":{"rendered":"<h2>1Puzzled Sparkling Dolphin Necklace and Earrings Set Charming Necklace and Earring Set &#8211; Ocean<\/h2>\n<p> Beschreibung<\/p>\n<table cellpadding=\"0\" cellspacing=\"0\" class=\"details_table\">\n<tbody>\n<tr>\n<th>Anlass:<\/th>\n<td>Gift,Engagement,Party,<\/td>\n<th>Logo:<\/th>\n<td>Custom Logo<\/td>\n<\/tr>\n<tr class=\"bg_gray\">\n<th>Stone Sutting:<\/th>\n<td>Common Prong Setting Earrings<\/td>\n<th>Die Form:<\/th>\n<td>Other Shape<\/td>\n<\/tr>\n<tr>\n<th>Jewelry Material:<\/th>\n<td>14K\/18K Yellow Gold<\/td>\n<th>Ring Size:<\/th>\n<td>As You Need  Jewelry Earrings<\/td>\n<\/tr>\n<tr class=\"bg_gray\">\n<th>Geschlecht:<\/th>\n<td>Women&#8217;s,Unisex,Children&#8217;s<\/td>\n<th>Schmuck Typ:<\/th>\n<td>14K\/18k  Yellow Gold Jewelry<\/td>\n<\/tr>\n<tr>\n<th>Stil:<\/th>\n<td>Elegant<\/td>\n<\/tr>\n<\/tbody>\n<\/table>\n<p><p><span style=\"font-size:16px\"><strong><span style=\"font-family:arial,helvetica,sans-serif\">Beschreibung des Produkts:<\/span><\/strong><\/span><\/p>\n<p><span style=\"font-size:16px\"><strong>Puzzled Sparkling Dolphin Necklace and Earrings Set Charming Necklace and Earring Set &#8211; Ocean<\/strong><\/span><\/p>\n<table border=\"1\" cellpadding=\"0\" cellspacing=\"0\" style=\"width: 576px\">\n<tbody>\n<tr>\n<td style=\"width: 126px\"><span style=\"font-size:16px\">Artikel Nr.<\/span><\/td>\n<td style=\"width: 444px\"><span style=\"font-size:16px\">&nbsp;KD820E<\/span><\/td>\n<\/tr>\n<tr>\n<td style=\"width: 126px\"><span style=\"font-size:16px\">Produktname<\/span><\/td>\n<td style=\"width: 444px\"><span style=\"font-size:16px\">&nbsp;<\/span>Puzzled Sparkling Dolphin&nbsp;<span style=\"font-size:16px\">Earrings<\/span><\/td>\n<\/tr>\n<tr>\n<td style=\"width: 126px\"><span style=\"font-size:16px\">Stil<\/span><\/td>\n<td style=\"width: 444px\"><span style=\"font-size:16px\">&nbsp;Designs Custom <\/span>Dolphin&nbsp;<span style=\"font-size:16px\">Earrings<\/span><\/td>\n<\/tr>\n<tr>\n<td style=\"width: 126px\"><span style=\"font-size:16px\">Material<\/span><\/td>\n<td style=\"width: 444px\"><span style=\"font-size:16px\">&nbsp;Sterling Sliver<\/span><\/td>\n<\/tr>\n<tr>\n<td style=\"width: 126px\"><span style=\"font-size:16px\">Einstellung Typ<\/span><\/td>\n<td style=\"width: 444px\"><span style=\"font-family:arial,helvetica,sans-serif\"><span style=\"font-size:16px\">&nbsp;Common Prong Setting<\/span><\/span><\/td>\n<\/tr>\n<tr>\n<td style=\"width: 126px\"><span style=\"font-size:16px\">Geschlecht<\/span><\/td>\n<td style=\"width: 444px\"><span style=\"font-size:16px\">&nbsp;Frauen,Damen,Paare,Junge M\u00e4dchen<\/span><\/td>\n<\/tr>\n<tr>\n<td style=\"width: 126px\"><span style=\"font-size:16px\">Dimension<\/span><\/td>\n<td style=\"width: 444px\"><span style=\"font-size:16px\">&nbsp;<span style=\"font-family:arial,helvetica,sans-serif\">6.43x 4.7x 3.03<\/span>mm&nbsp;Earrings<\/span><\/td>\n<\/tr>\n<tr>\n<td style=\"width: 126px\"><span style=\"font-size:16px\">Anlass<\/span><\/td>\n<td style=\"width: 444px\"><span style=\"font-size:16px\">&nbsp;Jahrestag, Verlobung, Geschenk, Party, Hochzeit<\/span><\/td>\n<\/tr>\n<tr>\n<td style=\"width: 126px\"><span style=\"font-size:16px\">Ringgr\u00f6\u00dfe<\/span><\/td>\n<td style=\"width: 444px\"><span style=\"font-size:16px\">&nbsp;Any size available<\/span><\/td>\n<\/tr>\n<\/tbody>\n<\/table>\n<p>&nbsp;<\/p>\n<p><span style=\"font-size:16px\"><strong>Angaben zur Produktion:<\/strong><\/span><\/p>\n<p>Diamond Information:<br \/>\nDIA:<br \/>\nOV: 6.43&#215;4.7&times; 3.03MM X5(Prong)<br \/>\n18KY: 5.8g<\/p>\n<p>Number of Diamonds: 5pcs<br \/>\nDurchschnittliche Farbe: G-H<br \/>\nAverage Clarity: S11\/SI2\/VS1 Customize Request<br \/>\nAverage Cut:&nbsp;Brilliant Cut<br \/>\nSetting Type: Common Prong Setting<img decoding=\"async\" src=\"https:\/\/www.gold-jewellerys.com\/test\/gold-jewellerys.com\/photo\/pl145420946-remark.jpg\"><br \/>\n<span style=\"font-size:16px\"><span style=\"font-family:arial,helvetica,sans-serif\">Warum uns w\u00e4hlen:<\/span><br \/>\n<span style=\"font-family:arial,helvetica,sans-serif\">1: K-Gold hat etwa 21 Jahre Erfahrung im Schmuckbereich und 17 Jahre Produktionserfahrung.<\/span><br \/>\n<span style=\"font-family:arial,helvetica,sans-serif\">2: Auch unser professionelles F &amp; E-Team, um sicherzustellen, dass unsere Produkte st\u00e4ndig aktualisiert werden und vor der Industrie. So haben wir mehr als 3000 verschiedene Entw\u00fcrfe und mehr dann 46 Sammlungen k\u00f6nnen von verschiedenen Marktanforderung treffen.<\/span><br \/>\n<span style=\"font-family:arial,helvetica,sans-serif\">3: F\u00fcr kundenspezifische Artikel k\u00f6nnen Sie CAD am gleichen Tag oder am n\u00e4chsten Tag erhalten, um die Daten vor der Bestellung zu best\u00e4tigen.<\/span><br \/>\n<span style=\"font-family:arial,helvetica,sans-serif\">4: Das Ziel von K-gold ist es, den Kunden die richtigen Produkte zum richtigen Preis anzubieten und rechtzeitig zu liefern.<\/span><br \/>\n<span style=\"font-family:arial,helvetica,sans-serif\">5: Wir verf\u00fcgen \u00fcber ein leistungsf\u00e4higes Kundendienstteam, das den gesamten Verkaufsprozess im Auge beh\u00e4lt und Ihnen bei allen Fragen hilft, vom CAD-Entwurf bis zur Lieferung.<\/span><br \/>\n<span style=\"font-family:arial,helvetica,sans-serif\">K-Gold Werksservice:<\/span><\/span><br \/>\n&nbsp;<\/p>\n<p>\n<img decoding=\"async\" src=\"https:\/\/www.gold-jewellerys.com\/test\/gold-jewellerys.com\/photo\/pl36219389-remark.jpg\"><br \/>\n&nbsp;<\/p>\n<p><img decoding=\"async\" src=\"https:\/\/www.gold-jewellerys.com\/test\/gold-jewellerys.com\/photo\/pl36219445-remark.jpg\"><\/p>\n<p>FAQ:<\/p>\n<p>1: Q:&nbsp;&nbsp;What is the advantage about your company?<\/p>\n<p>&nbsp; &nbsp; A:&nbsp; Our company has professional team and professional production line.<\/p>\n<p>&nbsp;<\/p>\n<p>2: Q:&nbsp;Can I stamp my own logo? How much does the engraving cost?<br \/>\n&nbsp; &nbsp; A:&nbsp; We provide free engraving letters, if you need to engrave patterns, we may charge $0.6-$2.0 for engraving.<\/p>\n<p>&nbsp;<\/p>\n<p>3: Q:&nbsp;Can the price be negotiated?<\/p>\n<p>&nbsp; &nbsp; A:&nbsp;Yes, more quantity more discounts will be offered, just feel free to contact us.<\/p>\n<p>&nbsp;<\/p>\n<p>4: F: Kann ich ein Zertifikat erhalten?<\/p>\n<p>&nbsp; &nbsp; A: Ja, es gibt die zertifizierte, wenn Sie brauchen und Preis wird nicht die Geb\u00fchr enthalten. Der Diamant dort GIA-zertifiziert oder ohne es nur<\/p>\n<p>&nbsp; &nbsp; Lassen Sie es mich wissen, denn es gibt Preisunterschiede.<\/p>\n<p>&nbsp;<\/p>\n<p>5.&nbsp;Q: Can the price be negotiated?<\/p>\n<p>A: Yes, more quantity more discounts will be offered, just feel free to contact us.<\/p>\n<p>&nbsp;<\/p>\n<p>6. Q: Can i send you the stone and you make the jewelry for us?<\/p>\n<p>&nbsp; &nbsp; A: Yes, you can send us the stone, and we can make the jewelry according to the size of your stone.<\/p><\/p>","protected":false},"excerpt":{"rendered":"<br \/>\n<table class=\"tables data\" width=\"100%\" border=\"0\" cellpadding=\"0\" cellspacing=\"0\">\n<tbody>\n<tr>\n<th width=\"35%\">Ort der Herkunft:<\/th>\n<td>China<\/td>\n<\/tr>\n<tr>\n<th width=\"35%\">Markenname:<\/th>\n<td>K-Gold-Schmuck<\/td>\n<\/tr>\n<tr>\n<th width=\"35%\">Zertifizierung:<\/th>\n<td>Schmuck-Zertifikat<\/td>\n<\/tr>\n<tr>\n<th width=\"35%\">Modellnummer:<\/th>\n<td>KD820E<\/td>\n<\/tr>\n<\/tbody>\n<\/table>\n<p>                                                                            <span class=\"title_s\">Zahlungs- und Versandbedingungen:<\/span>                            <\/p>\n<table class=\"tables data\" width=\"100%\" border=\"0\" cellpadding=\"0\" cellspacing=\"0\">\n<tbody>\n<tr>\n<th width=\"35%\" nowrap=\"nowrap\">Mindestbestellmenge:<\/th>\n<td>3<\/td>\n<\/tr>\n<tr>\n<th width=\"35%\" nowrap=\"nowrap\">Preis:<\/th>\n<td>Verhandlungsf\u00e4hig<\/td>\n<\/tr>\n<tr>\n<th width=\"35%\" nowrap=\"nowrap\">Einzelheiten zur Verpackung:<\/th>\n<td>Standard dicke PP Tasche, Marke wird mit Marke kommen Verpackung<\/td>\n<\/tr>\n<tr>\n<th width=\"35%\" nowrap=\"nowrap\">Lieferfrist:<\/th>\n<td>5-15 Arbeitstage<\/td>\n<\/tr>\n<tr>\n<th width=\"35%\" nowrap=\"nowrap\">Zahlungsbedingungen:<\/th>\n<td>T\/T, Western Union<\/td>\n<\/tr>\n<tr>\n<th width=\"35%\" nowrap=\"nowrap\">Lieferf\u00e4higkeit:<\/th>\n<td>2000St\u00fcck\/Monat<\/td>\n<\/tr>\n<\/tbody>\n<\/table>","protected":false},"featured_media":2585,"comment_status":"closed","ping_status":"closed","template":"","meta":{"_gspb_post_css":""},"product_brand":[],"product_cat":[21],"product_tag":[],"class_list":{"0":"post-2591","1":"product","2":"type-product","3":"status-publish","4":"has-post-thumbnail","6":"product_cat-sea-life-jewelry","8":"first","9":"instock","10":"shipping-taxable","11":"product-type-simple"},"aioseo_notices":[],"_links":{"self":[{"href":"https:\/\/dearjewelry.site\/de\/wp-json\/wp\/v2\/product\/2591","targetHints":{"allow":["GET"]}}],"collection":[{"href":"https:\/\/dearjewelry.site\/de\/wp-json\/wp\/v2\/product"}],"about":[{"href":"https:\/\/dearjewelry.site\/de\/wp-json\/wp\/v2\/types\/product"}],"replies":[{"embeddable":true,"href":"https:\/\/dearjewelry.site\/de\/wp-json\/wp\/v2\/comments?post=2591"}],"wp:featuredmedia":[{"embeddable":true,"href":"https:\/\/dearjewelry.site\/de\/wp-json\/wp\/v2\/media\/2585"}],"wp:attachment":[{"href":"https:\/\/dearjewelry.site\/de\/wp-json\/wp\/v2\/media?parent=2591"}],"wp:term":[{"taxonomy":"product_brand","embeddable":true,"href":"https:\/\/dearjewelry.site\/de\/wp-json\/wp\/v2\/product_brand?post=2591"},{"taxonomy":"product_cat","embeddable":true,"href":"https:\/\/dearjewelry.site\/de\/wp-json\/wp\/v2\/product_cat?post=2591"},{"taxonomy":"product_tag","embeddable":true,"href":"https:\/\/dearjewelry.site\/de\/wp-json\/wp\/v2\/product_tag?post=2591"}],"curies":[{"name":"wp","href":"https:\/\/api.w.org\/{rel}","templated":true}]}}