{"id":6042,"date":"2025-07-13T10:48:58","date_gmt":"2025-07-13T10:48:58","guid":{"rendered":"https:\/\/dearjewelry.site\/product\/real-diamond-semi-mount-jewelry-ring-round-shape-dia-1-6-1-7mm-0-61ct\/"},"modified":"2025-07-13T10:48:58","modified_gmt":"2025-07-13T10:48:58","slug":"real-diamond-semi-mount-jewelry-ring-round-shape-dia-1-6-1-7mm-0-61ct","status":"publish","type":"product","link":"https:\/\/dearjewelry.site\/de\/produkt\/real-diamond-semi-mount-jewelry-ring-round-shape-dia-1-6-1-7mm-0-61ct\/","title":{"rendered":"Real Diamond Semi Mount Schmuck Ring Runde Form Dia 1,6-1,7mm 0,61ct"},"content":{"rendered":"<h2>Real Diamond Semi Mount Schmuck Ring Runde Form Dia 1,6-1,7mm 0,61ct<\/h2>\n<p> Beschreibung<\/p>\n<table cellpadding=\"0\" cellspacing=\"0\" class=\"details_table\">\n<tbody>\n<tr>\n<th>Schmuck Typ:<\/th>\n<td>18k Yellow Gold Semi-Mountings Ring<\/td>\n<th>Farbe:<\/th>\n<td>18K Yellow<\/td>\n<\/tr>\n<tr class=\"bg_gray\">\n<th>Material:<\/th>\n<td>18K Gold<\/td>\n<th>Diamant-Reinheit:<\/th>\n<td>Vs1-Si2<\/td>\n<\/tr>\n<tr>\n<th>Diamond Color:<\/th>\n<td>F-H<\/td>\n<th>MOQ:<\/th>\n<td>2 Pcs<\/td>\n<\/tr>\n<tr class=\"bg_gray\">\n<th>Anpassen:<\/th>\n<td>Verf\u00fcgbar Anpassen<\/td>\n<th>Delivery:<\/th>\n<td>10~15 Business Days<\/td>\n<\/tr>\n<tr>\n<th colspan=\"1\">Helles Licht:<\/th>\n<td colspan=\"3\">\n<h2 style='font-weight: bold;font-size: 14px'>Semi Mount Jewelry 1.6mm<\/h2>\n<p>, <\/p>\n<h2 style='font-weight: bold;font-size: 14px'>Semi Mount Jewelry 1.7mm<\/h2>\n<p>, <\/p>\n<h2 style='font-weight: bold;font-size: 14px'>0.61ct Real Diamond Ring<\/h2>\n<\/td>\n<\/tr>\n<\/tbody>\n<\/table>\n<p><p><span style=\"font-size:16px\"><strong>Produktname:<\/strong>&nbsp;<\/span><\/p>\n<p>&nbsp;<\/p>\n<p><strong><span style=\"font-size:16px\"><span style=\"font-family:arial,helvetica,sans-serif\">18K Yellow Semi Mount Gold Round Shape Engagement Real Diamond Ring<\/span><\/span><\/strong><\/p>\n<table border=\"1\" cellpadding=\"0\" cellspacing=\"0\" style=\"width: 582px\">\n<tbody>\n<tr>\n<td style=\"width: 151px\"><span style=\"font-size:14px\">Artikel Nr.<\/span><\/td>\n<td style=\"width: 422px\"><span style=\"font-size:14px\">K3581R<\/span><\/td>\n<\/tr>\n<tr>\n<td style=\"width: 151px\"><span style=\"font-size:14px\">Produktname<\/span><\/td>\n<td style=\"width: 422px\"><span style=\"font-size:14px\">18k Yellow Semi Mount Diamond Ring&nbsp;<\/span><\/td>\n<\/tr>\n<tr>\n<td style=\"width: 151px\"><span style=\"font-size:14px\">Material<\/span><\/td>\n<td style=\"width: 422px\"><span style=\"font-size:14px\">Solid 18k Yellow Gold Ring<\/span><\/td>\n<\/tr>\n<tr>\n<td style=\"width: 151px\"><span style=\"font-size:14px\">Einstellung Typ<\/span><\/td>\n<td style=\"width: 422px\"><span style=\"font-size:14px\">Zinken Handfassung<\/span><\/td>\n<\/tr>\n<tr>\n<td style=\"width: 151px\"><span style=\"font-size:14px\">Geschlecht<\/span><\/td>\n<td style=\"width: 422px\"><span style=\"font-size:14px\">Ladies\/Women<\/span><\/td>\n<\/tr>\n<tr>\n<td style=\"width: 151px\"><span style=\"font-size:14px\"><span style=\", Helvetica, Arial, sans-serif\">Diamonds Clarity<\/span><\/span><\/td>\n<td style=\"width: 422px\"><span style=\"font-size:14px\">Natural Diamond VS1-SI1<\/span><\/td>\n<\/tr>\n<tr>\n<td style=\"width: 151px\"><span style=\"font-size:14px\">Diamonds number<\/span><\/td>\n<td style=\"width: 422px\"><span style=\"font-size:14px\">Dia1.6&middot;1.7mm 34pcs 0.61ct<\/span><\/td>\n<\/tr>\n<tr>\n<td style=\"width: 151px\"><span style=\"font-size:14px\">Anlass<\/span><\/td>\n<td style=\"width: 422px\"><span style=\"font-size:14px\">Jahrestag, Verlobung, Geschenk, Party, Hochzeit<\/span><\/td>\n<\/tr>\n<tr>\n<td style=\"width: 151px\"><span style=\"font-size:14px\">Ringgr\u00f6\u00dfe<\/span><\/td>\n<td style=\"width: 422px\"><span style=\"font-size:14px\">Any size are available #4~#12 , according your request<\/span><\/td>\n<\/tr>\n<\/tbody>\n<\/table>\n<p><span style=\"font-size:14px\">1: Dia 1.6~1.7mm 34pcs 0.61ct<br \/>\n2: Diamond Color Rating Code: F-H<br \/>\n3: Diamond Clarity Rating Code:Vs1-Si2<br \/>\n4: Diamond Shape: Round<br \/>\n5: Set in 18k White Gold<br \/>\n6: Photo take by phone, the real items of the quality more shine.<br \/>\n7: Almost all gemstones have been treated to enhance their beauty and require special care.<\/span><\/p>\n<p>&nbsp;<\/p>\n<p>About this item:<\/p>\n<p><span style=\"font-size:14px\"><span style=\"font-family:arial,helvetica,sans-serif\">\u200b1:&nbsp;<\/span><\/span><span style=\"font-size:14px\"><span style=\"font-family:arial,helvetica,sans-serif\">High Quality Polished&nbsp;<\/span><\/span><\/p>\n<p><span style=\"font-size:14px\"><span style=\"font-family:arial,helvetica,sans-serif\">2: Brilliant Diamond&nbsp;<\/span><\/span><\/p>\n<p><span style=\"font-size:14px\"><span style=\"font-family:arial,helvetica,sans-serif\">3: About metal Can make 10k ,14k,18k etc&nbsp;<\/span><\/span><\/p>\n<p><span style=\"font-size:14px\">4: About the main stones if&nbsp;you&nbsp;ship to us we can&nbsp;help to set it is fine, and otherwise we only ship the mountings then you will set by yourself.<\/span><\/p>\n<p>&nbsp;<\/p>\n<p>Warum uns w\u00e4hlen:<\/p>\n<p>Das Ziel von K-gold ist es, den Kunden die richtigen Produkte zum richtigen Preis anzubieten und rechtzeitig zu liefern. wir haben ein leistungsf\u00e4higes Kundenservice-Team, das den gesamten Verkaufsprozess im Auge beh\u00e4lt und Ihnen bei allen Fragen hilft, vom CAD-Design bis zur Lieferung.<\/p>\n<p>Es gibt etwa 21 Jahre Erfahrung im Schmuckbereich und 17 Jahre Produktionserfahrung.<\/p>\n<p>&nbsp;<\/p>\n<p>Unser professionelles Forschungs- und Entwicklungsteam sorgt daf\u00fcr, dass unsere Produkte st\u00e4ndig aktualisiert werden und der Branche voraus sind. So haben wir mehr als 30000 verschiedene Designs und mehr als 46 Kollektionen k\u00f6nnen von verschiedenen Marktanfragen erf\u00fcllen. F\u00fcr benutzerdefinierte Elemente k\u00f6nnen Sie CAD am selben Tag oder am n\u00e4chsten Tag erhalten, um die Daten vor der Bestellung Start best\u00e4tigt.<\/p>\n<p>&nbsp;<\/p>\n<p><strong><span style=\"font-size:16px\">&nbsp;K Gold process:&nbsp;<\/span><\/strong><\/p>\n<p><img decoding=\"async\" src=\"https:\/\/www.gold-jewellerys.com\/test\/gold-jewellerys.com\/photo\/pl36932973-remark.jpg\"><img decoding=\"async\" src=\"https:\/\/www.gold-jewellerys.com\/test\/gold-jewellerys.com\/photo\/pl36932971-remark.jpg\"><img decoding=\"async\" src=\"https:\/\/www.gold-jewellerys.com\/test\/gold-jewellerys.com\/photo\/pl36932968-remark.jpg\"><\/p>\n<p>&nbsp;<\/p>\n<p><span style=\"font-size:14px\">Ansprechpartnerin: Nancy lee<br \/>\nWhatsApp: +86-18520267369 \/ Tell:+8618520267369<br \/>\nE-Mail: nancy@gzkgold.com<br \/>\nWebsite:<\/span><\/p>\n<p>&nbsp;<\/p>\n<p>FAQ:<\/p>\n<p>Q1:What about your diamonds quality?<\/p>\n<p>A: We always used VS,SI G-H natural diamonds, If you want change to VVS also are availabe,we can quote you exact price accoring your request.<\/p>\n<p>&nbsp;<\/p>\n<p>Q2: K\u00f6nnen Sie mein Logo anpassen?<br \/>\nA: Ja, absolut k\u00f6nnen Sie, bitte senden Sie uns Ihr LOGO, wir werden frei, es zu unterzeichnen. F\u00fcr Markenschmuck immer mit Orginal-Logo,<\/p>\n<p>und wenn Sie etwas Besonderes brauchen, lassen Sie es mich einfach wissen.<\/p>\n<p>&nbsp;<\/p>\n<p>Q3: Can I order 9K or 10K gold instead of 18K?<\/p>\n<p>A: Yes, sure you can, The MOQ only 5 pcs for 9K or 10k jewelry.<\/p>\n<p>&nbsp;<\/p>\n<p>F4: Kann ich ein Zertifikat erhalten?<\/p>\n<p>A: Ja, es gibt die zertifizierte, wenn Sie brauchen und Preis wird nicht die Geb\u00fchr enthalten. Der Diamant dort GIA-zertifiziert oder ohne es nur<\/p>\n<p>Lassen Sie es mich wissen, denn es gibt Preisunterschiede.<\/p>\n<p>&nbsp;<\/p>\n<p>Q5: What About the production lead time?<\/p>\n<p>A:After design and stone details are confirmed, it takes approx. 12~15 working days for production.<\/p>\n<p>&nbsp;<\/p>\n<p>Q6: Can I get better price if I am a wholsale buyer ?<\/p>\n<p>A5: We can offer you extra discount depends on your order. For more detail price please make an inquiry.<\/p><\/p>","protected":false},"excerpt":{"rendered":"<br \/>\n<table class=\"tables data\" width=\"100%\" border=\"0\" cellpadding=\"0\" cellspacing=\"0\">\n<tbody>\n<tr>\n<th width=\"35%\">Ort der Herkunft:<\/th>\n<td>China<\/td>\n<\/tr>\n<tr>\n<th width=\"35%\">Markenname:<\/th>\n<td>K-Gold-Schmuck<\/td>\n<\/tr>\n<tr>\n<th width=\"35%\">Zertifizierung:<\/th>\n<td>Schmuck-Zertifikat<\/td>\n<\/tr>\n<tr>\n<th width=\"35%\">Modellnummer:<\/th>\n<td>K3581R<\/td>\n<\/tr>\n<\/tbody>\n<\/table>\n<p>                                                                            <span class=\"title_s\">Zahlungs- und Versandbedingungen:<\/span>                            <\/p>\n<table class=\"tables data\" width=\"100%\" border=\"0\" cellpadding=\"0\" cellspacing=\"0\">\n<tbody>\n<tr>\n<th width=\"35%\" nowrap=\"nowrap\">Mindestbestellmenge:<\/th>\n<td>2<\/td>\n<\/tr>\n<tr>\n<th width=\"35%\" nowrap=\"nowrap\">Preis:<\/th>\n<td>Verhandlungsf\u00e4hig<\/td>\n<\/tr>\n<tr>\n<th width=\"35%\" nowrap=\"nowrap\">Einzelheiten zur Verpackung:<\/th>\n<td>Standard dicke PP Tasche, Marke wird mit Marke kommen Verpackung<\/td>\n<\/tr>\n<tr>\n<th width=\"35%\" nowrap=\"nowrap\">Lieferfrist:<\/th>\n<td>5-15 Arbeitstage<\/td>\n<\/tr>\n<tr>\n<th width=\"35%\" nowrap=\"nowrap\">Zahlungsbedingungen:<\/th>\n<td>T\/T, Western Union<\/td>\n<\/tr>\n<tr>\n<th width=\"35%\" nowrap=\"nowrap\">Lieferf\u00e4higkeit:<\/th>\n<td>2000St\u00fcck\/Monat<\/td>\n<\/tr>\n<\/tbody>\n<\/table>","protected":false},"featured_media":6038,"comment_status":"closed","ping_status":"closed","template":"","meta":{"_gspb_post_css":""},"product_brand":[],"product_cat":[29],"product_tag":[],"class_list":{"0":"post-6042","1":"product","2":"type-product","3":"status-publish","4":"has-post-thumbnail","6":"product_cat-greek-opal-jewelry","8":"first","9":"instock","10":"shipping-taxable","11":"product-type-simple"},"aioseo_notices":[],"_links":{"self":[{"href":"https:\/\/dearjewelry.site\/de\/wp-json\/wp\/v2\/product\/6042","targetHints":{"allow":["GET"]}}],"collection":[{"href":"https:\/\/dearjewelry.site\/de\/wp-json\/wp\/v2\/product"}],"about":[{"href":"https:\/\/dearjewelry.site\/de\/wp-json\/wp\/v2\/types\/product"}],"replies":[{"embeddable":true,"href":"https:\/\/dearjewelry.site\/de\/wp-json\/wp\/v2\/comments?post=6042"}],"wp:featuredmedia":[{"embeddable":true,"href":"https:\/\/dearjewelry.site\/de\/wp-json\/wp\/v2\/media\/6038"}],"wp:attachment":[{"href":"https:\/\/dearjewelry.site\/de\/wp-json\/wp\/v2\/media?parent=6042"}],"wp:term":[{"taxonomy":"product_brand","embeddable":true,"href":"https:\/\/dearjewelry.site\/de\/wp-json\/wp\/v2\/product_brand?post=6042"},{"taxonomy":"product_cat","embeddable":true,"href":"https:\/\/dearjewelry.site\/de\/wp-json\/wp\/v2\/product_cat?post=6042"},{"taxonomy":"product_tag","embeddable":true,"href":"https:\/\/dearjewelry.site\/de\/wp-json\/wp\/v2\/product_tag?post=6042"}],"curies":[{"name":"wp","href":"https:\/\/api.w.org\/{rel}","templated":true}]}}