{"id":6373,"date":"2025-07-13T10:50:58","date_gmt":"2025-07-13T10:50:58","guid":{"rendered":"https:\/\/dearjewelry.site\/product\/25-sterling-silver-blue-simulated-opal-greek-key-meander-meandros-spiral-pendant-necklace\/"},"modified":"2025-07-13T10:50:58","modified_gmt":"2025-07-13T10:50:58","slug":"25-sterling-silver-blue-simulated-opal-greek-key-meander-meandros-spiral-pendant-necklace","status":"publish","type":"product","link":"https:\/\/dearjewelry.site\/de\/produkt\/25-sterling-silver-blue-simulated-opal-greek-key-meander-meandros-spiral-pendant-necklace\/","title":{"rendered":"25 Sterling Silver  Blue Simulated Opal Greek Key Meander Meandros Spiral Pendant Necklace"},"content":{"rendered":"<h2>25 Sterling Silver  Blue Simulated Opal Greek Key Meander Meandros Spiral Pendant Necklace<\/h2>\n<p> Beschreibung<\/p>\n<table cellpadding=\"0\" cellspacing=\"0\" class=\"details_table\">\n<tbody>\n<tr>\n<th>Material:<\/th>\n<td>Sterling Silber<\/td>\n<th>Schmuck Typ:<\/th>\n<td>Meander Meandros Spiral Round Pendant Necklace<\/td>\n<\/tr>\n<tr class=\"bg_gray\">\n<th>Die Form:<\/th>\n<td>Pear Shape<\/td>\n<th>Einstellung Typ:<\/th>\n<td>Hand Setting<\/td>\n<\/tr>\n<tr>\n<th>Anlass:<\/th>\n<td>Engagement, Gift, Party, Wedding,Anniversary,<\/td>\n<th>Hauptstein:<\/th>\n<td>According Customer&#8217;s Request<\/td>\n<\/tr>\n<tr class=\"bg_gray\">\n<th>Farbe:<\/th>\n<td>Blue<\/td>\n<\/tr>\n<\/tbody>\n<\/table>\n<p><p><span style=\"font-size:16px\"><strong>925 Sterling Silver Blue Simulated Opal Greek Key Meander Meandros Spiral Pendant Necklace<\/strong><\/span>  <span style=\"font-size:16px\"><strong> <\/strong><\/span> <span style=\"font-family:arial,helvetica,sans-serif\"><span style=\"font-size:16px\"><strong> <\/strong><\/span><\/span><\/p>\n<table border=\"1\" cellpadding=\"0\" cellspacing=\"0\" style=\"width: 579px\">\n<tbody>\n<tr>\n<td style=\"width: 147px\">Artikel Nr.<\/td>\n<td style=\"width: 423px\">KD330P<\/td>\n<\/tr>\n<tr>\n<td style=\"width: 147px\">Produktname<\/td>\n<td style=\"width: 423px\">Meander Meandros Spiral Pendant Necklace<\/td>\n<\/tr>\n<tr>\n<td style=\"width: 147px\">Stil<\/td>\n<td style=\"width: 423px\">Opal&nbsp;Wedding Pendant<\/td>\n<\/tr>\n<tr>\n<td style=\"width: 147px\">Material<\/td>\n<td style=\"width: 423px\">Sterling Sliver<\/td>\n<\/tr>\n<tr>\n<td style=\"width: 147px\">Einstellung Typ<\/td>\n<td style=\"width: 423px\">Zinken Handfassung<\/td>\n<\/tr>\n<tr>\n<td style=\"width: 147px\">Geschlecht<\/td>\n<td style=\"width: 423px\">Frauen<\/td>\n<\/tr>\n<tr>\n<td style=\"width: 147px\">Stein<\/td>\n<td style=\"width: 423px\">\n<p>Blue opal<\/p>\n<\/td>\n<\/tr>\n<tr>\n<td style=\"width: 147px\">Anlass<\/td>\n<td style=\"width: 423px\">Jahrestag, Verlobung, Geschenk, Party, Hochzeit<\/td>\n<\/tr>\n<\/tbody>\n<\/table>\n<p><span style=\"font-family:arial,helvetica,sans-serif\">Angaben zur Produktion :<br \/>\nSide stone&nbsp;Information: SQ 4x4pcs 2pcs<br \/>\nAverage Cut : Excellent<br \/>\nSetting Type : Prong setting<\/span><\/p>\n<p>&nbsp;<\/p>\n<p><span style=\"font-family:arial,helvetica,sans-serif\">Main Stone Information: Customize available\/Customer provide<br \/>\nTotal Carat Weight: 1.25~+ct<\/span><\/p>\n<p><span style=\"font-family:arial,helvetica,sans-serif\">Main stone: SQ66MM<\/span><\/p>\n<p>&nbsp;<\/p>\n<p>18k gold is made up of 75% gold, which is more than 10k or 14k gold rings&#039; gold content. Usually, you will not find rings that go beyond 18k, as pure gold is malleable and will scratch extremely easy. Our diamond semi-mounts in 18k gold are perfect for those who prefer a high gold content that won&#039;t tarnish easily. We offer these stunning semi-mounts in white, rose, and yellow gold.<\/p>\n<p><img decoding=\"async\" src=\"https:\/\/www.gold-jewellerys.com\/test\/gold-jewellerys.com\/photo\/pl148489782-remark.jpg\"><img decoding=\"async\" src=\"https:\/\/www.gold-jewellerys.com\/test\/gold-jewellerys.com\/photo\/pl148489781-remark.jpg\"><img decoding=\"async\" src=\"https:\/\/www.gold-jewellerys.com\/test\/gold-jewellerys.com\/photo\/pl148489780-remark.jpg\"><\/p>\n<p><span style=\"font-family:arial,helvetica,sans-serif\">Warum uns w\u00e4hlen:<br \/>\n1: K-Gold hat etwa 21 Jahre Erfahrung im Schmuckbereich und 17 Jahre Produktionserfahrung.<br \/>\n2: Auch unser professionelles F &amp; E-Team, um sicherzustellen, dass unsere Produkte st\u00e4ndig aktualisiert werden und vor der Industrie. So haben wir mehr als 3000 verschiedene Entw\u00fcrfe und mehr dann 46 Sammlungen k\u00f6nnen von verschiedenen Marktanforderung treffen.<br \/>\n3: F\u00fcr kundenspezifische Artikel k\u00f6nnen Sie CAD am gleichen Tag oder am n\u00e4chsten Tag erhalten, um die Daten vor der Bestellung zu best\u00e4tigen.<br \/>\n4: Das Ziel von K-gold ist es, den Kunden die richtigen Produkte zum richtigen Preis anzubieten und rechtzeitig zu liefern.<br \/>\n5: Wir haben ein leistungsf\u00e4higes Kundendienstteam, das den gesamten Verkaufsprozess im Auge beh\u00e4lt und Ihnen bei allen Fragen hilft, vom CAD-Entwurf bis zur Lieferung.<br \/>\nK-Gold Werksservice:<\/span><\/p>\n<p>&nbsp;<\/p>\n<p><span style=\"font-family:arial,helvetica,sans-serif\">K Gold Production Process :&nbsp;<\/span><\/p>\n<p><span style=\"font-family:arial,helvetica,sans-serif\"><img decoding=\"async\" src=\"https:\/\/www.gold-jewellerys.com\/test\/gold-jewellerys.com\/photo\/pl36314863-remark.jpg\"><img decoding=\"async\" src=\"https:\/\/www.gold-jewellerys.com\/test\/gold-jewellerys.com\/photo\/pl36314865-remark.jpg\"><\/span><\/p>\n<p>&nbsp;<\/p>\n<p>&nbsp;<\/p>\n<p><span style=\"font-size:14px\">Ansprechpartnerin: Nancy lee<br \/>\nWhatsApp: +86-18520267369 \/ Tell:+8618520267369<br \/>\nE-Mail: nancy@gzkgold.com<br \/>\nWebsite:<\/span><\/p>\n<p>&nbsp;<\/p>\n<p>FAQ:<\/p>\n<p>Q1:What about your diamonds quality?<\/p>\n<p>A: We always used VS,SI G-H natural diamonds, If you want change to VVS also are availabe,we can quote you exact price accoring your request.<\/p>\n<p>&nbsp;<\/p>\n<p>Q2: K\u00f6nnen Sie mein Logo anpassen?<br \/>\nA: Ja, absolut k\u00f6nnen Sie, bitte senden Sie uns Ihr LOGO, wir werden frei, es zu unterzeichnen. F\u00fcr Markenschmuck immer mit Orginal-Logo,<\/p>\n<p>und wenn Sie etwas Besonderes brauchen, lassen Sie es mich einfach wissen.<\/p>\n<p>&nbsp;<\/p>\n<p>Q3: How can we get the down price,if keep the same design ?<\/p>\n<p>A: You can change to moissanite diamonds or Lab diamonds , Or make 9K\/10K get down the price.<\/p>\n<p>&nbsp;<\/p>\n<p>A: Please tell me your order then we will tell you the item price, shipping fee and original box fee and total amount. You can make payment by Western Union \/ T\/T , Or Payoneer, We will process and ship out your order asap after payment made.<\/p>\n<p>&nbsp;<\/p>\n<p>F4: Kann ich ein Zertifikat erhalten?<\/p>\n<p>A: Ja, es gibt die zertifizierte, wenn Sie brauchen und Preis wird nicht die Geb\u00fchr enthalten. Der Diamant dort GIA-zertifiziert oder ohne es nur<\/p>\n<p>Lassen Sie es mich wissen, denn es gibt Preisunterschiede.<\/p>\n<p>&nbsp;<\/p>\n<p>Q5. Wie lange kann ich meine Waren erhalten?<\/p>\n<p>A: Bestellung wird immer nach der Anzahlung \u00fcber Ihre Bestellung bearbeitet. Making Zeit 2-10 Arbeitstage je nach Design Verarbeitung<\/p>\n<p>Schwierigkeit, plus 3-7 Tage Versandzeit Expressversandmethode in alle fo der Welt.<\/p>\n<p>&nbsp;<\/p>\n<p>F6: Stellen Sie Schmuck f\u00fcr private K\u00e4ufer oder nur f\u00fcr Gro\u00dfh\u00e4ndler her?<br \/>\nA: Eigentlich sind wir den gesamten Verkauf zu machen, die online zu verkaufen oder haben Sie Ihr eigenes Gesch\u00e4ft f\u00fcr Original-Designs, f\u00fcr die Marke Schmuck erlaubt den pers\u00f6nlichen K\u00e4ufer zu. Sie k\u00f6nnen feine Qualit\u00e4t Markenschmuck f\u00fcr Ihre Familie, Freunde und sich selbst zu Fabrikpreisen zu bestellen. Auch wird es gro\u00df sein, wenn Sie ein Schmuck Wiederverk\u00e4ufer sind. Wir bieten kostenlosen Versand und kostenlose Original-Marke-Boxen, wenn Sie viele Artikel jedes Mal bestellen k\u00f6nnen. Mehr Menge dann bester Preis.&nbsp;<\/p><\/p>","protected":false},"excerpt":{"rendered":"<br \/>\n<table class=\"tables data\" width=\"100%\" border=\"0\" cellpadding=\"0\" cellspacing=\"0\">\n<tbody>\n<tr>\n<th width=\"35%\">Ort der Herkunft:<\/th>\n<td>China<\/td>\n<\/tr>\n<tr>\n<th width=\"35%\">Markenname:<\/th>\n<td>K-Gold-Schmuck<\/td>\n<\/tr>\n<tr>\n<th width=\"35%\">Zertifizierung:<\/th>\n<td>Schmuck-Zertifikat<\/td>\n<\/tr>\n<tr>\n<th width=\"35%\">Modellnummer:<\/th>\n<td>KD330P<\/td>\n<\/tr>\n<\/tbody>\n<\/table>\n<p>                                                                            <span class=\"title_s\">Zahlungs- und Versandbedingungen:<\/span>                            <\/p>\n<table class=\"tables data\" width=\"100%\" border=\"0\" cellpadding=\"0\" cellspacing=\"0\">\n<tbody>\n<tr>\n<th width=\"35%\" nowrap=\"nowrap\">Mindestbestellmenge:<\/th>\n<td>3<\/td>\n<\/tr>\n<tr>\n<th width=\"35%\" nowrap=\"nowrap\">Preis:<\/th>\n<td>Verhandlungsf\u00e4hig<\/td>\n<\/tr>\n<tr>\n<th width=\"35%\" nowrap=\"nowrap\">Einzelheiten zur Verpackung:<\/th>\n<td>Standard dicke PP Tasche, Marke wird mit Marke kommen Verpackung<\/td>\n<\/tr>\n<tr>\n<th width=\"35%\" nowrap=\"nowrap\">Lieferfrist:<\/th>\n<td>5-15 Arbeitstage<\/td>\n<\/tr>\n<tr>\n<th width=\"35%\" nowrap=\"nowrap\">Zahlungsbedingungen:<\/th>\n<td>T\/T, Western Union<\/td>\n<\/tr>\n<tr>\n<th width=\"35%\" nowrap=\"nowrap\">Lieferf\u00e4higkeit:<\/th>\n<td>2000St\u00fcck\/Monat<\/td>\n<\/tr>\n<\/tbody>\n<\/table>","protected":false},"featured_media":6367,"comment_status":"closed","ping_status":"closed","template":"","meta":{"_gspb_post_css":""},"product_brand":[],"product_cat":[29],"product_tag":[],"class_list":{"0":"post-6373","1":"product","2":"type-product","3":"status-publish","4":"has-post-thumbnail","6":"product_cat-greek-opal-jewelry","8":"first","9":"instock","10":"shipping-taxable","11":"product-type-simple"},"aioseo_notices":[],"_links":{"self":[{"href":"https:\/\/dearjewelry.site\/de\/wp-json\/wp\/v2\/product\/6373","targetHints":{"allow":["GET"]}}],"collection":[{"href":"https:\/\/dearjewelry.site\/de\/wp-json\/wp\/v2\/product"}],"about":[{"href":"https:\/\/dearjewelry.site\/de\/wp-json\/wp\/v2\/types\/product"}],"replies":[{"embeddable":true,"href":"https:\/\/dearjewelry.site\/de\/wp-json\/wp\/v2\/comments?post=6373"}],"wp:featuredmedia":[{"embeddable":true,"href":"https:\/\/dearjewelry.site\/de\/wp-json\/wp\/v2\/media\/6367"}],"wp:attachment":[{"href":"https:\/\/dearjewelry.site\/de\/wp-json\/wp\/v2\/media?parent=6373"}],"wp:term":[{"taxonomy":"product_brand","embeddable":true,"href":"https:\/\/dearjewelry.site\/de\/wp-json\/wp\/v2\/product_brand?post=6373"},{"taxonomy":"product_cat","embeddable":true,"href":"https:\/\/dearjewelry.site\/de\/wp-json\/wp\/v2\/product_cat?post=6373"},{"taxonomy":"product_tag","embeddable":true,"href":"https:\/\/dearjewelry.site\/de\/wp-json\/wp\/v2\/product_tag?post=6373"}],"curies":[{"name":"wp","href":"https:\/\/api.w.org\/{rel}","templated":true}]}}