{"id":1068,"date":"2025-07-13T04:22:42","date_gmt":"2025-07-13T04:22:42","guid":{"rendered":"https:\/\/dearjewelry.site\/product\/moissanite-diamond-gemstone-promise-rings-14k-gold-princess-cut\/"},"modified":"2025-07-13T04:22:42","modified_gmt":"2025-07-13T04:22:42","slug":"moissanite-diamond-gemstone-promise-rings-14k-gold-princess-cut","status":"publish","type":"product","link":"https:\/\/dearjewelry.site\/es\/product\/moissanite-diamond-gemstone-promise-rings-14k-gold-princess-cut\/","title":{"rendered":"Moissanite Diamante Piedra Preciosa Anillos de Promesa 14K Oro Corte Princesa"},"content":{"rendered":"<h2>Moissanite Diamante Piedra Preciosa Anillos de Promesa 14K Oro Corte Princesa<\/h2>\n<p> Descripci\u00f3n<\/p>\n<table cellpadding=\"0\" cellspacing=\"0\" class=\"details_table\">\n<tbody>\n<tr>\n<th>Material:<\/th>\n<td>Joyas de oro 9K\/10K\/14K\/18K<\/td>\n<th>Tipo de joya:<\/th>\n<td>Rings<\/td>\n<\/tr>\n<tr class=\"bg_gray\">\n<th>Lugar de origen:<\/th>\n<td>China (continental)<\/td>\n<th>Logo:<\/th>\n<td>Accept Customer&#8217;s Logo<\/td>\n<\/tr>\n<tr>\n<th>Peso:<\/th>\n<td>About 2.1g<\/td>\n<th>Personal\u00edzalo:<\/th>\n<td>Joyas de oro personalizadas<\/td>\n<\/tr>\n<tr class=\"bg_gray\">\n<th>Color chapado:<\/th>\n<td>WhiteGold<\/td>\n<th>Ocasi\u00f3n del compromiso:<\/th>\n<td>Regalo, Fiesta, Boda<\/td>\n<\/tr>\n<tr>\n<th>Tama\u00f1o:<\/th>\n<td>QD7*7MM<\/td>\n<th>Condiciones de pago:<\/th>\n<td>Paypal\/Western Union\/TT<\/td>\n<\/tr>\n<tr class=\"bg_gray\">\n<th colspan=\"1\">Lo m\u00e1s destacado:<\/th>\n<td colspan=\"3\">\n<h2 style='font-weight: bold;font-size: 14px'>Moissanite Diamond Gemstone Promise Rings<\/h2>\n<p>, <\/p>\n<h2 style='font-weight: bold;font-size: 14px'>Gemstone Promise Rings 14K<\/h2>\n<\/td>\n<\/tr>\n<\/tbody>\n<\/table>\n<p><p><span style=\"font-size:16px\"><strong><span style=\"font-family:arial,helvetica,sans-serif\">Descripci\u00f3n del producto:&nbsp;<\/span><\/strong><\/span><\/p>\n<p><strong><span style=\"font-family:arial,helvetica,sans-serif\"><span style=\"font-size:16px\">14K Gold Princess Cut Moissanite Diamond Three Gemstone Promise Engagement Ring<\/span><\/span><\/strong><\/p>\n<table border=\"1\" cellpadding=\"0\" cellspacing=\"0\" style=\"width: 576px\">\n<tbody>\n<tr>\n<td style=\"width: 126px\"><span style=\"font-size:16px\">N\u00ba de art\u00edculo<\/span><\/td>\n<td style=\"width: 444px\"><span style=\"font-size:16px\">KD031R<\/span><\/td>\n<\/tr>\n<tr>\n<td style=\"width: 126px\"><span style=\"font-size:16px\">Nombre del producto<\/span><\/td>\n<td style=\"width: 444px\"><span style=\"font-size:16px\">Joyas personalizadas de oro macizo de 14 quilates<\/span><\/td>\n<\/tr>\n<tr>\n<td style=\"width: 126px\"><span style=\"font-size:16px\">Estilo<\/span><\/td>\n<td style=\"width: 444px\"><span style=\"font-size:16px\">Estilo de moda&nbsp;<\/span><\/td>\n<\/tr>\n<tr>\n<td style=\"width: 126px\"><span style=\"font-size:16px\">Material<\/span><\/td>\n<td style=\"width: 444px\"><span style=\"font-size:16px\">Oro blanco de 14 quilates<\/span><\/td>\n<\/tr>\n<tr>\n<td style=\"width: 126px\"><span style=\"font-size:16px\">Tipo de configuraci\u00f3n<\/span><\/td>\n<td style=\"width: 444px\"><span style=\"font-size:16px\">Ajuste manual<\/span><\/td>\n<\/tr>\n<tr>\n<td style=\"width: 126px\"><span style=\"font-size:16px\">G\u00e9nero<\/span><\/td>\n<td style=\"width: 444px\"><span style=\"font-size:16px\">Ni\u00f1os, Hombres, Unisex, Mujeres<\/span><\/td>\n<\/tr>\n<tr>\n<td style=\"width: 126px\"><span style=\"font-size:16px\">Piedra<\/span><\/td>\n<td style=\"width: 444px\"><span style=\"font-size:16px\">1 pieza Diamante natural<\/span><\/td>\n<\/tr>\n<tr>\n<td style=\"width: 126px\"><span style=\"font-size:16px\">Piedra principal<\/span><\/td>\n<td style=\"width: 444px\"><span style=\"font-size:16px\">Diamante natural\/diamante de laboratorio\/mosianita<\/span><\/td>\n<\/tr>\n<tr>\n<td style=\"width: 126px\"><span style=\"font-size:16px\">Piedra principal Tama\u00f1o<\/span><\/td>\n<td style=\"width: 444px\">QD7*7MM<\/td>\n<\/tr>\n<tr>\n<td style=\"width: 126px\"><span style=\"font-size:16px\">Color<\/span><\/td>\n<td style=\"width: 444px\"><span style=\"font-size:16px\">Seg\u00fan su petici\u00f3n<\/span><\/td>\n<\/tr>\n<tr>\n<td style=\"width: 126px\"><span style=\"font-size:16px\">Tama\u00f1o del anillo<\/span><\/td>\n<td style=\"width: 444px\"><span style=\"font-size:16px\">Caliente venta tama\u00f1o # 4 - # 12, cualquier tama\u00f1o es factible.<\/span><\/td>\n<\/tr>\n<\/tbody>\n<\/table>\n<p>&nbsp;<\/p>\n<p><span style=\"font-size:16px\"><strong><span style=\"font-family:arial,helvetica,sans-serif\">Detalle de la producci\u00f3n:<\/span><\/strong><br \/>\n<span style=\"font-family:arial,helvetica,sans-serif\">Informaci\u00f3n sobre Tiny Diamond:<\/span><br \/>\n<span style=\"font-family:arial,helvetica,sans-serif\">N\u00famero de diamantes: 1 unidad<\/span><br \/>\n<span style=\"font-family:arial,helvetica,sans-serif\">Total Carat Weight: 2.1ct<\/span><br \/>\n<span style=\"font-family:arial,helvetica,sans-serif\">Color medio: G-H<\/span><br \/>\n<span style=\"font-family:arial,helvetica,sans-serif\">Claridad media: SI1\/SI2\/VS1&nbsp;<\/span>Personalizar solicitud<br \/>\n<span style=\"font-family:arial,helvetica,sans-serif\">Corte medio: <span>Muy bueno<\/span><\/span><\/span><\/p>\n<p><span style=\"font-size:16px\"><span style=\"font-family:arial,helvetica,sans-serif\">Tipo de engaste: Engastado<\/span><\/span><\/p>\n<p>\n<span style=\"font-size:16px\"><span style=\"font-family:arial,helvetica,sans-serif\">Informaci\u00f3n sobre la piedra principal:&nbsp;<\/span>Diamante natural\/Diamante de laboratorio<br \/>\n<span style=\"font-family:arial,helvetica,sans-serif\">Total Carat Weight: 2.1t&nbsp;<\/span>diamante<\/span><\/p>\n<p><span style=\"font-size:16px\"><font face=\"arial, helvetica, sans-serif\" style=\"font-size: 16px\">Tama\u00f1o:&nbsp;<\/font><\/span>QD7*7MM<span style=\"font-size:16px\">&nbsp;para la piedra principal<font face=\"arial, helvetica, sans-serif\" style=\"font-size: 16px\"> <\/font><\/span><\/p>\n<p>&nbsp;<\/p>\n<p>&nbsp;<\/p>\n<p><span style=\"font-size:16px\"><strong style=\"font-size: 16px\"><span style=\"font-family:arial,helvetica,sans-serif\">Por qu\u00e9 elegirnos:<\/span><\/strong><\/span><\/p>\n<p><span style=\"font-size:16px\">1: Somos profesionales de la joyer\u00eda de piedras preciosas naturales para las marcas de m\u00e1s de 15 a\u00f1os, podemos hacer la mano de obra de nivel de marca internacional.<br \/>\n2: Tenemos nuestras propias minas de piedras preciosas, s\u00f3lo el uso de piedras preciosas de alta calidad para hacer joyas, y tenemos ventaja absoluta en el precio de la joyer\u00eda de la misma calidad, por lo que podemos cooperar con mayoristas de joyer\u00eda de marca en muchos pa\u00edses por m\u00e1s de 15 a\u00f1os.<br \/>\n3: Disponemos de tecnolog\u00eda exclusiva para grabar cualquier motivo en cualquier gema fina.<br \/>\n4: Nuestra exclusiva tecnolog\u00eda antioxidante de alta tecnolog\u00eda para joyas de plata es l\u00edder en el sector de la joyer\u00eda.<\/span><\/p>\n<p>&nbsp;<\/p>\n<p><span style=\"font-size:16px\"><span style=\"font-family:arial,helvetica,sans-serif\">Servicio de f\u00e1brica K-Gold:<\/span><br \/>\n<img decoding=\"async\" src=\"https:\/\/www.gold-jewellerys.com\/test\/domaindemo-52949.tmp\/photo\/pl36219389-remark.jpg\"><br \/>\n<img decoding=\"async\" src=\"https:\/\/www.gold-jewellerys.com\/test\/domaindemo-52949.tmp\/photo\/pl36230799-remark.jpg\"><\/span><\/p>\n<p>&nbsp;<\/p>\n<p><span style=\"font-size:16px\">Preguntas frecuentes:<\/span><\/p>\n<p><span style=\"font-size:16px\">1: \u00bfC\u00f3mo podemos obtener el precio?<\/span><\/p>\n<p><span style=\"font-size:16px\">Le invitamos a ponerse en contacto con nosotros en whatsapp. Apenas env\u00edenos las im\u00e1genes de los art\u00edculos usted quiere entonces le diremos los precios cuanto antes.<\/span><\/p>\n<p>&nbsp;<\/p>\n<p><span style=\"font-size:16px\">Contacto: Nancy lee<br \/>\nWhatsApp: +86-18520267369 \/ Tell:+8618520267369<br \/>\n<span style=\"font-family:arial,helvetica,sans-serif\">Correo electr\u00f3nico: nancy@gzkgold.com<\/span><\/span><\/p>\n<p>&nbsp;<\/p>\n<p><span style=\"font-size:16px\"><span style=\"font-family:arial,helvetica,sans-serif\">2:&nbsp;<\/span>Can you engrave?<br \/>\nYes, it can be printed or lasered on the jewelry of your logo or lettering information as &ldquo;FREE&rdquo;.<\/span><\/p>\n<p style=\"font-size: 12px;line-height: inherit;padding: 0px;border: 0px;font-family: Arial;vertical-align: baseline\">&nbsp;<\/p>\n<p><span style=\"font-size:16px\">3: \u00bfCu\u00e1l es su principal mercado?<\/span><\/p>\n<p><span style=\"font-size:16px\">Exportamos principalmente a Europa, Sudam\u00e9rica, Estados Unidos, Jap\u00f3n y Corea del Sur, etc.<\/span><\/p>\n<p>&nbsp;<\/p>\n<p><span style=\"font-size:16px\">4: \u00bfC\u00f3mo env\u00edan los productos?<\/span><\/p>\n<p><span style=\"font-size:16px\">Enviamos a todo el mundo con una gama de opciones de env\u00edo (DHL \/ UPS \/ TNT \/ EMS \/ Fedex), s\u00f3lo se tardar\u00e1 4 ~ 9 d\u00edas en base a diferentes empresas de log\u00edstica.<\/span><\/p>\n<p>&nbsp;<\/p>\n<p><span style=\"font-size:16px\">5: Where is your factory?<br \/>\nLocated in Guangzhou,Guangdong,China.<\/span><\/p>\n<p>&nbsp;<\/p>\n<p><span style=\"font-size:16px\">6: Can your jewelry be sized?<br \/>\nAll jewelry could be sized, you can contact with us for more information which you are interested can be sized or not.<\/span><\/p><\/p>","protected":false},"excerpt":{"rendered":"<br \/>\n<table class=\"tables data\" width=\"100%\" border=\"0\" cellpadding=\"0\" cellspacing=\"0\">\n<tbody>\n<tr>\n<th width=\"35%\">Lugar de origen:<\/th>\n<td>China<\/td>\n<\/tr>\n<tr>\n<th width=\"35%\">Marca:<\/th>\n<td>Joyas de oro K<\/td>\n<\/tr>\n<tr>\n<th width=\"35%\">Certificaci\u00f3n:<\/th>\n<td>Certificado de joyer\u00eda<\/td>\n<\/tr>\n<tr>\n<th width=\"35%\">N\u00famero de modelo:<\/th>\n<td>KD031R<\/td>\n<\/tr>\n<\/tbody>\n<\/table>\n<p>                                                                            <span class=\"title_s\">Condiciones de pago y env\u00edo:<\/span>                            <\/p>\n<table class=\"tables data\" width=\"100%\" border=\"0\" cellpadding=\"0\" cellspacing=\"0\">\n<tbody>\n<tr>\n<th width=\"35%\" nowrap=\"nowrap\">Cantidad m\u00ednima de pedido:<\/th>\n<td>1<\/td>\n<\/tr>\n<tr>\n<th width=\"35%\" nowrap=\"nowrap\">Precio:<\/th>\n<td>Negociable<\/td>\n<\/tr>\n<tr>\n<th width=\"35%\" nowrap=\"nowrap\">Detalles del embalaje:<\/th>\n<td>Bolsa PP gruesa est\u00e1ndar, la marca vendr\u00e1 con la marca Embalaje<\/td>\n<\/tr>\n<tr>\n<th width=\"35%\" nowrap=\"nowrap\">Plazo de entrega:<\/th>\n<td>5-15 d\u00edas laborables<\/td>\n<\/tr>\n<tr>\n<th width=\"35%\" nowrap=\"nowrap\">Condiciones de pago:<\/th>\n<td>T\/T, Western Union<\/td>\n<\/tr>\n<tr>\n<th width=\"35%\" nowrap=\"nowrap\">Capacidad de suministro:<\/th>\n<td>2000pcs\/Mes<\/td>\n<\/tr>\n<\/tbody>\n<\/table>\n<p>                                                                                                                                \", \"countrycode\": \"US\"}\");' class=\"btn contact_btn\" style=\"display: inline-block;background:#ff771c url(\/images\/css-sprite.png) -260px -214px;color:#fff;padding:0 13px 0 33px;width:auto;height:25px;line-height:26px;border:0;font-size:13px;border-radius:4px;font-weight:bold;text-decoration:none;\"&gt;<\/p>","protected":false},"featured_media":1064,"comment_status":"closed","ping_status":"closed","template":"","meta":{"_gspb_post_css":""},"product_brand":[],"product_cat":[16],"product_tag":[],"class_list":{"0":"post-1068","1":"product","2":"type-product","3":"status-publish","4":"has-post-thumbnail","6":"product_cat-solid-gold-jewellery","8":"first","9":"instock","10":"shipping-taxable","11":"product-type-simple"},"aioseo_notices":[],"_links":{"self":[{"href":"https:\/\/dearjewelry.site\/es\/wp-json\/wp\/v2\/product\/1068","targetHints":{"allow":["GET"]}}],"collection":[{"href":"https:\/\/dearjewelry.site\/es\/wp-json\/wp\/v2\/product"}],"about":[{"href":"https:\/\/dearjewelry.site\/es\/wp-json\/wp\/v2\/types\/product"}],"replies":[{"embeddable":true,"href":"https:\/\/dearjewelry.site\/es\/wp-json\/wp\/v2\/comments?post=1068"}],"wp:featuredmedia":[{"embeddable":true,"href":"https:\/\/dearjewelry.site\/es\/wp-json\/wp\/v2\/media\/1064"}],"wp:attachment":[{"href":"https:\/\/dearjewelry.site\/es\/wp-json\/wp\/v2\/media?parent=1068"}],"wp:term":[{"taxonomy":"product_brand","embeddable":true,"href":"https:\/\/dearjewelry.site\/es\/wp-json\/wp\/v2\/product_brand?post=1068"},{"taxonomy":"product_cat","embeddable":true,"href":"https:\/\/dearjewelry.site\/es\/wp-json\/wp\/v2\/product_cat?post=1068"},{"taxonomy":"product_tag","embeddable":true,"href":"https:\/\/dearjewelry.site\/es\/wp-json\/wp\/v2\/product_tag?post=1068"}],"curies":[{"name":"wp","href":"https:\/\/api.w.org\/{rel}","templated":true}]}}