{"id":1102,"date":"2025-07-13T04:38:34","date_gmt":"2025-07-13T04:38:34","guid":{"rendered":"https:\/\/dearjewelry.site\/product\/oval-cut-2-1-carat-diamond-ring-size-ov9x7mm-boundless-setting-type\/"},"modified":"2025-07-13T04:38:34","modified_gmt":"2025-07-13T04:38:34","slug":"oval-cut-2-1-carat-diamond-ring-size-ov9x7mm-boundless-setting-type","status":"publish","type":"product","link":"https:\/\/dearjewelry.site\/es\/product\/oval-cut-2-1-carat-diamond-ring-size-ov9x7mm-boundless-setting-type\/","title":{"rendered":"Diamante talla oval de 2.1 quilates Tama\u00f1o del anillo OV9X7MM Tipo de engaste sin limite"},"content":{"rendered":"<h2>Diamante talla oval de 2.1 quilates Tama\u00f1o del anillo OV9X7MM Tipo de engaste sin limite<\/h2>\n<p> Descripci\u00f3n<\/p>\n<table cellpadding=\"0\" cellspacing=\"0\" class=\"details_table\">\n<tbody>\n<tr>\n<th>Material:<\/th>\n<td>14K Gold Jewelry<\/td>\n<th>Piedra:<\/th>\n<td>Diamante<\/td>\n<\/tr>\n<tr class=\"bg_gray\">\n<th>Piedra principal:<\/th>\n<td>Natural Diamond\/Lab Diamond\/Gem Stone<\/td>\n<th>Corta:<\/th>\n<td>Oval Cut Diamond<\/td>\n<\/tr>\n<tr>\n<th>Forma:<\/th>\n<td>Oval<\/td>\n<th>Tipo de ajuste:<\/th>\n<td>Boundless Setting<\/td>\n<\/tr>\n<tr class=\"bg_gray\">\n<th>Personal\u00edzalo:<\/th>\n<td>Custom Jewelry<\/td>\n<th>Color:<\/th>\n<td>Yellow Gold\/ White Gold\/Rose Gold<\/td>\n<\/tr>\n<tr>\n<th>Ocasi\u00f3n:<\/th>\n<td>Engagement, Gift, Party, Wedding<\/td>\n<th>Tama\u00f1o:<\/th>\n<td>OV9X7MM<\/td>\n<\/tr>\n<tr class=\"bg_gray\">\n<th colspan=\"1\">Lo m\u00e1s destacado:<\/th>\n<td colspan=\"3\">\n<h2 style='font-weight: bold;font-size: 14px'>7MM 2.1 Carat Diamond Ring<\/h2>\n<p>, <\/p>\n<h2 style='font-weight: bold;font-size: 14px'>Oval 9MM 2.1 Carat Diamond Ring<\/h2>\n<p>, <\/p>\n<h2 style='font-weight: bold;font-size: 14px'>2.1Carat Oval Cut Diamond Ring<\/h2>\n<\/td>\n<\/tr>\n<\/tbody>\n<\/table>\n<p><p><strong><span style=\"font-size:16px\"><span style=\"font-family:arial,helvetica,sans-serif\">Descripci\u00f3n del producto:<\/span><br \/>\n14K Solid Gold Custom Jewelry 2.1 Carat Lab Diamond Oval Cut Size OV9X7MM Engagement Ring<\/span><\/strong><\/p>\n<table border=\"1\" cellpadding=\"0\" cellspacing=\"0\" style=\"width: 576px\">\n<tbody>\n<tr>\n<td style=\"width: 126px\">N\u00ba de art\u00edculo<\/td>\n<td style=\"width: 444px\">K3366R<\/td>\n<\/tr>\n<tr>\n<td style=\"width: 126px\">Nombre del producto<\/td>\n<td style=\"width: 444px\">Joyas personalizadas de oro macizo de 14 quilates<\/td>\n<\/tr>\n<tr>\n<td style=\"width: 126px\">Estilo<\/td>\n<td style=\"width: 444px\">Estilo cl\u00e1sico&nbsp;<\/td>\n<\/tr>\n<tr>\n<td style=\"width: 126px\">Material<\/td>\n<td style=\"width: 444px\">Oro amarillo de 14 quilates<\/td>\n<\/tr>\n<tr>\n<td style=\"width: 126px\">Tipo de configuraci\u00f3n<\/td>\n<td style=\"width: 444px\">Prong Hand setting<\/td>\n<\/tr>\n<tr>\n<td style=\"width: 126px\">G\u00e9nero<\/td>\n<td style=\"width: 444px\">Mujeres<\/td>\n<\/tr>\n<tr>\n<td style=\"width: 126px\">Piedra diminuta<\/td>\n<td style=\"width: 444px\">Diamante natural&nbsp;<\/td>\n<\/tr>\n<tr>\n<td style=\"width: 126px\">Piedra principal<\/td>\n<td style=\"width: 444px\">Natural Diamond\/Lab Diamond\/Mossianite\/All gems like Aqumarine<\/td>\n<\/tr>\n<tr>\n<td style=\"width: 126px\">Dimensi\u00f3n<\/td>\n<td style=\"width: 444px\">Oval 6*7MM for main stone<\/td>\n<\/tr>\n<tr>\n<td style=\"width: 126px\">Ocasi\u00f3n<\/td>\n<td style=\"width: 444px\">Aniversario, Compromiso, Regalo, Fiesta, Boda<\/td>\n<\/tr>\n<tr>\n<td style=\"width: 126px\">Tama\u00f1o del anillo<\/td>\n<td style=\"width: 444px\">Cualquier tama\u00f1o disponible #4#5,#61TP57#8#9#10#11#12<\/td>\n<\/tr>\n<\/tbody>\n<\/table>\n<p>&nbsp;<\/p>\n<p><span style=\"font-size:22px\"><span style=\"font-family:arial,helvetica,sans-serif\">Detalle de la producci\u00f3n:<\/span><\/span><br \/>\n<span style=\"font-size:14px\"><span style=\"font-family:arial,helvetica,sans-serif\">Informaci\u00f3n sobre Tiny Diamond:<\/span><\/span><br \/>\n<span style=\"font-size:14px\"><span style=\"font-family:arial,helvetica,sans-serif\">N\u00famero de diamantes: 1 unidad<\/span><\/span><br \/>\n<span style=\"font-size:14px\"><span style=\"font-family:arial,helvetica,sans-serif\">Total Carat Weight: 2.1ct<\/span><\/span><br \/>\n<span style=\"font-size:14px\"><span style=\"font-family:arial,helvetica,sans-serif\">Color medio: G-H<\/span><\/span><br \/>\n<span style=\"font-size:14px\"><span style=\"font-family:arial,helvetica,sans-serif\">Claridad media: SI1\/SI2\/VS1&nbsp;<\/span><\/span>Personalizar solicitud<br \/>\n<span style=\"font-size:14px\"><span style=\"font-family:arial,helvetica,sans-serif\">Average Cut: Excellent<\/span><\/span><br \/>\n<span style=\"font-size:14px\"><span style=\"font-family:arial,helvetica,sans-serif\">Tipo de engaste: Engastado<\/span><\/span><\/p>\n<p>\n<span style=\"font-size:14px\"><span style=\"font-family:arial,helvetica,sans-serif\">Informaci\u00f3n sobre la piedra principal:&nbsp;<\/span><\/span>Natural diamond\/Lab Diamond\/Gem stone<br \/>\n<span style=\"font-size:14px\"><span style=\"font-family:arial,helvetica,sans-serif\">Total Carat Weight: 2.1ct <\/span><\/span>diamante<\/p>\n<p><font face=\"arial, helvetica, sans-serif\">Tama\u00f1o:&nbsp;<\/font>Oval 6*7MM for main stone<font face=\"arial, helvetica, sans-serif\"> <\/font><\/p>\n<p>&nbsp;<\/p>\n<p>&nbsp;<\/p>\n<p><span style=\"font-size:14px\"><span style=\"font-family:arial,helvetica,sans-serif\">Por qu\u00e9 elegirnos:<\/span><\/span><br \/>\n<span style=\"font-size:14px\"><span style=\"font-family:arial,helvetica,sans-serif\">1: <\/span><\/span>K-Gold has about 21 years of experience and 17 years of production experience in the jewelry field.<br \/>\n<span style=\"font-size:14px\"><span style=\"font-family:arial,helvetica,sans-serif\">2: Tambi\u00e9n nuestro equipo profesional de I + D para asegurar que nuestros productos se actualizan constantemente y por delante de la industria. As\u00ed que tenemos m\u00e1s de 3000 dise\u00f1os diferentes y m\u00e1s de 46 colecciones pueden satisfacer la demanda de diferentes mercados.<\/span><\/span><br \/>\n<span style=\"font-size:14px\"><span style=\"font-family:arial,helvetica,sans-serif\">3: Para personalizar los art\u00edculos que usted puede conseguir CAD mismo d\u00eda o al d\u00eda siguiente para confirmar los datos antes del inicio del pedido.<\/span><\/span><br \/>\n<span style=\"font-size:14px\"><span style=\"font-family:arial,helvetica,sans-serif\">4: El objetivo de K-gold es ofrecer a los clientes productos adecuados al precio adecuado y entregarlos a tiempo.<\/span><\/span><br \/>\n<span style=\"font-size:14px\"><span style=\"font-family:arial,helvetica,sans-serif\">5:&nbsp;<\/span><\/span>We have a strong customer service team that focuses on the entire sales process to help you solve any problems, from designing CAD to delivering goods.<\/p>\n<p>K-Gold factory service:<br \/>\n<img decoding=\"async\" src=\"https:\/\/www.gold-jewellerys.com\/test\/domaindemo-52949.tmp\/photo\/pl36123473-remark.jpg\"><br \/>\n<img decoding=\"async\" src=\"https:\/\/www.gold-jewellerys.com\/test\/domaindemo-52949.tmp\/photo\/pl36123397-remark.jpg\"><br \/>\n<img decoding=\"async\" src=\"https:\/\/www.gold-jewellerys.com\/test\/domaindemo-52949.tmp\/photo\/pl36219389-remark.jpg\"><br \/>\n<img decoding=\"async\" src=\"https:\/\/www.gold-jewellerys.com\/test\/domaindemo-52949.tmp\/photo\/pl36230799-remark.jpg\"><\/p>\n<p><img decoding=\"async\" src=\"https:\/\/www.gold-jewellerys.com\/test\/domaindemo-52949.tmp\/photo\/pl36219445-remark.jpg\"><\/p>\n<p>PREGUNTAS FRECUENTES:<\/p>\n<p>1: \u00bfC\u00f3mo podemos obtener el precio?<\/p>\n<p>Le invitamos a ponerse en contacto con nosotros en whatsapp. Apenas env\u00edenos las im\u00e1genes de los art\u00edculos usted quiere entonces le diremos los precios cuanto antes.<\/p>\n<p>&nbsp;<\/p>\n<p>Persona de contacto: Nancy lee<br \/>\nWhatsApp: +86-18520267369 \/ Tell:+8618520267369<br \/>\nCorreo electr\u00f3nico: nancy@gzkgold.com<br \/>\nP\u00e1gina web:<\/p>\n<p>&nbsp;<\/p>\n<p>2: \u00bfPueden personalizar mi logotipo?<br \/>\nS\u00ed, absolutamente usted puede, por favor env\u00edenos su LOGOTIPO, estaremos libres de firmarlo. Para la joyer\u00eda de la marca siempre con el logotipo original,<\/p>\n<p>y si necesitas algo en especial, d\u00edmelo.<\/p>\n<p>&nbsp;<\/p>\n<p>3: \u00bfC\u00f3mo pago mi pedido?<\/p>\n<p>Por favor d\u00edgame su orden entonces le diremos el precio del art\u00edculo, la tarifa de env\u00edo y la tarifa original de la caja y la cantidad total. Usted puede hacer el pago por Western Union \/ T\/T, o Payoneer, procesaremos y enviaremos hacia fuera su orden cuanto antes despu\u00e9s del pago hecho.<\/p>\n<p>&nbsp;<\/p>\n<p>4: Can i have a certificate ?<\/p>\n<p>S\u00ed, no tienen el certificado si es necesario y el precio no incluye la tasa. El diamante no GIA certificado o sin ella s\u00f3lo<\/p>\n<p>h\u00e1gamelo saber porque hay diferencia de precio .<\/p>\n<p>&nbsp;<\/p>\n<p>5:&nbsp;How long can received my goods?<\/p>\n<p>Orden siempre procesando despu\u00e9s del dep\u00f3sito sobre su pedido. Haciendo tiempo 2-10 d\u00edas laborables dependiendo de la mano de obra de dise\u00f1o.<\/p>\n<p>dificultad, m\u00e1s 3-7 d\u00edas de tiempo de env\u00edo m\u00e9todo de env\u00edo expreso a todos fo el mundo.<\/p>\n<p>&nbsp;<\/p>\n<p>6: \u00bfHacen joyas para compradores particulares o s\u00f3lo para mayoristas?<\/p>\n<p>In fact, we are selling as a whole to people who sell online or have their own original design store, because branded jewellery also allows individual buyers. You can order high-quality branded jewelry for your family, friends and yourself at the ex-factory price. If you are a jewelry reseller, even it will be great. If you can order multiple items at a time, we will provide free shipping and free original brand boxes. More quantity then the best price.<\/p>\n<p style=\"padding: 0px;border: 0px\">\n&nbsp;<\/p><\/p>","protected":false},"excerpt":{"rendered":"<br \/>\n<table class=\"tables data\" width=\"100%\" border=\"0\" cellpadding=\"0\" cellspacing=\"0\">\n<tbody>\n<tr>\n<th width=\"35%\">Lugar de origen:<\/th>\n<td>China<\/td>\n<\/tr>\n<tr>\n<th width=\"35%\">Marca:<\/th>\n<td>Joyas de oro K<\/td>\n<\/tr>\n<tr>\n<th width=\"35%\">Certificaci\u00f3n:<\/th>\n<td>Certificado de joyer\u00eda<\/td>\n<\/tr>\n<tr>\n<th width=\"35%\">N\u00famero de modelo:<\/th>\n<td>K3366R<\/td>\n<\/tr>\n<\/tbody>\n<\/table>\n<p>                                                                            <span class=\"title_s\">Condiciones de pago y env\u00edo:<\/span>                            <\/p>\n<table class=\"tables data\" width=\"100%\" border=\"0\" cellpadding=\"0\" cellspacing=\"0\">\n<tbody>\n<tr>\n<th width=\"35%\" nowrap=\"nowrap\">Cantidad m\u00ednima de pedido:<\/th>\n<td>3<\/td>\n<\/tr>\n<tr>\n<th width=\"35%\" nowrap=\"nowrap\">Precio:<\/th>\n<td>Negociable<\/td>\n<\/tr>\n<tr>\n<th width=\"35%\" nowrap=\"nowrap\">Detalles del embalaje:<\/th>\n<td>Bolsa PP gruesa est\u00e1ndar, la marca vendr\u00e1 con la marca Embalaje<\/td>\n<\/tr>\n<tr>\n<th width=\"35%\" nowrap=\"nowrap\">Plazo de entrega:<\/th>\n<td>5-15 d\u00edas laborables<\/td>\n<\/tr>\n<tr>\n<th width=\"35%\" nowrap=\"nowrap\">Condiciones de pago:<\/th>\n<td>T\/T, Western Union<\/td>\n<\/tr>\n<tr>\n<th width=\"35%\" nowrap=\"nowrap\">Capacidad de suministro:<\/th>\n<td>2000pcs\/Mes<\/td>\n<\/tr>\n<\/tbody>\n<\/table>\n<p>                                                                                                                                 for us&#8221;,&#8221;countrycode&#8221;:&#8221;US&#8221;}&#8221;);&#8217; class=&#8221;btn contact_btn&#8221; style=&#8221;display: inline-block;background:#ff771c url(\/images\/css-sprite.png) -260px -214px;color:#fff;padding:0 13px 0 33px;width:auto;height:25px;line-height:26px;border:0;font-size:13px;border-radius:4px;font-weight:bold;text-decoration:none;&#8221;&gt;<\/p>","protected":false},"featured_media":1097,"comment_status":"closed","ping_status":"closed","template":"","meta":{"_gspb_post_css":""},"product_brand":[],"product_cat":[16],"product_tag":[],"class_list":{"0":"post-1102","1":"product","2":"type-product","3":"status-publish","4":"has-post-thumbnail","6":"product_cat-solid-gold-jewellery","8":"first","9":"instock","10":"shipping-taxable","11":"product-type-simple"},"aioseo_notices":[],"_links":{"self":[{"href":"https:\/\/dearjewelry.site\/es\/wp-json\/wp\/v2\/product\/1102","targetHints":{"allow":["GET"]}}],"collection":[{"href":"https:\/\/dearjewelry.site\/es\/wp-json\/wp\/v2\/product"}],"about":[{"href":"https:\/\/dearjewelry.site\/es\/wp-json\/wp\/v2\/types\/product"}],"replies":[{"embeddable":true,"href":"https:\/\/dearjewelry.site\/es\/wp-json\/wp\/v2\/comments?post=1102"}],"wp:featuredmedia":[{"embeddable":true,"href":"https:\/\/dearjewelry.site\/es\/wp-json\/wp\/v2\/media\/1097"}],"wp:attachment":[{"href":"https:\/\/dearjewelry.site\/es\/wp-json\/wp\/v2\/media?parent=1102"}],"wp:term":[{"taxonomy":"product_brand","embeddable":true,"href":"https:\/\/dearjewelry.site\/es\/wp-json\/wp\/v2\/product_brand?post=1102"},{"taxonomy":"product_cat","embeddable":true,"href":"https:\/\/dearjewelry.site\/es\/wp-json\/wp\/v2\/product_cat?post=1102"},{"taxonomy":"product_tag","embeddable":true,"href":"https:\/\/dearjewelry.site\/es\/wp-json\/wp\/v2\/product_tag?post=1102"}],"curies":[{"name":"wp","href":"https:\/\/api.w.org\/{rel}","templated":true}]}}