{"id":1128,"date":"2025-07-13T04:38:45","date_gmt":"2025-07-13T04:38:45","guid":{"rendered":"https:\/\/dearjewelry.site\/product\/round-14k-yellow-gold-wedding-band-1-8mm-2-5mm-natural-diamond-ring\/"},"modified":"2025-07-13T04:38:45","modified_gmt":"2025-07-13T04:38:45","slug":"round-14k-yellow-gold-wedding-band-1-8mm-2-5mm-natural-diamond-ring","status":"publish","type":"product","link":"https:\/\/dearjewelry.site\/es\/product\/round-14k-yellow-gold-wedding-band-1-8mm-2-5mm-natural-diamond-ring\/","title":{"rendered":"Anillo de boda redondo de oro amarillo de 14k , 1.8mm-2.5mm Anillo de diamantes naturales"},"content":{"rendered":"<h2>Anillo de boda redondo de oro amarillo de 14k , 1.8mm-2.5mm Anillo de diamantes naturales<\/h2>\n<p> Descripci\u00f3n<\/p>\n<table cellpadding=\"0\" cellspacing=\"0\" class=\"details_table\">\n<tbody>\n<tr>\n<th>Material:<\/th>\n<td>Oro amarillo de 14 quilates<\/td>\n<th>Natural\/Creado en laboratorio:<\/th>\n<td>Diamante natural<\/td>\n<\/tr>\n<tr class=\"bg_gray\">\n<th>Estilo:<\/th>\n<td>Alternating Pattern Diamond Ring<\/td>\n<th>Tama\u00f1o de la piedra:<\/th>\n<td>1.5mm<\/td>\n<\/tr>\n<tr>\n<th>Tipo de ajuste:<\/th>\n<td>Ajuste de garras<\/td>\n<th>Tama\u00f1o de la banda:<\/th>\n<td>1.8mm-2.5mm<\/td>\n<\/tr>\n<tr class=\"bg_gray\">\n<th>Corta:<\/th>\n<td>Talla brillante redonda<\/td>\n<th>Grado de claridad:<\/th>\n<td>VS1<\/td>\n<\/tr>\n<tr>\n<th>Grado de color:<\/th>\n<td>G-H<\/td>\n<th>Peso del diamante:<\/th>\n<td>0.23ct<\/td>\n<\/tr>\n<tr class=\"bg_gray\">\n<th colspan=\"1\">Lo m\u00e1s destacado:<\/th>\n<td colspan=\"3\">\n<h2 style='font-weight: bold;font-size: 14px'>2.5mm 14k Yellow Gold Wedding Band<\/h2>\n<p>, <\/p>\n<h2 style='font-weight: bold;font-size: 14px'>1.8mm 14k Yellow Gold Wedding Band<\/h2>\n<\/td>\n<\/tr>\n<\/tbody>\n<\/table>\n<p><p><span style=\"font-size:16px\"><strong><span style=\"font-family:arial,helvetica,sans-serif\">Descripci\u00f3n del producto:<\/span><\/strong><\/span><\/p>\n<p>&nbsp;<\/p>\n<p><span style=\"font-size:16px\"><strong>Alternating Pattern Diamond Ring Set In 14K Yellow Gold Jewelry<\/strong><\/span><\/p>\n<p>&nbsp;<\/p>\n<p><span style=\"font-size:16px\"><strong>Detalles del producto:&nbsp;<\/strong><\/span><\/p>\n<table border=\"1\" cellpadding=\"0\" cellspacing=\"0\" style=\"width: 576px\">\n<tbody>\n<tr>\n<td style=\"width: 136px\"><span style=\"font-size:16px\">N\u00ba de art\u00edculo<\/span><\/td>\n<td style=\"width: 434px\">\n<p><span style=\"font-size:16px\">KD136R<\/span><\/p>\n<\/td>\n<\/tr>\n<tr>\n<td style=\"width: 136px\"><span style=\"font-size:16px\">Nombre del producto<\/span><\/td>\n<td style=\"width: 434px\"><span style=\"font-size:16px\">Anillo de oro amarillo de 14 quilates<\/span><\/td>\n<\/tr>\n<tr>\n<td style=\"width: 136px\"><span style=\"font-size:16px\">Piedra<\/span><\/td>\n<td style=\"width: 434px\"><span style=\"font-size:16px\">Didamante natural <\/span><\/td>\n<\/tr>\n<tr>\n<td style=\"width: 136px\"><span style=\"font-size:16px\">Material<\/span><\/td>\n<td style=\"width: 434px\"><span style=\"font-size:16px\">Oro de 14 quilates<\/span><\/td>\n<\/tr>\n<tr>\n<td style=\"width: 136px\"><span style=\"font-size:16px\">Corte<\/span><\/td>\n<td style=\"width: 434px\"><span style=\"font-size:16px\">Corte redondo<\/span><\/td>\n<\/tr>\n<tr>\n<td style=\"width: 136px\"><span style=\"font-size:16px\">Tama\u00f1o de la piedra<\/span><\/td>\n<td style=\"width: 434px\"><span style=\"font-size:16px\">1.8mm-2.5mm<\/span><\/td>\n<\/tr>\n<tr>\n<td style=\"width: 136px\"><span style=\"font-size:16px\">Estilo<\/span><\/td>\n<td style=\"width: 434px\"><span style=\"font-size:16px\">Alternating Pattern&nbsp;Diamond Ring<\/span><\/td>\n<\/tr>\n<tr>\n<td style=\"width: 136px\"><span style=\"font-size:16px\">Claridad y color<\/span><\/td>\n<td style=\"width: 434px\"><span style=\"font-size:16px\">F-H VS1<\/span><\/td>\n<\/tr>\n<tr>\n<td style=\"width: 136px\"><span style=\"font-size:16px\">Configuraci\u00f3n<\/span><\/td>\n<td style=\"width: 434px\"><span style=\"font-size:16px\">Ajuste de garras<\/span><\/td>\n<\/tr>\n<tr>\n<td style=\"width: 136px\"><span style=\"font-size:16px\">Peso del diamante<\/span><\/td>\n<td style=\"width: 434px\"><span style=\"font-size:16px\">0.23ct<\/span><\/td>\n<\/tr>\n<\/tbody>\n<\/table>\n<p>&nbsp;<\/p>\n<p><span style=\"font-size:16px\"><strong><span style=\"font-family:arial,helvetica,sans-serif\"><span>Mostrar producto:<\/span><\/span><\/strong><\/span><\/p>\n<p><span style=\"font-size:16px\"><img decoding=\"async\" src=\"https:\/\/www.gold-jewellerys.com\/test\/gold-jewellerys.com\/photo\/pl37727129-remark.jpg\"><\/span><\/p>\n<p><span style=\"font-size:16px\"><strong>Detalle de la producci\u00f3n :<\/strong><\/span><\/p>\n<p><span style=\"font-size:16px\">Este anillo de diamantes finos banda delicada cuenta con un GIA certificado de diamante central.<\/span><\/p>\n<p><span style=\"font-size:16px\">- 100% Eye Clean y ninguna inclusi\u00f3n visible a simple vista.<\/span><\/p>\n<p><span style=\"font-size:16px\">- 100% Diamante natural.<\/span><\/p>\n<p><span style=\"font-size:16px\">- 100% Blanco y brillante (Lleno de vida) .<\/span><\/p>\n<p><span style=\"font-size:16px\">- Nuestras piedras NO son brumosas ni lechosas en absoluto.<\/span><\/p>\n<p>&nbsp;<\/p>\n<p><span style=\"font-size:16px\"><span style=\"font-family:arial,helvetica,sans-serif\">1: Anillo de diamantes de quilates<\/span><\/span><\/p>\n<p><span style=\"font-size:16px\"><span style=\"font-family: arial, helvetica, sans-serif\">2: Claridad del diamante&nbsp;<\/span>Clasificaci\u00f3n&nbsp;<span style=\"font-family: arial, helvetica, sans-serif\">: VS1<\/span><\/span><\/p>\n<p><span style=\"font-size:16px\"><span style=\"font-family:arial,helvetica,sans-serif\">3: Color del diamante <\/span>Clasificaci\u00f3n <span style=\"font-family:arial,helvetica,sans-serif\">: G-H<\/span><\/span><\/p>\n<p><span style=\"font-size:16px\"><span style=\"font-family:arial,helvetica,sans-serif\">4: Talla de diamante: Talla Redonda<\/span><\/span><\/p>\n<p><span style=\"font-size:16px\"><span style=\"font-family:arial,helvetica,sans-serif\">5: Material : Oro de 14 quilates&nbsp;<\/span><\/span><\/p>\n<p><span style=\"font-size:16px\"><span style=\"font-family: arial, helvetica, sans-serif\">6: Todos los pesos en quilates (ct.) de las piedras preciosas, si se mencionan, son aproximados; la variaci\u00f3n puede ser de 0,05 quilates.<\/span><\/span><\/p>\n<p><span style=\"font-size:16px\"><span style=\"font-family: arial, helvetica, sans-serif\">7: Las fotos pueden haber sido ampliadas y\/o mejoradas.<\/span><\/span><\/p>\n<p>&nbsp;<\/p>\n<p><span style=\"font-size:16px\"><strong>Por qu\u00e9 elegirnos:<\/strong><\/span><\/p>\n<p><span style=\"font-size:16px\">1: K-Gold cuenta con 21 a\u00f1os de experiencia en el sector de la joyer\u00eda y 17 a\u00f1os en producci\u00f3n.<\/span><\/p>\n<p><span style=\"font-size:16px\">2: El objetivo de K-gold es proporcionar a los clientes productos adecuados al precio adecuado y entregarlos a tiempo.<\/span><\/p>\n<p><span style=\"font-size:16px\">3: Para personalizar los art\u00edculos que usted puede conseguir CAD mismo d\u00eda o al d\u00eda siguiente para confirmar los datos antes del inicio del pedido.<\/span><\/p>\n<p><span style=\"font-size:16px\">4: Also our the professional R &amp; D team to ensure that our products are constantly updated and ahead of the industry. So we have more than 3000 different designs and more then 46 collections can meet of different market requests.<\/span><\/p>\n<p><span style=\"font-size:16px\">5: Tenemos un equipo de servicio al cliente de gran alcance que mantiene un ojo en todo el proceso de venta, ayudarle a cualquier pregunta, desde el dise\u00f1o CAD para entregar.<\/span><\/p>\n<p>&nbsp;<\/p>\n<p><span style=\"font-size:16px\"><strong>Servicio de f\u00e1brica K-Gold:<\/strong><\/span><\/p>\n<p><span style=\"font-size:16px\"><img decoding=\"async\" alt=\"Round 14k Yellow Gold Wedding Band , 1.8mm-2.5mm Natural Diamond Ring 1\" src=\"https:\/\/www.gold-jewellerys.com\/photo\/gold-jewellerys\/editor\/20211229104455_64536.jpg\"><img decoding=\"async\" alt=\"Round 14k Yellow Gold Wedding Band , 1.8mm-2.5mm Natural Diamond Ring 2\" src=\"https:\/\/www.gold-jewellerys.com\/photo\/gold-jewellerys\/editor\/20211229104512_70261.png\"><\/span><\/p>\n<p>&nbsp;<\/p>\n<p><span style=\"font-size:16px\"><strong>PREGUNTAS FRECUENTES:<\/strong><\/span><\/p>\n<p><span style=\"font-size:16px\">1: \u00bfC\u00f3mo podemos obtener el precio?<\/span><\/p>\n<p><span style=\"font-size:16px\">Le invitamos a ponerse en contacto con nosotros en whatsapp. S\u00f3lo tiene que enviarnos las fotos de los art\u00edculos que desea entonces le diremos los precios tan pronto como sea posible.<\/span><\/p>\n<p>&nbsp;<\/p>\n<p><span style=\"font-size:16px\">Persona de contacto: Cherry Lee<br \/>\nWhatsApp: +86-18520267369 \/ Tell:+8618520267369<br \/>\nCorreo electr\u00f3nico:<br \/>\nP\u00e1gina web:<\/span><\/p>\n<p>&nbsp;<\/p>\n<p><span style=\"font-size:16px\">2: How long to prepare an order?<\/span><\/p>\n<p><span style=\"font-size:16px\">Siempre necesitamos producci\u00f3n y el tiempo de preparaci\u00f3n es de unos 10-15 d\u00edas.<\/span><\/p>\n<p>&nbsp;<\/p>\n<p><span style=\"font-size:16px\">3: What is more expensive, 14k or 18k gold?<\/span><\/p>\n<p><span style=\"font-size:16px\">18k gold is more expensive than 14k gold, by a few hundred dollars depending on the type of setting you choose. A 14k halo setting will cost you more than a 14k solitaire setting.<\/span><\/p>\n<p>&nbsp;<\/p>\n<p><span style=\"font-size:16px\">4: How to care for 14k gold jewelry?<\/span><\/p>\n<p><span style=\"font-size:16px\">Please avoid handling harsh chemicals (like chlorine or bleach), remove your rings during high impact sports or activities, and take your ring to get professionally cleaned once a year.<\/span><\/p>\n<p>&nbsp;<\/p>\n<p><span style=\"font-size:16px\">5: Are you factory or wholesaler or trading company?<\/span><\/p>\n<p><span style=\"font-size:16px\">We usually ship by DHL\/Fedex\/EMS\/UPS and so on,shipping time is about 2~7days.<\/span><\/p>\n<p>&nbsp;<\/p>\n<p><span style=\"font-size:16px\"><span style=\"font-family:arial,helvetica,sans-serif\">6: <\/span>\u00bfPuedo tener mi propio dise\u00f1o?<span style=\"font-family:arial,helvetica,sans-serif\"> <\/span><\/span><\/p>\n<p><span style=\"font-size:16px\">No hay problema puede, nuestro dise\u00f1ador de acuerdo a su imagen o ideas para dibujar \/ imagen de dise\u00f1o. El producto arreglar\u00e1 la producci\u00f3n cuando usted confirma.<\/span><\/p><\/p>","protected":false},"excerpt":{"rendered":"<br \/>\n<table class=\"tables data\" width=\"100%\" border=\"0\" cellpadding=\"0\" cellspacing=\"0\">\n<tbody>\n<tr>\n<th width=\"35%\">Lugar de origen:<\/th>\n<td>China<\/td>\n<\/tr>\n<tr>\n<th width=\"35%\">Marca:<\/th>\n<td>Joyas de oro K<\/td>\n<\/tr>\n<tr>\n<th width=\"35%\">Certificaci\u00f3n:<\/th>\n<td>Certificado de joyer\u00eda<\/td>\n<\/tr>\n<tr>\n<th width=\"35%\">N\u00famero de modelo:<\/th>\n<td>KD136R<\/td>\n<\/tr>\n<\/tbody>\n<\/table>\n<p>                                                                            <span class=\"title_s\">Condiciones de pago y env\u00edo:<\/span>                            <\/p>\n<table class=\"tables data\" width=\"100%\" border=\"0\" cellpadding=\"0\" cellspacing=\"0\">\n<tbody>\n<tr>\n<th width=\"35%\" nowrap=\"nowrap\">Cantidad m\u00ednima de pedido:<\/th>\n<td>3<\/td>\n<\/tr>\n<tr>\n<th width=\"35%\" nowrap=\"nowrap\">Precio:<\/th>\n<td>Negociable<\/td>\n<\/tr>\n<tr>\n<th width=\"35%\" nowrap=\"nowrap\">Detalles del embalaje:<\/th>\n<td>Bolsa PP gruesa est\u00e1ndar<\/td>\n<\/tr>\n<tr>\n<th width=\"35%\" nowrap=\"nowrap\">Plazo de entrega:<\/th>\n<td>5-15 d\u00edas laborables<\/td>\n<\/tr>\n<tr>\n<th width=\"35%\" nowrap=\"nowrap\">Condiciones de pago:<\/th>\n<td>T\/T, Western Union<\/td>\n<\/tr>\n<tr>\n<th width=\"35%\" nowrap=\"nowrap\">Capacidad de suministro:<\/th>\n<td>2000pcs\/Mes<\/td>\n<\/tr>\n<\/tbody>\n<\/table>\n<p>                                                                                                                                \", \"countrycode\": \"US\"}\");' class=\"btn contact_btn\" style=\"display: inline-block;background:#ff771c url(\/images\/css-sprite.png) -260px -214px;color:#fff;padding:0 13px 0 33px;width:auto;height:25px;line-height:26px;border:0;font-size:13px;border-radius:4px;font-weight:bold;text-decoration:none;\"&gt;<\/p>","protected":false},"featured_media":1126,"comment_status":"closed","ping_status":"closed","template":"","meta":{"_gspb_post_css":""},"product_brand":[],"product_cat":[16],"product_tag":[],"class_list":{"0":"post-1128","1":"product","2":"type-product","3":"status-publish","4":"has-post-thumbnail","6":"product_cat-solid-gold-jewellery","8":"first","9":"instock","10":"shipping-taxable","11":"product-type-simple"},"aioseo_notices":[],"_links":{"self":[{"href":"https:\/\/dearjewelry.site\/es\/wp-json\/wp\/v2\/product\/1128","targetHints":{"allow":["GET"]}}],"collection":[{"href":"https:\/\/dearjewelry.site\/es\/wp-json\/wp\/v2\/product"}],"about":[{"href":"https:\/\/dearjewelry.site\/es\/wp-json\/wp\/v2\/types\/product"}],"replies":[{"embeddable":true,"href":"https:\/\/dearjewelry.site\/es\/wp-json\/wp\/v2\/comments?post=1128"}],"wp:featuredmedia":[{"embeddable":true,"href":"https:\/\/dearjewelry.site\/es\/wp-json\/wp\/v2\/media\/1126"}],"wp:attachment":[{"href":"https:\/\/dearjewelry.site\/es\/wp-json\/wp\/v2\/media?parent=1128"}],"wp:term":[{"taxonomy":"product_brand","embeddable":true,"href":"https:\/\/dearjewelry.site\/es\/wp-json\/wp\/v2\/product_brand?post=1128"},{"taxonomy":"product_cat","embeddable":true,"href":"https:\/\/dearjewelry.site\/es\/wp-json\/wp\/v2\/product_cat?post=1128"},{"taxonomy":"product_tag","embeddable":true,"href":"https:\/\/dearjewelry.site\/es\/wp-json\/wp\/v2\/product_tag?post=1128"}],"curies":[{"name":"wp","href":"https:\/\/api.w.org\/{rel}","templated":true}]}}