{"id":1179,"date":"2025-07-13T04:39:04","date_gmt":"2025-07-13T04:39:04","guid":{"rendered":"https:\/\/dearjewelry.site\/product\/0-1ct-diamond-14k-solid-gold-jewellery-round-cut-3-21g-weight-for-engagement\/"},"modified":"2025-07-13T04:39:04","modified_gmt":"2025-07-13T04:39:04","slug":"0-1ct-diamond-14k-solid-gold-jewellery-round-cut-3-21g-weight-for-engagement","status":"publish","type":"product","link":"https:\/\/dearjewelry.site\/es\/product\/0-1ct-diamond-14k-solid-gold-jewellery-round-cut-3-21g-weight-for-engagement\/","title":{"rendered":"0.1ct Diamante 14K Oro Macizo Joyer\u00eda Corte Redondo 3.21g Peso para Compromiso"},"content":{"rendered":"<h2>0.1ct Diamante 14K Oro Macizo Joyer\u00eda Corte Redondo 3.21g Peso para Compromiso<\/h2>\n<p> Descripci\u00f3n<\/p>\n<table cellpadding=\"0\" cellspacing=\"0\" class=\"details_table\">\n<tbody>\n<tr>\n<th>Material:<\/th>\n<td>Joyas de oro 9K\/10K\/14K\/18K<\/td>\n<th>Piedra principal:<\/th>\n<td>Diamante de laboratorio CVD\/HPHT<\/td>\n<\/tr>\n<tr class=\"bg_gray\">\n<th>Lugar de origen:<\/th>\n<td>China (continental)<\/td>\n<th>Corte de piedra:<\/th>\n<td>Corte redondo<\/td>\n<\/tr>\n<tr>\n<th>Estilo de moda:<\/th>\n<td>Joyer\u00eda natural<\/td>\n<th>Peso:<\/th>\n<td>Alrededor de 3,21 g<\/td>\n<\/tr>\n<tr class=\"bg_gray\">\n<th>Personal\u00edzalo:<\/th>\n<td>Joyas de oro personalizadas<\/td>\n<th>Color chapado:<\/th>\n<td>Oro blanco<\/td>\n<\/tr>\n<tr>\n<th>Ocasi\u00f3n del compromiso:<\/th>\n<td>Regalo, Fiesta, Boda<\/td>\n<th>Tama\u00f1o:<\/th>\n<td>RD3.0MM=0.1ct<\/td>\n<\/tr>\n<tr class=\"bg_gray\">\n<th colspan=\"1\">Luz alta:<\/th>\n<td colspan=\"3\">\n<h2 style='font-weight: bold;font-size: 14px'>0.1ct 14K Solid Gold Jewellery<\/h2>\n<p>, <\/p>\n<h2 style='font-weight: bold;font-size: 14px'>3.21g 14K Solid Gold Jewellery<\/h2>\n<\/td>\n<\/tr>\n<\/tbody>\n<\/table>\n<p><p><span style=\"font-size:16px\"><strong>Descripci\u00f3n del producto:&nbsp;<\/strong><\/span><\/p>\n<p><strong><span style=\"font-family:arial,helvetica,sans-serif\">14K Solid Gold Jewellery 0.1ct Round Cut Natural Diamond Engagement Ring<\/span><\/strong><\/p>\n<table border=\"1\" cellpadding=\"0\" cellspacing=\"0\" style=\"width: 576px\">\n<tbody>\n<tr>\n<td style=\"width: 127px\"><span style=\"font-size:16px\">N\u00ba de art\u00edculo<\/span><\/td>\n<td style=\"width: 441px\">KD127R<\/td>\n<\/tr>\n<tr>\n<td style=\"width: 127px\"><span style=\"font-size:16px\">Nombre del producto<\/span><\/td>\n<td style=\"width: 441px\"><span style=\"font-size:16px\">Joyas personalizadas de oro macizo de 14 quilates<\/span><\/td>\n<\/tr>\n<tr>\n<td style=\"width: 127px\"><span style=\"font-size:16px\">Estilo<\/span><\/td>\n<td style=\"width: 441px\"><span style=\"font-size:16px\">EngenderStyle&nbsp;<\/span><\/td>\n<\/tr>\n<tr>\n<td style=\"width: 127px\"><span style=\"font-size:16px\">Material<\/span><\/td>\n<td style=\"width: 441px\"><span style=\"font-size:16px\">Oro blanco de 14 quilates<\/span><\/td>\n<\/tr>\n<tr>\n<td style=\"width: 127px\"><span style=\"font-size:16px\">Tipo de configuraci\u00f3n<\/span><\/td>\n<td style=\"width: 441px\"><span style=\"font-size:16px\">Ajuste manual<\/span><\/td>\n<\/tr>\n<tr>\n<td style=\"width: 127px\"><span style=\"font-size:16px\">G\u00e9nero<\/span><\/td>\n<td style=\"width: 441px\">Ni\u00f1os, Hombres, Unisex, Mujeres<\/td>\n<\/tr>\n<tr>\n<td style=\"width: 127px\"><span style=\"font-size:16px\">Piedra diminuta<\/span><\/td>\n<td style=\"width: 441px\"><span style=\"font-size:16px\">10pcs Diamante Natural<\/span><\/td>\n<\/tr>\n<tr>\n<td style=\"width: 127px\"><span style=\"font-size:16px\">Piedra principal<\/span><\/td>\n<td style=\"width: 441px\"><span style=\"font-size:16px\">Diamante natural\/diamante de laboratorio\/mosianita<\/span><\/td>\n<\/tr>\n<tr>\n<td style=\"width: 127px\"><span style=\"font-size:16px\">Piedra principal Tama\u00f1o<\/span><\/td>\n<td style=\"width: 441px\"><span style=\"font-size:16px\"><span style=\"font-family:arial,helvetica,sans-serif\">RD3.0MM=0.1ct<\/span><\/span><\/td>\n<\/tr>\n<tr>\n<td style=\"width: 127px\"><span style=\"font-size:16px\">Color<\/span><\/td>\n<td style=\"width: 441px\"><span style=\"font-size:16px\">Seg\u00fan su petici\u00f3n<\/span><\/td>\n<\/tr>\n<tr>\n<td style=\"width: 127px\"><span style=\"font-size:16px\">Tama\u00f1o del anillo<\/span><\/td>\n<td style=\"width: 441px\"><span style=\"font-size:16px\">Caliente venta tama\u00f1o # 4 - # 12, cualquier tama\u00f1o es factible.<\/span><\/td>\n<\/tr>\n<\/tbody>\n<\/table>\n<p>&nbsp;<\/p>\n<p><span style=\"font-size:16px\"><strong>Detalle de la producci\u00f3n:<\/strong><br \/>\nInformaci\u00f3n sobre Tiny Diamond:<br \/>\nNumber of Diamonds: 32pcs<br \/>\nTotal Carat Weight: 0.32ct<br \/>\nColor medio: G-H<br \/>\nClaridad media: SI1\/SI2\/VS1 Personalizar Solicitar<br \/>\nCorte medio: <span>Muy bueno<\/span><\/span><\/p>\n<p><span style=\"font-size:16px\">Tipo de engaste: Engastado<\/span><\/p>\n<p>\n<span style=\"font-size:16px\">Informaci\u00f3n de la piedra principal: Diamante natural\/Lab Diamond<br \/>\nPeso total en quilates:&nbsp;<\/span><span style=\"font-family: arial, helvetica, sans-serif\">0,1 ct<\/span><span style=\"font-size:16px\">&nbsp;diamante<\/span><\/p>\n<p><font style=\"font-size: 16px\">Tama\u00f1o:&nbsp;<\/font><span style=\"font-family: arial, helvetica, sans-serif\">RD3.0MM<\/span><span style=\"font-size: 16px\">&nbsp;for stone<\/span><font style=\"font-size: 16px\"> <\/font><\/p>\n<p>&nbsp;<\/p>\n<p>&nbsp;<\/p>\n<p><strong style=\"font-size: 16px\">Por qu\u00e9 elegirnos:<\/strong><br \/>\n<span style=\"font-size: 16px\">1: Somos fabricantes profesionales de joyas.&nbsp;<\/span><br \/>\n<span style=\"font-size: 16px\">2: Tambi\u00e9n nuestro equipo profesional de I + D para asegurar que nuestros productos se actualizan constantemente y por delante de la industria. As\u00ed que tenemos m\u00e1s de 3000 dise\u00f1os diferentes y m\u00e1s de 46 colecciones pueden satisfacer la demanda de diferentes mercados.<\/span><br \/>\n<span style=\"font-size: 16px\">3: Para personalizar los art\u00edculos que usted puede conseguir CAD mismo d\u00eda o al d\u00eda siguiente para confirmar los datos antes del inicio del pedido.<\/span><br \/>\n<span style=\"font-size:16px\">4: Disponemos de tecnolog\u00eda exclusiva para grabar cualquier motivo en cualquier gema fina.<br \/>\n5: Contamos con un potente equipo de atenci\u00f3n al cliente que vigila todo el proceso de venta, para ayudarle en caso de duda.<\/span><\/p>\n<p>&nbsp;<\/p>\n<p><span style=\"font-size:16px\">Servicio de f\u00e1brica K-Gold:<br \/>\n<img decoding=\"async\" src=\"https:\/\/www.gold-jewellerys.com\/test\/domaindemo-52949.tmp\/photo\/pl36219389-remark.jpg\"><br \/>\n<img decoding=\"async\" src=\"https:\/\/www.gold-jewellerys.com\/test\/domaindemo-52949.tmp\/photo\/pl36230799-remark.jpg\"><\/span><\/p>\n<p>&nbsp;<\/p>\n<p><span style=\"font-size:16px\">Preguntas frecuentes:<\/span><\/p>\n<p><span style=\"font-size:16px\">1: \u00bfC\u00f3mo podemos obtener el precio?<\/span><\/p>\n<p><span style=\"font-size:16px\">Le invitamos a ponerse en contacto con nosotros en whatsapp. Apenas env\u00edenos las im\u00e1genes de los art\u00edculos usted quiere entonces le diremos los precios cuanto antes.<\/span><\/p>\n<p>&nbsp;<\/p>\n<p><span style=\"font-size:16px\">Contacto: Nancy lee<br \/>\nWhatsApp: +86-18520267369 \/ Tell:+8618520267369<br \/>\nCorreo electr\u00f3nico: nancy@gzkgold.com<\/span><\/p>\n<p>&nbsp;<\/p>\n<p><span style=\"font-size:16px\">2: <span style=\"font-family:arial,helvetica,sans-serif\">Is it OK to print my logo on the product?<br \/>\nYes.Please inform us formally before our production and confirm the design firstly basedon our sample.<\/span><\/span><\/p>\n<p>&nbsp;<\/p>\n<p><span style=\"font-size:16px\">3: <span>What else services you can provided compare other suppliers?<\/span><br style=\"font-family: arial, helvetica, sans-serif;font-size: 16px\" \/><br \/>\n<span>Full details catalogs with new designs updated every month will besent to you.<\/span><\/span><\/p>\n<p>&nbsp;<\/p>\n<p><span style=\"font-size:16px\">4: <span style=\"font-family:arial,helvetica,sans-serif\">What&rsquo;s the shipment method?How long does it take for delivery?<br \/>\nOur product distributed to all over the world. Shipped by DHL\/Fedex\/ TNT\/UPS takes 3-7 days,Epacket takes 7-15 days, China Post takes 15-30 days.<\/span><\/span><\/p>\n<p>&nbsp;<\/p>\n<p><span style=\"font-size:16px\"><span style=\"font-family:arial,helvetica,sans-serif\">5: \u00bfPor qu\u00e9 comprarnos a nosotros en lugar de a otros proveedores?<br \/>\nTenemos 17 a\u00f1os de experiencia en la producci\u00f3n; una amplia variedad de productos de alta calidad; trabajo en equipo entusiasta y con estilo; la personalizaci\u00f3n se puede procesar seg\u00fan las necesidades; embalaje seguro y exquisito y transporte r\u00e1pido, con el mejor servicio.<\/span><\/span><\/p>\n<p>&nbsp;<\/p>\n<p><span style=\"font-size:16px\"><span style=\"font-family:arial,helvetica,sans-serif\">6:&nbsp;How can we guarantee quality?<br \/>\nSiempre una muestra de preproducci\u00f3n antes de la producci\u00f3n en serie;<br \/>\nSiempre Inspecci\u00f3n final antes del env\u00edo;<\/span><\/span><\/p><\/p>","protected":false},"excerpt":{"rendered":"<br \/>\n<table class=\"tables data\" width=\"100%\" border=\"0\" cellpadding=\"0\" cellspacing=\"0\">\n<tbody>\n<tr>\n<th width=\"35%\">Lugar de origen:<\/th>\n<td>China<\/td>\n<\/tr>\n<tr>\n<th width=\"35%\">Marca:<\/th>\n<td>Joyas de oro K<\/td>\n<\/tr>\n<tr>\n<th width=\"35%\">Certificaci\u00f3n:<\/th>\n<td>Certificado de joyer\u00eda<\/td>\n<\/tr>\n<tr>\n<th width=\"35%\">N\u00famero de modelo:<\/th>\n<td>KD127R<\/td>\n<\/tr>\n<\/tbody>\n<\/table>\n<p>                                                                            <span class=\"title_s\">Condiciones de pago y env\u00edo:<\/span>                            <\/p>\n<table class=\"tables data\" width=\"100%\" border=\"0\" cellpadding=\"0\" cellspacing=\"0\">\n<tbody>\n<tr>\n<th width=\"35%\" nowrap=\"nowrap\">Cantidad m\u00ednima de pedido:<\/th>\n<td>1<\/td>\n<\/tr>\n<tr>\n<th width=\"35%\" nowrap=\"nowrap\">Precio:<\/th>\n<td>Negociable<\/td>\n<\/tr>\n<tr>\n<th width=\"35%\" nowrap=\"nowrap\">Detalles del embalaje:<\/th>\n<td>Bolsa PP gruesa est\u00e1ndar, la marca vendr\u00e1 con la marca Embalaje<\/td>\n<\/tr>\n<tr>\n<th width=\"35%\" nowrap=\"nowrap\">Plazo de entrega:<\/th>\n<td>5-15 d\u00edas laborables<\/td>\n<\/tr>\n<tr>\n<th width=\"35%\" nowrap=\"nowrap\">Condiciones de pago:<\/th>\n<td>T\/T, Western Union<\/td>\n<\/tr>\n<tr>\n<th width=\"35%\" nowrap=\"nowrap\">Capacidad de suministro:<\/th>\n<td>2000pcs\/Mes<\/td>\n<\/tr>\n<\/tbody>\n<\/table>","protected":false},"featured_media":1177,"comment_status":"closed","ping_status":"closed","template":"","meta":{"_gspb_post_css":""},"product_brand":[],"product_cat":[16],"product_tag":[],"class_list":{"0":"post-1179","1":"product","2":"type-product","3":"status-publish","4":"has-post-thumbnail","6":"product_cat-solid-gold-jewellery","8":"first","9":"instock","10":"shipping-taxable","11":"product-type-simple"},"aioseo_notices":[],"_links":{"self":[{"href":"https:\/\/dearjewelry.site\/es\/wp-json\/wp\/v2\/product\/1179","targetHints":{"allow":["GET"]}}],"collection":[{"href":"https:\/\/dearjewelry.site\/es\/wp-json\/wp\/v2\/product"}],"about":[{"href":"https:\/\/dearjewelry.site\/es\/wp-json\/wp\/v2\/types\/product"}],"replies":[{"embeddable":true,"href":"https:\/\/dearjewelry.site\/es\/wp-json\/wp\/v2\/comments?post=1179"}],"wp:featuredmedia":[{"embeddable":true,"href":"https:\/\/dearjewelry.site\/es\/wp-json\/wp\/v2\/media\/1177"}],"wp:attachment":[{"href":"https:\/\/dearjewelry.site\/es\/wp-json\/wp\/v2\/media?parent=1179"}],"wp:term":[{"taxonomy":"product_brand","embeddable":true,"href":"https:\/\/dearjewelry.site\/es\/wp-json\/wp\/v2\/product_brand?post=1179"},{"taxonomy":"product_cat","embeddable":true,"href":"https:\/\/dearjewelry.site\/es\/wp-json\/wp\/v2\/product_cat?post=1179"},{"taxonomy":"product_tag","embeddable":true,"href":"https:\/\/dearjewelry.site\/es\/wp-json\/wp\/v2\/product_tag?post=1179"}],"curies":[{"name":"wp","href":"https:\/\/api.w.org\/{rel}","templated":true}]}}