{"id":2436,"date":"2025-07-13T10:26:07","date_gmt":"2025-07-13T10:26:07","guid":{"rendered":"https:\/\/dearjewelry.site\/product\/em-cut-round-white-gold-engagement-rings-18k-white-gold-and-diamond-ring-3-0x2-3mm\/"},"modified":"2025-07-13T10:26:07","modified_gmt":"2025-07-13T10:26:07","slug":"em-cut-round-white-gold-engagement-rings-18k-white-gold-and-diamond-ring-3-0x2-3mm","status":"publish","type":"product","link":"https:\/\/dearjewelry.site\/es\/product\/em-cut-round-white-gold-engagement-rings-18k-white-gold-and-diamond-ring-3-0x2-3mm\/","title":{"rendered":"EM Cut Ronda Anillos de Compromiso de Oro Blanco , 18k Anillo de Oro Blanco y Diamantes 3.0\u00d72.3mm"},"content":{"rendered":"<h2>EM Cut Ronda Anillos de Compromiso de Oro Blanco , 18k Anillo de Oro Blanco y Diamantes 3.0\u00d72.3mm<\/h2>\n<p> Descripci\u00f3n<\/p>\n<table cellpadding=\"0\" cellspacing=\"0\" class=\"details_table\">\n<tbody>\n<tr>\n<th>Main Cut:<\/th>\n<td>EM Cut<\/td>\n<th>Estilo:<\/th>\n<td>Fashionable, Wedding Ring Set, Fashion, Classic<\/td>\n<\/tr>\n<tr class=\"bg_gray\">\n<th>Material:<\/th>\n<td>Oro macizo de 18 quilates<\/td>\n<th>Logo:<\/th>\n<td>OEM\/ODM<\/td>\n<\/tr>\n<tr>\n<th>Piedra:<\/th>\n<td>Natural Diamond\/Lab Diamond\/Mossanite<\/td>\n<th>Setting:<\/th>\n<td>Channel Setting<\/td>\n<\/tr>\n<tr class=\"bg_gray\">\n<th>Personal\u00edzalo:<\/th>\n<td>Disponible Personalizar<\/td>\n<th>Gold Color:<\/th>\n<td>Gold \/ Rose Gold<\/td>\n<\/tr>\n<tr>\n<th>Ocasi\u00f3n:<\/th>\n<td>Anywhere<\/td>\n<th>Rings Type:<\/th>\n<td>Eternity Band Rings, Anniversary Ring<\/td>\n<\/tr>\n<tr class=\"bg_gray\">\n<th colspan=\"1\">Luz alta:<\/th>\n<td colspan=\"3\">\n<h2 style='font-weight: bold;font-size: 14px'>2.3mm Round White Gold Engagement Rings<\/h2>\n<p>, <\/p>\n<h2 style='font-weight: bold;font-size: 14px'>3.0mm Round White Gold Engagement Rings<\/h2>\n<p>, <\/p>\n<h2 style='font-weight: bold;font-size: 14px'>EM Cut 18k White Gold And Diamond Ring<\/h2>\n<\/td>\n<\/tr>\n<\/tbody>\n<\/table>\n<p><p><span style=\"font-size:16px\"><span style=\"font-family:arial,helvetica,sans-serif\">Descripci\u00f3n del producto:<\/span><\/span><\/p>\n<p><span style=\"font-size:16px\"><strong>18K Rose Gold Ring Real Diamond Channel Rings Genuine Solid Gold Personality Jewelry<\/strong><\/span><\/p>\n<table border=\"1\" cellpadding=\"0\" cellspacing=\"0\" style=\"width: 576px\">\n<tbody>\n<tr>\n<td style=\"width: 126px\"><span style=\"font-size:16px\">N\u00ba de art\u00edculo<\/span><\/td>\n<td style=\"width: 444px\"><span style=\"font-size:16px\">&nbsp;KD052R<\/span><\/td>\n<\/tr>\n<tr>\n<td style=\"width: 126px\"><span style=\"font-size:16px\">Nombre del producto<\/span><\/td>\n<td style=\"width: 444px\"><span style=\"font-size:16px\">&nbsp;<span style=\"font-family:arial,helvetica,sans-serif\">Oro rosa de 18 quilates<\/span><\/span><\/td>\n<\/tr>\n<tr>\n<td style=\"width: 126px\"><span style=\"font-size:16px\">Estilo<\/span><\/td>\n<td style=\"width: 444px\"><span style=\"font-size:16px\">&nbsp;Custom<\/span><\/td>\n<\/tr>\n<tr>\n<td style=\"width: 126px\"><span style=\"font-size:16px\">Material<\/span><\/td>\n<td style=\"width: 444px\"><span style=\"font-size:16px\">&nbsp;Oro rosa de 18 quilates<\/span><\/td>\n<\/tr>\n<tr>\n<td style=\"width: 126px\"><span style=\"font-size:16px\">Tipo de configuraci\u00f3n<\/span><\/td>\n<td style=\"width: 444px\"><span style=\"font-family:arial,helvetica,sans-serif\"><span style=\"font-size:16px\">&nbsp;<\/span><\/span><span style=\"font-size:16px\">Channel&nbsp;<\/span><span style=\"font-family:arial,helvetica,sans-serif\"><span style=\"font-size:16px\">Configuraci\u00f3n<\/span><\/span><\/td>\n<\/tr>\n<tr>\n<td style=\"width: 126px\"><span style=\"font-size:16px\">G\u00e9nero<\/span><\/td>\n<td style=\"width: 444px\"><span style=\"font-size:16px\">&nbsp;Women&#039;s,Ladies,Couple,Young Girls<\/span><\/td>\n<\/tr>\n<tr>\n<td style=\"width: 126px\"><span style=\"font-size:16px\">Piedra diminuta<\/span><\/td>\n<td style=\"width: 444px\"><span style=\"font-size:16px\">&nbsp;Natural Diamond F-H SI1\/SI2\/VS1\/Lab Diamond \/ Mossianite<\/span><\/td>\n<\/tr>\n<tr>\n<td style=\"width: 126px\"><span style=\"font-size:16px\">Piedra principal<\/span><\/td>\n<td style=\"width: 444px\"><span style=\"font-size:16px\">&nbsp;Natural Diamond\/Lab Diamond\/Mossianite\/All gems<\/span><\/td>\n<\/tr>\n<tr>\n<td style=\"width: 126px\"><span style=\"font-size:16px\">Dimensi\u00f3n<\/span><\/td>\n<td style=\"width: 444px\"><span style=\"font-size:16px\">&nbsp;<\/span><span style=\"font-family: arial, helvetica, sans-serif;font-size: 16px\">3.0&times;2.3MM&nbsp;<\/span><span style=\"font-size:16px\">EM Cut<\/span><\/td>\n<\/tr>\n<tr>\n<td style=\"width: 126px\"><span style=\"font-size:16px\">Ocasi\u00f3n<\/span><\/td>\n<td style=\"width: 444px\"><span style=\"font-size:16px\">&nbsp;Aniversario, Compromiso, Regalo, Fiesta, Boda<\/span><\/td>\n<\/tr>\n<tr>\n<td style=\"width: 126px\"><span style=\"font-size:16px\">Tama\u00f1o del anillo<\/span><\/td>\n<td style=\"width: 444px\"><span style=\"font-size:16px\">&nbsp;Any size available #4, #5, #6, #7, #8, #9, #10, #11, #12<\/span><\/td>\n<\/tr>\n<\/tbody>\n<\/table>\n<p>&nbsp;<\/p>\n<p><span style=\"font-size:16px\">Detalle de la producci\u00f3n:<\/span><\/p>\n<p><span style=\"font-size:16px\">Diamond Information:<\/span><\/p>\n<p><span style=\"font-size:16px\">DIA<br \/>\nEC: 3.0X2.3MM X10(Prong)<br \/>\nPT950: 5.0g<\/span><\/p>\n<p>&nbsp;<\/p>\n<p><span style=\"font-family:arial,helvetica,sans-serif\"><span style=\"font-size:16px\">Number of Diamonds: 10pcs<br \/>\nColor medio: G-H<br \/>\nAverage Clarity: S11\/SI2\/VS1 Customize Request<br \/>\nAverage Cut:&nbsp;EM Cut<br \/>\nTipo de ajuste: <\/span><\/span><span style=\"font-size: 16px\">Channel <\/span><span style=\"font-family: arial, helvetica, sans-serif\"><span style=\"font-size: 16px\">Configuraci\u00f3n<\/span><\/span><\/p>\n<p>\n<span style=\"font-size:16px\"><span style=\"font-family:arial,helvetica,sans-serif\">Por qu\u00e9 elegirnos:<\/span><br \/>\n<span style=\"font-family:arial,helvetica,sans-serif\">1: K-Gold cuenta con 21 a\u00f1os de experiencia en el sector de la joyer\u00eda y 17 a\u00f1os en producci\u00f3n.<\/span><br \/>\n<span style=\"font-family:arial,helvetica,sans-serif\">2: Tambi\u00e9n nuestro equipo profesional de I + D para asegurar que nuestros productos se actualizan constantemente y por delante de la industria. As\u00ed que tenemos m\u00e1s de 3000 dise\u00f1os diferentes y m\u00e1s de 46 colecciones pueden satisfacer la demanda de diferentes mercados.<\/span><br \/>\n<span style=\"font-family:arial,helvetica,sans-serif\">3: Para personalizar los art\u00edculos que usted puede conseguir CAD mismo d\u00eda o al d\u00eda siguiente para confirmar los datos antes del inicio del pedido.<\/span><br \/>\n<span style=\"font-family:arial,helvetica,sans-serif\">4: El objetivo de K-gold es ofrecer a los clientes productos adecuados al precio adecuado y entregarlos a tiempo.<\/span><br \/>\n<span style=\"font-family:arial,helvetica,sans-serif\">5:&nbsp;We have a powerful customer service team that keeps an eye on the entire sales process,help you any questions,from design CAD to deliver.<\/span><br \/>\n<span style=\"font-family:arial,helvetica,sans-serif\">Servicio de f\u00e1brica K-Gold:<\/span><\/span><br \/>\n&nbsp;<\/p>\n<p>\n<img decoding=\"async\" src=\"https:\/\/www.gold-jewellerys.com\/test\/gold-jewellerys.com\/photo\/pl36219389-remark.jpg\"><br \/>\n&nbsp;<\/p>\n<p><img decoding=\"async\" src=\"https:\/\/www.gold-jewellerys.com\/test\/gold-jewellerys.com\/photo\/pl36219445-remark.jpg\"><\/p>\n<p>PREGUNTAS FRECUENTES:<\/p>\n<p>1: Q: How may the delivery date for customized orders be affected?<\/p>\n<p>&nbsp; &nbsp; A: Most orders are shipped on time.In rare cases, the delivery of items may be slightly delayed. You can contact our customer service team via&nbsp; &nbsp; &nbsp; phone or chat to find out the estimated delivery date.<\/p>\n<p>&nbsp;<\/p>\n<p>2: Q: Can you customize my logo ?<br \/>\n&nbsp; &nbsp; A: Yes, absolutely you can,Please send to us your LOGO, we will free to sign it. For brand jewelry always with orginal logo,<\/p>\n<p>&nbsp; &nbsp; y si necesitas algo en especial, d\u00edmelo.<\/p>\n<p>&nbsp;<\/p>\n<p>3: Q: How to pay for my order?<\/p>\n<p>&nbsp; &nbsp; A: Please tell me your order then we will tell you the item price, shipping fee and original box fee and total amount. You can make payment by&nbsp; &nbsp; &nbsp; &nbsp; Western Union \/ T\/T , Or Payoneer, We will process and ship out your order asap after payment made.<\/p>\n<p>&nbsp;<\/p>\n<p>4: Q: Can i have a certificate ?<\/p>\n<p>&nbsp; &nbsp; R: S\u00ed, no tienen el certificado si es necesario y el precio no incluye la tasa. El diamante no GIA certificado o sin ella s\u00f3lo<\/p>\n<p>&nbsp; &nbsp; h\u00e1gamelo saber porque hay diferencia de precio .<\/p>\n<p>&nbsp;<\/p>\n<p>5. Q: How long can I recieve my package?<\/p>\n<p>&nbsp; &nbsp; A: We ship to world wide with a range of shipping options (DHL\/ UPS\/TNT\/EMS\/FEDEX), it will only take 4~9 days based on different logistics&nbsp; &nbsp; &nbsp; companies.<\/p>\n<p>&nbsp;<\/p>\n<p>6. Q: Can I Customized My Own Designs?<\/p>\n<p>&nbsp; &nbsp; A: You are welcome to design your own jewelry or your brand, provide your design photos and details we can draw CAD for you before to&nbsp; &nbsp; &nbsp; &nbsp; &nbsp; &nbsp; &nbsp; production.<\/p><\/p>","protected":false},"excerpt":{"rendered":"<br \/>\n<table class=\"tables data\" width=\"100%\" border=\"0\" cellpadding=\"0\" cellspacing=\"0\">\n<tbody>\n<tr>\n<th width=\"35%\">Lugar de origen:<\/th>\n<td>China<\/td>\n<\/tr>\n<tr>\n<th width=\"35%\">Marca:<\/th>\n<td>Joyas de oro K<\/td>\n<\/tr>\n<tr>\n<th width=\"35%\">Certificaci\u00f3n:<\/th>\n<td>Certificado de joyer\u00eda<\/td>\n<\/tr>\n<tr>\n<th width=\"35%\">N\u00famero de modelo:<\/th>\n<td>KD052R<\/td>\n<\/tr>\n<\/tbody>\n<\/table>\n<p>                                                                            <span class=\"title_s\">Condiciones de pago y env\u00edo:<\/span>                            <\/p>\n<table class=\"tables data\" width=\"100%\" border=\"0\" cellpadding=\"0\" cellspacing=\"0\">\n<tbody>\n<tr>\n<th width=\"35%\" nowrap=\"nowrap\">Cantidad m\u00ednima de pedido:<\/th>\n<td>3<\/td>\n<\/tr>\n<tr>\n<th width=\"35%\" nowrap=\"nowrap\">Precio:<\/th>\n<td>Negociable<\/td>\n<\/tr>\n<tr>\n<th width=\"35%\" nowrap=\"nowrap\">Detalles del embalaje:<\/th>\n<td>Bolsa PP gruesa est\u00e1ndar, la marca vendr\u00e1 con la marca Embalaje<\/td>\n<\/tr>\n<tr>\n<th width=\"35%\" nowrap=\"nowrap\">Plazo de entrega:<\/th>\n<td>5-15 d\u00edas laborables<\/td>\n<\/tr>\n<tr>\n<th width=\"35%\" nowrap=\"nowrap\">Condiciones de pago:<\/th>\n<td>T\/T, Western Union<\/td>\n<\/tr>\n<tr>\n<th width=\"35%\" nowrap=\"nowrap\">Capacidad de suministro:<\/th>\n<td>2000pcs\/Mes<\/td>\n<\/tr>\n<\/tbody>\n<\/table>","protected":false},"featured_media":2432,"comment_status":"closed","ping_status":"closed","template":"","meta":{"_gspb_post_css":""},"product_brand":[],"product_cat":[21],"product_tag":[],"class_list":{"0":"post-2436","1":"product","2":"type-product","3":"status-publish","4":"has-post-thumbnail","6":"product_cat-sea-life-jewelry","8":"first","9":"instock","10":"shipping-taxable","11":"product-type-simple"},"aioseo_notices":[],"_links":{"self":[{"href":"https:\/\/dearjewelry.site\/es\/wp-json\/wp\/v2\/product\/2436","targetHints":{"allow":["GET"]}}],"collection":[{"href":"https:\/\/dearjewelry.site\/es\/wp-json\/wp\/v2\/product"}],"about":[{"href":"https:\/\/dearjewelry.site\/es\/wp-json\/wp\/v2\/types\/product"}],"replies":[{"embeddable":true,"href":"https:\/\/dearjewelry.site\/es\/wp-json\/wp\/v2\/comments?post=2436"}],"wp:featuredmedia":[{"embeddable":true,"href":"https:\/\/dearjewelry.site\/es\/wp-json\/wp\/v2\/media\/2432"}],"wp:attachment":[{"href":"https:\/\/dearjewelry.site\/es\/wp-json\/wp\/v2\/media?parent=2436"}],"wp:term":[{"taxonomy":"product_brand","embeddable":true,"href":"https:\/\/dearjewelry.site\/es\/wp-json\/wp\/v2\/product_brand?post=2436"},{"taxonomy":"product_cat","embeddable":true,"href":"https:\/\/dearjewelry.site\/es\/wp-json\/wp\/v2\/product_cat?post=2436"},{"taxonomy":"product_tag","embeddable":true,"href":"https:\/\/dearjewelry.site\/es\/wp-json\/wp\/v2\/product_tag?post=2436"}],"curies":[{"name":"wp","href":"https:\/\/api.w.org\/{rel}","templated":true}]}}