{"id":2454,"date":"2025-07-13T10:26:14","date_gmt":"2025-07-13T10:26:14","guid":{"rendered":"https:\/\/dearjewelry.site\/product\/odm-18k-rose-gold-ring-9mm-brilliant-round-cut-for-wedding-gift\/"},"modified":"2025-07-13T10:26:14","modified_gmt":"2025-07-13T10:26:14","slug":"odm-18k-rose-gold-ring-9mm-brilliant-round-cut-for-wedding-gift","status":"publish","type":"product","link":"https:\/\/dearjewelry.site\/es\/product\/odm-18k-rose-gold-ring-9mm-brilliant-round-cut-for-wedding-gift\/","title":{"rendered":"ODM 18K Anillo De Oro Rosa 9mm Brillante De Corte Redondo Para Regalo De Boda"},"content":{"rendered":"<h2>ODM 18K Anillo De Oro Rosa 9mm Brillante De Corte Redondo Para Regalo De Boda<\/h2>\n<p> Descripci\u00f3n<\/p>\n<table cellpadding=\"0\" cellspacing=\"0\" class=\"details_table\">\n<tbody>\n<tr>\n<th>Marca:<\/th>\n<td>OEM\/ODM<\/td>\n<th>Rings Type:<\/th>\n<td>Cluster Rings,Engagement Bands Or Rings,Gemstone Rings,Eternity Band Rings,Anniversary Ring<\/td>\n<\/tr>\n<tr class=\"bg_gray\">\n<th>Stone Style:<\/th>\n<td>Real Diamond\/Lab Diamond\/Mossianite\/All Gems<\/td>\n<th>Mainstone Cut:<\/th>\n<td>Corte redondo<\/td>\n<\/tr>\n<tr>\n<th>Tipo de joya:<\/th>\n<td>K Gold Ring<\/td>\n<th>Piedra:<\/th>\n<td>Diamante real<\/td>\n<\/tr>\n<tr class=\"bg_gray\">\n<th>Piedra principal:<\/th>\n<td>Diamante<\/td>\n<th>Color:<\/th>\n<td>Rose Gold<\/td>\n<\/tr>\n<tr>\n<th>Personal\u00edzalo:<\/th>\n<td>Disponible Personalizar<\/td>\n<th>Ocasi\u00f3n:<\/th>\n<td>Aniversario, Compromiso, Regalo, Fiesta, Boda<\/td>\n<\/tr>\n<tr class=\"bg_gray\">\n<th colspan=\"1\">Luz alta:<\/th>\n<td colspan=\"3\">\n<h2 style='font-weight: bold;font-size: 14px'>9mm 18K Rose Gold Ring<\/h2>\n<p>, <\/p>\n<h2 style='font-weight: bold;font-size: 14px'>ODM 18K Rose Gold Ring<\/h2>\n<p>, <\/p>\n<h2 style='font-weight: bold;font-size: 14px'>18K Wedding Ring Brilliant Round Cut<\/h2>\n<\/td>\n<\/tr>\n<\/tbody>\n<\/table>\n<p><p>Descripci\u00f3n del producto:<\/p>\n<p><span style=\"font-family:arial,helvetica,sans-serif\"><span style=\"font-size:16px\"><strong>18K Rose Gold Ring Custom Jewelry Diamond Wedding Engagement Infinity Women Rings<\/strong><\/span><\/span><\/p>\n<table border=\"1\" cellpadding=\"0\" cellspacing=\"0\" style=\"width: 576px\">\n<tbody>\n<tr>\n<td style=\"width: 126px\"><span style=\"font-size:16px\">&nbsp;N\u00ba de art\u00edculo<\/span><\/td>\n<td style=\"width: 444px\"><span style=\"font-size:16px\">&nbsp;KD049R<\/span><\/td>\n<\/tr>\n<tr>\n<td style=\"width: 126px\"><span style=\"font-size:16px\">&nbsp;Nombre del producto<\/span><\/td>\n<td style=\"width: 444px\"><span style=\"font-size:16px\">&nbsp;18K Rose Gold Ring<\/span><\/td>\n<\/tr>\n<tr>\n<td style=\"width: 126px\"><span style=\"font-size:16px\">&nbsp;Estilo<\/span><\/td>\n<td style=\"width: 444px\"><span style=\"font-size:16px\">&nbsp;Diamond&nbsp;Jewelry<\/span><\/td>\n<\/tr>\n<tr>\n<td style=\"width: 126px\"><span style=\"font-size:16px\">&nbsp;Material<\/span><\/td>\n<td style=\"width: 444px\"><span style=\"font-size:16px\">&nbsp;14K\/18K Gold<\/span><\/td>\n<\/tr>\n<tr>\n<td style=\"width: 126px\"><span style=\"font-size:16px\">&nbsp;Tipo de configuraci\u00f3n<\/span><\/td>\n<td style=\"width: 444px\"><span style=\"font-size:16px\">&nbsp;Ajuste de garras<\/span><\/td>\n<\/tr>\n<tr>\n<td style=\"width: 126px\"><span style=\"font-size:16px\">&nbsp;G\u00e9nero<\/span><\/td>\n<td style=\"width: 444px\"><span style=\"font-size:16px\">&nbsp;Women&#039;s,Ladies,Couple,Young Girls<\/span><\/td>\n<\/tr>\n<tr>\n<td style=\"width: 126px\"><span style=\"font-size:16px\">&nbsp;Piedra diminuta<\/span><\/td>\n<td style=\"width: 444px\"><span style=\"font-size:16px\">&nbsp;Real Diamond\/Lab Diamond\/Mossianite\/All gems<\/span><\/td>\n<\/tr>\n<tr>\n<td style=\"width: 126px\"><span style=\"font-size:16px\">&nbsp;Piedra principal<\/span><\/td>\n<td style=\"width: 444px\"><span style=\"font-size:16px\">&nbsp;Diamante real<\/span><\/td>\n<\/tr>\n<tr>\n<td style=\"width: 126px\"><span style=\"font-size:16px\">&nbsp;Dimensi\u00f3n<\/span><\/td>\n<td style=\"width: 444px\"><span style=\"font-size:16px\">&nbsp;9.0mm Brilliant Round Cut<\/span><\/td>\n<\/tr>\n<tr>\n<td style=\"width: 126px\"><span style=\"font-size:16px\">&nbsp;Ocasi\u00f3n<\/span><\/td>\n<td style=\"width: 444px\"><span style=\"font-size:16px\">&nbsp;Aniversario, Compromiso, Regalo, Fiesta, Boda<\/span><\/td>\n<\/tr>\n<tr>\n<td style=\"width: 126px\"><span style=\"font-size:16px\">&nbsp;Tama\u00f1o del anillo<\/span><\/td>\n<td style=\"width: 444px\"><span style=\"font-size:16px\">&nbsp;Any size available #4,#5,#6,#7,#8,#9,#10,#11,#12<\/span><\/td>\n<\/tr>\n<\/tbody>\n<\/table>\n<p>&nbsp;<\/p>\n<p><span style=\"font-size:16px\">Detalle de la producci\u00f3n:<\/span><\/p>\n<p><span style=\"font-size:16px\">Diamond Information:<\/span><\/p>\n<p><span style=\"font-size:16px\"><span style=\"font-family:arial,helvetica,sans-serif\">DIA<br \/>\nRD: 9.0MM &times;1(Prong)<br \/>\n&nbsp; &nbsp; &nbsp; &nbsp;0.8MM X106(Micro Prong)<br \/>\n18KR: 6.9g<\/span><\/span><\/p>\n<p>&nbsp;<\/p>\n<p><span style=\"font-size:16px\">Number of Diamonds: 104&nbsp;pcs<br \/>\nColor medio: G-H<br \/>\nAverage Clarity: S11\/SI2\/VS1 Customize Request<br \/>\nAverage Cut: Brilliant Round Cut<br \/>\nSetting Type: Claw Setting<\/span><\/p>\n<p>&nbsp;<\/p>\n<p>\n<span style=\"font-size:16px\"><span style=\"font-family:arial,helvetica,sans-serif\">Por qu\u00e9 elegirnos:<\/span><br \/>\n<span style=\"font-family:arial,helvetica,sans-serif\">1: K-Gold cuenta con 21 a\u00f1os de experiencia en el sector de la joyer\u00eda y 17 a\u00f1os en producci\u00f3n.<\/span><br \/>\n<span style=\"font-family:arial,helvetica,sans-serif\">2: Tambi\u00e9n nuestro equipo profesional de I + D para asegurar que nuestros productos se actualizan constantemente y por delante de la industria. As\u00ed que tenemos m\u00e1s de 3000 dise\u00f1os diferentes y m\u00e1s de 46 colecciones pueden satisfacer la demanda de diferentes mercados.<\/span><br \/>\n<span style=\"font-family:arial,helvetica,sans-serif\">3: Para personalizar los art\u00edculos que usted puede conseguir CAD mismo d\u00eda o al d\u00eda siguiente para confirmar los datos antes del inicio del pedido.<\/span><br \/>\n<span style=\"font-family:arial,helvetica,sans-serif\">4: El objetivo de K-gold es ofrecer a los clientes productos adecuados al precio adecuado y entregarlos a tiempo.<\/span><br \/>\n<span style=\"font-family:arial,helvetica,sans-serif\">5:&nbsp; We have a powerful customer service team that keeps an eye on the entire sales process,help you any questions, from design CAD to deliver.<\/span><br \/>\n<span style=\"font-family:arial,helvetica,sans-serif\">Servicio de f\u00e1brica K-Gold:<\/span><\/span><br \/>\n<img decoding=\"async\" src=\"https:\/\/www.gold-jewellerys.com\/test\/gold-jewellerys.com\/photo\/pl36123473-remark.jpg\"><\/p>\n<p>\n<img decoding=\"async\" src=\"https:\/\/www.gold-jewellerys.com\/test\/gold-jewellerys.com\/photo\/pl36123444-remark.jpg\"><\/p>\n<p>&nbsp;<\/p>\n<p>&nbsp;<\/p>\n<p>PREGUNTAS FRECUENTES:<\/p>\n<p>1: Q: What is the advantage about your company?&nbsp;<\/p>\n<p>&nbsp; &nbsp; A: Our company has professional team and professional production line.<\/p>\n<p>&nbsp;<\/p>\n<p>2: Q: Can you customize my logo ?<br \/>\n&nbsp; &nbsp; A: Yes, absolutely you can,Please send to us your LOGO, we will free to sign it. For brand jewelry always with orginal logo,<\/p>\n<p>&nbsp; &nbsp;y si necesitas algo en especial, d\u00edmelo.<\/p>\n<p>&nbsp;<\/p>\n<p>3: Q: How to pay for my order?<\/p>\n<p>&nbsp; &nbsp; A: Please tell me your order then we will tell you the item price, shipping fee and original box fee and total amount. You can make payment by&nbsp; &nbsp; &nbsp; &nbsp;Western Union \/ T\/T , Or Payoneer, We will process and ship out your order asap after payment made.<\/p>\n<p>&nbsp;<\/p>\n<p>4: Q: How About Your After-Sales Service?<\/p>\n<p>&nbsp; &nbsp; A: Our professional worker will check each goods and pack it carefully before delivery. If you find any goods has damaged,please kindly send&nbsp; &nbsp; &nbsp; &nbsp;them to us,we will fix them for free.<\/p>\n<p>&nbsp;<\/p>\n<p>5: Q: How long can ready?<\/p>\n<p>&nbsp; &nbsp; A: Normally it&#039;s about 7-10 days.<\/p>\n<p>&nbsp;<\/p>\n<p>6: Q: Is 100% real 18K Gold ?<\/p>\n<p>&nbsp; &nbsp; A: Yes. Real 18K gold.<\/p>\n<p>&nbsp;<\/p>\n<p>7: Q:&nbsp;Which Diamond Cut is best?<\/p>\n<p>&nbsp; &nbsp;&nbsp;A:&nbsp;Round Brilliant Diamond.<\/p>\n<p style=\"padding: 0px;border: 0px\">\n&nbsp;<\/p><\/p>","protected":false},"excerpt":{"rendered":"<br \/>\n<table class=\"tables data\" width=\"100%\" border=\"0\" cellpadding=\"0\" cellspacing=\"0\">\n<tbody>\n<tr>\n<th width=\"35%\">Lugar de origen:<\/th>\n<td>China<\/td>\n<\/tr>\n<tr>\n<th width=\"35%\">Marca:<\/th>\n<td>Joyas de oro K<\/td>\n<\/tr>\n<tr>\n<th width=\"35%\">Certificaci\u00f3n:<\/th>\n<td>Certificado de joyer\u00eda<\/td>\n<\/tr>\n<tr>\n<th width=\"35%\">N\u00famero de modelo:<\/th>\n<td>KD049R<\/td>\n<\/tr>\n<\/tbody>\n<\/table>\n<p>                                                                            <span class=\"title_s\">Condiciones de pago y env\u00edo:<\/span>                            <\/p>\n<table class=\"tables data\" width=\"100%\" border=\"0\" cellpadding=\"0\" cellspacing=\"0\">\n<tbody>\n<tr>\n<th width=\"35%\" nowrap=\"nowrap\">Cantidad m\u00ednima de pedido:<\/th>\n<td>3<\/td>\n<\/tr>\n<tr>\n<th width=\"35%\" nowrap=\"nowrap\">Precio:<\/th>\n<td>Negociable<\/td>\n<\/tr>\n<tr>\n<th width=\"35%\" nowrap=\"nowrap\">Detalles del embalaje:<\/th>\n<td>Bolsa PP gruesa est\u00e1ndar, la marca vendr\u00e1 con la marca Embalaje<\/td>\n<\/tr>\n<tr>\n<th width=\"35%\" nowrap=\"nowrap\">Plazo de entrega:<\/th>\n<td>5-15 d\u00edas laborables<\/td>\n<\/tr>\n<tr>\n<th width=\"35%\" nowrap=\"nowrap\">Condiciones de pago:<\/th>\n<td>T\/T, Western Union<\/td>\n<\/tr>\n<tr>\n<th width=\"35%\" nowrap=\"nowrap\">Capacidad de suministro:<\/th>\n<td>2000pcs\/Mes<\/td>\n<\/tr>\n<\/tbody>\n<\/table>","protected":false},"featured_media":2450,"comment_status":"closed","ping_status":"closed","template":"","meta":{"_gspb_post_css":""},"product_brand":[],"product_cat":[21],"product_tag":[],"class_list":{"0":"post-2454","1":"product","2":"type-product","3":"status-publish","4":"has-post-thumbnail","6":"product_cat-sea-life-jewelry","8":"first","9":"instock","10":"shipping-taxable","11":"product-type-simple"},"aioseo_notices":[],"_links":{"self":[{"href":"https:\/\/dearjewelry.site\/es\/wp-json\/wp\/v2\/product\/2454","targetHints":{"allow":["GET"]}}],"collection":[{"href":"https:\/\/dearjewelry.site\/es\/wp-json\/wp\/v2\/product"}],"about":[{"href":"https:\/\/dearjewelry.site\/es\/wp-json\/wp\/v2\/types\/product"}],"replies":[{"embeddable":true,"href":"https:\/\/dearjewelry.site\/es\/wp-json\/wp\/v2\/comments?post=2454"}],"wp:featuredmedia":[{"embeddable":true,"href":"https:\/\/dearjewelry.site\/es\/wp-json\/wp\/v2\/media\/2450"}],"wp:attachment":[{"href":"https:\/\/dearjewelry.site\/es\/wp-json\/wp\/v2\/media?parent=2454"}],"wp:term":[{"taxonomy":"product_brand","embeddable":true,"href":"https:\/\/dearjewelry.site\/es\/wp-json\/wp\/v2\/product_brand?post=2454"},{"taxonomy":"product_cat","embeddable":true,"href":"https:\/\/dearjewelry.site\/es\/wp-json\/wp\/v2\/product_cat?post=2454"},{"taxonomy":"product_tag","embeddable":true,"href":"https:\/\/dearjewelry.site\/es\/wp-json\/wp\/v2\/product_tag?post=2454"}],"curies":[{"name":"wp","href":"https:\/\/api.w.org\/{rel}","templated":true}]}}