{"id":2827,"date":"2025-07-13T10:28:26","date_gmt":"2025-07-13T10:28:26","guid":{"rendered":"https:\/\/dearjewelry.site\/product\/925-sterling-silver-gold-plated-enameled-cubic-zirconia-cz-seahorse-18-inch-chain-necklace-pendant-charm-sea-life\/"},"modified":"2025-07-13T10:28:26","modified_gmt":"2025-07-13T10:28:26","slug":"925-sterling-silver-gold-plated-enameled-cubic-zirconia-cz-seahorse-18-inch-chain-necklace-pendant-charm-sea-life","status":"publish","type":"product","link":"https:\/\/dearjewelry.site\/es\/product\/925-sterling-silver-gold-plated-enameled-cubic-zirconia-cz-seahorse-18-inch-chain-necklace-pendant-charm-sea-life\/","title":{"rendered":"925 Plata de Ley Chapado en Oro Esmaltado Cubic Zirconia Cz Caballito de Mar 18 Pulgadas Cadena Collar Colgante Encanto Vida Marina"},"content":{"rendered":"<h2>925 Plata de Ley Chapado en Oro Esmaltado Cubic Zirconia Cz Caballito de Mar 18 Pulgadas Cadena Collar Colgante Encanto Vida Marina<\/h2>\n<p> Descripci\u00f3n<\/p>\n<table cellpadding=\"0\" cellspacing=\"0\" class=\"details_table\">\n<tbody>\n<tr>\n<th>Ocasi\u00f3n:<\/th>\n<td>Gift,Engagement,Party,Wedding<\/td>\n<th>Logo:<\/th>\n<td>Custom Logo<\/td>\n<\/tr>\n<tr class=\"bg_gray\">\n<th>Stone Sutting:<\/th>\n<td>Common Prong Setting<\/td>\n<th>Forma:<\/th>\n<td>Other Shape<\/td>\n<\/tr>\n<tr>\n<th>Jewelry Material:<\/th>\n<td>Oro amarillo<\/td>\n<th>Ring Size:<\/th>\n<td>As You Need<\/td>\n<\/tr>\n<tr class=\"bg_gray\">\n<th>G\u00e9nero:<\/th>\n<td>Women&#8217;s,Unisex,Children&#8217;s<\/td>\n<th>Tipo de joya:<\/th>\n<td>14K\/18k Yellow Gold Jewelry<\/td>\n<\/tr>\n<tr>\n<th>Estilo:<\/th>\n<td>Elegant<\/td>\n<\/tr>\n<\/tbody>\n<\/table>\n<p><p><span style=\"font-size:16px\"><strong><span style=\"font-family:arial,helvetica,sans-serif\">Descripci\u00f3n del producto:<\/span><\/strong><\/span><\/p>\n<p><span style=\"font-size:16px\"><strong>925 Plata de Ley Chapado en Oro Esmaltado Cubic Zirconia Cz Caballito de Mar 18 Pulgadas Cadena Collar Colgante Encanto Vida Marina <\/strong><\/span><\/p>\n<table border=\"1\" cellpadding=\"0\" cellspacing=\"0\" style=\"width: 576px\">\n<tbody>\n<tr>\n<td style=\"width: 126px\"><span style=\"font-size:16px\">N\u00ba de art\u00edculo<\/span><\/td>\n<td style=\"width: 444px\"><span style=\"font-size:16px\">&nbsp;KD787N<\/span><\/td>\n<\/tr>\n<tr>\n<td style=\"width: 126px\"><span style=\"font-size:16px\">Nombre del producto<\/span><\/td>\n<td style=\"width: 444px\"><span style=\"font-size:16px\">&nbsp;<\/span>Sea Life Fine Jewelry<\/td>\n<\/tr>\n<tr>\n<td style=\"width: 126px\"><span style=\"font-size:16px\">Estilo<\/span><\/td>\n<td style=\"width: 444px\"><span style=\"font-size:16px\">&nbsp;Designs Custom Pendant<\/span><\/td>\n<\/tr>\n<tr>\n<td style=\"width: 126px\"><span style=\"font-size:16px\">Material<\/span><\/td>\n<td style=\"width: 444px\"><span style=\"font-size:16px\">&nbsp;<\/span>14K\/18K Yellow Gold<\/td>\n<\/tr>\n<tr>\n<td style=\"width: 126px\"><span style=\"font-size:16px\">Tipo de configuraci\u00f3n<\/span><\/td>\n<td style=\"width: 444px\"><span style=\"font-family:arial,helvetica,sans-serif\"><span style=\"font-size:16px\">&nbsp;Common Prong Setting<\/span><\/span><\/td>\n<\/tr>\n<tr>\n<td style=\"width: 126px\"><span style=\"font-size:16px\">G\u00e9nero<\/span><\/td>\n<td style=\"width: 444px\"><span style=\"font-size:16px\">&nbsp;Ladies,Couple,Young Girls<\/span><\/td>\n<\/tr>\n<tr>\n<td style=\"width: 126px\"><span style=\"font-size:16px\">Dimensi\u00f3n<\/span><\/td>\n<td style=\"width: 444px\"><span style=\"font-size:16px\">&nbsp;<span style=\"font-family:arial,helvetica,sans-serif\">6.43x 4.7x 3.03<\/span><\/span><span style=\"font-size:16px\">mm&nbsp;<\/span><\/td>\n<\/tr>\n<tr>\n<td style=\"width: 126px\"><span style=\"font-size:16px\">Ocasi\u00f3n<\/span><\/td>\n<td style=\"width: 444px\"><span style=\"font-size:16px\">&nbsp;Aniversario, Compromiso, Regalo, Fiesta, Boda<\/span><\/td>\n<\/tr>\n<tr>\n<td style=\"width: 126px\"><span style=\"font-size:16px\">Tama\u00f1o del anillo<\/span><\/td>\n<td style=\"width: 444px\"><span style=\"font-size:16px\">&nbsp;Any size available<\/span><\/td>\n<\/tr>\n<\/tbody>\n<\/table>\n<p>&nbsp;<\/p>\n<p><span style=\"font-size:16px\"><strong>Detalle de la producci\u00f3n:<\/strong><\/span><\/p>\n<p>Diamond Information:<br \/>\nDIA:<br \/>\nOV: 6.43&#215;4.7&times; 3.03MM X5(Prong)<br \/>\n18KY: 5.8g<\/p>\n<p>Number of Diamonds: 5pcs<br \/>\nColor medio: G-H<br \/>\nAverage Clarity: S11\/SI2\/VS1 Customize Request<br \/>\nAverage Cut:&nbsp;Brilliant Cut<br \/>\nSetting Type: Common Prong Setting<\/p>\n<p><img decoding=\"async\" src=\"https:\/\/www.gold-jewellerys.com\/test\/gold-jewellerys.com\/photo\/pl145417356-remark.jpg\"><img decoding=\"async\" src=\"https:\/\/www.gold-jewellerys.com\/test\/gold-jewellerys.com\/photo\/pl145417019-remark.jpg\"><img decoding=\"async\" src=\"https:\/\/www.gold-jewellerys.com\/test\/gold-jewellerys.com\/photo\/pl145417020-remark.jpg\"><\/p>\n<p>\n<span style=\"font-size:16px\"><span style=\"font-family:arial,helvetica,sans-serif\">Por qu\u00e9 elegirnos:<\/span><br \/>\n<span style=\"font-family:arial,helvetica,sans-serif\">1: K-Gold cuenta con 21 a\u00f1os de experiencia en el sector de la joyer\u00eda y 17 a\u00f1os en producci\u00f3n.<\/span><br \/>\n<span style=\"font-family:arial,helvetica,sans-serif\">2: Tambi\u00e9n nuestro equipo profesional de I + D para asegurar que nuestros productos se actualizan constantemente y por delante de la industria. As\u00ed que tenemos m\u00e1s de 3000 dise\u00f1os diferentes y m\u00e1s de 46 colecciones pueden satisfacer la demanda de diferentes mercados.<\/span><br \/>\n<span style=\"font-family:arial,helvetica,sans-serif\">3: Para personalizar los art\u00edculos que usted puede conseguir CAD mismo d\u00eda o al d\u00eda siguiente para confirmar los datos antes del inicio del pedido.<\/span><br \/>\n<span style=\"font-family:arial,helvetica,sans-serif\">4: El objetivo de K-gold es ofrecer a los clientes productos adecuados al precio adecuado y entregarlos a tiempo.<\/span><br \/>\n<span style=\"font-family:arial,helvetica,sans-serif\">5:&nbsp;We have a powerful customer service team that keeps an eye on the entire sales process,help you any questions,from design CAD to deliver.<\/span><br \/>\n<span style=\"font-family:arial,helvetica,sans-serif\">Servicio de f\u00e1brica K-Gold:<\/span><\/span><br \/>\n&nbsp;<\/p>\n<p>\n<img decoding=\"async\" src=\"https:\/\/www.gold-jewellerys.com\/test\/gold-jewellerys.com\/photo\/pl36219389-remark.jpg\"><br \/>\n&nbsp;<\/p>\n<p><img decoding=\"async\" src=\"https:\/\/www.gold-jewellerys.com\/test\/gold-jewellerys.com\/photo\/pl36219445-remark.jpg\"><\/p>\n<p>PREGUNTAS FRECUENTES:<\/p>\n<p>1: Q:&nbsp; What&#039;s your packing way?<\/p>\n<p>&nbsp; &nbsp; A:&nbsp; Usually opp bag, packing box is also available. and plus bubble pack to protect the goods.&nbsp;<\/p>\n<p>&nbsp;<\/p>\n<p>2: Q:&nbsp;Can I stamp my own logo? How much does the engraving cost?<br \/>\n&nbsp; &nbsp; A:&nbsp; We provide free engraving letters, if you need to engrave patterns, we may charge $0.6-$2.0 for engraving.<\/p>\n<p>&nbsp;<\/p>\n<p>3: Q:&nbsp;Can the price be negotiated?<\/p>\n<p>&nbsp; &nbsp; A:&nbsp;Yes, more quantity more discounts will be offered, just feel free to contact us.<\/p>\n<p>&nbsp;<\/p>\n<p>4: Q: Can i have a certificate ?<\/p>\n<p>&nbsp; &nbsp; R: S\u00ed, no tienen el certificado si es necesario y el precio no incluye la tasa. El diamante no GIA certificado o sin ella s\u00f3lo<\/p>\n<p>&nbsp; &nbsp; h\u00e1gamelo saber porque hay diferencia de precio .<\/p>\n<p>&nbsp;<\/p>\n<p>5. Q: How long can received my goods?<\/p>\n<p>&nbsp; &nbsp; A: Order always processing after the deposit about your order. Making time 2-10 working days depending on design workmanship<\/p>\n<p>&nbsp; &nbsp; dificultad, m\u00e1s 3-7 d\u00edas de tiempo de env\u00edo m\u00e9todo de env\u00edo expreso a todos fo el mundo.<\/p>\n<p>&nbsp;<\/p>\n<p>6. Q:&nbsp;What&#039;s the MOQ?<\/p>\n<p>A:The MOQ is 3 pieces per design.<\/p>\n<p>&nbsp;<\/p><\/p>","protected":false},"excerpt":{"rendered":"<br \/>\n<table class=\"tables data\" width=\"100%\" border=\"0\" cellpadding=\"0\" cellspacing=\"0\">\n<tbody>\n<tr>\n<th width=\"35%\">Lugar de origen:<\/th>\n<td>China<\/td>\n<\/tr>\n<tr>\n<th width=\"35%\">Marca:<\/th>\n<td>Joyas de oro K<\/td>\n<\/tr>\n<tr>\n<th width=\"35%\">Certificaci\u00f3n:<\/th>\n<td>Certificado de joyer\u00eda<\/td>\n<\/tr>\n<tr>\n<th width=\"35%\">N\u00famero de modelo:<\/th>\n<td>KD787N<\/td>\n<\/tr>\n<\/tbody>\n<\/table>\n<p>                                                                            <span class=\"title_s\">Condiciones de pago y env\u00edo:<\/span>                            <\/p>\n<table class=\"tables data\" width=\"100%\" border=\"0\" cellpadding=\"0\" cellspacing=\"0\">\n<tbody>\n<tr>\n<th width=\"35%\" nowrap=\"nowrap\">Cantidad m\u00ednima de pedido:<\/th>\n<td>3<\/td>\n<\/tr>\n<tr>\n<th width=\"35%\" nowrap=\"nowrap\">Precio:<\/th>\n<td>Negociable<\/td>\n<\/tr>\n<tr>\n<th width=\"35%\" nowrap=\"nowrap\">Detalles del embalaje:<\/th>\n<td>Bolsa PP gruesa est\u00e1ndar, la marca vendr\u00e1 con la marca Embalaje<\/td>\n<\/tr>\n<tr>\n<th width=\"35%\" nowrap=\"nowrap\">Plazo de entrega:<\/th>\n<td>5-15 d\u00edas laborables<\/td>\n<\/tr>\n<tr>\n<th width=\"35%\" nowrap=\"nowrap\">Condiciones de pago:<\/th>\n<td>T\/T, Western Union<\/td>\n<\/tr>\n<tr>\n<th width=\"35%\" nowrap=\"nowrap\">Capacidad de suministro:<\/th>\n<td>2000pcs\/Mes<\/td>\n<\/tr>\n<\/tbody>\n<\/table>","protected":false},"featured_media":2821,"comment_status":"closed","ping_status":"closed","template":"","meta":{"_gspb_post_css":""},"product_brand":[],"product_cat":[21],"product_tag":[],"class_list":{"0":"post-2827","1":"product","2":"type-product","3":"status-publish","4":"has-post-thumbnail","6":"product_cat-sea-life-jewelry","8":"first","9":"instock","10":"shipping-taxable","11":"product-type-simple"},"aioseo_notices":[],"_links":{"self":[{"href":"https:\/\/dearjewelry.site\/es\/wp-json\/wp\/v2\/product\/2827","targetHints":{"allow":["GET"]}}],"collection":[{"href":"https:\/\/dearjewelry.site\/es\/wp-json\/wp\/v2\/product"}],"about":[{"href":"https:\/\/dearjewelry.site\/es\/wp-json\/wp\/v2\/types\/product"}],"replies":[{"embeddable":true,"href":"https:\/\/dearjewelry.site\/es\/wp-json\/wp\/v2\/comments?post=2827"}],"wp:featuredmedia":[{"embeddable":true,"href":"https:\/\/dearjewelry.site\/es\/wp-json\/wp\/v2\/media\/2821"}],"wp:attachment":[{"href":"https:\/\/dearjewelry.site\/es\/wp-json\/wp\/v2\/media?parent=2827"}],"wp:term":[{"taxonomy":"product_brand","embeddable":true,"href":"https:\/\/dearjewelry.site\/es\/wp-json\/wp\/v2\/product_brand?post=2827"},{"taxonomy":"product_cat","embeddable":true,"href":"https:\/\/dearjewelry.site\/es\/wp-json\/wp\/v2\/product_cat?post=2827"},{"taxonomy":"product_tag","embeddable":true,"href":"https:\/\/dearjewelry.site\/es\/wp-json\/wp\/v2\/product_tag?post=2827"}],"curies":[{"name":"wp","href":"https:\/\/api.w.org\/{rel}","templated":true}]}}