{"id":3928,"date":"2025-07-13T10:35:06","date_gmt":"2025-07-13T10:35:06","guid":{"rendered":"https:\/\/dearjewelry.site\/product\/trendy-s925-sterling-silver-natural-jewelry-sapphire-cz-ring-simple-design-for-ladies\/"},"modified":"2025-07-13T10:35:06","modified_gmt":"2025-07-13T10:35:06","slug":"de-moda-s925-plata-de-ley-joyeria-natural-zafiro-cz-anillo-de-diseno-simple-para-las-damas","status":"publish","type":"product","link":"https:\/\/dearjewelry.site\/es\/product\/de-moda-s925-plata-de-ley-joyeria-natural-zafiro-cz-anillo-de-diseno-simple-para-las-damas\/","title":{"rendered":"Trendy S925 plata esterlina joyer\u00eda natural zafiro CZ anillo de dise\u00f1o simple para las se\u00f1oras"},"content":{"rendered":"<h2>Trendy S925 plata esterlina joyer\u00eda natural zafiro CZ anillo de dise\u00f1o simple para las se\u00f1oras<\/h2>\n<p> Descripci\u00f3n<\/p>\n<table cellpadding=\"0\" cellspacing=\"0\" class=\"details_table\">\n<tbody>\n<tr>\n<th>Material:<\/th>\n<td>9K Gold Jewelry<\/td>\n<th>Tipo de joya:<\/th>\n<td>Solid Gold Sapphire  Jewelry<\/td>\n<\/tr>\n<tr class=\"bg_gray\">\n<th>Tiny Stone:<\/th>\n<td>Diamante real G-H VS1\/SI1\/SI2<\/td>\n<th>Piedra principal:<\/th>\n<td>Sapphire  Jewelry<\/td>\n<\/tr>\n<tr>\n<th>Forma:<\/th>\n<td>Round Shape<\/td>\n<th>Tipo de ajuste:<\/th>\n<td>Prong Setting Sapphire<\/td>\n<\/tr>\n<tr class=\"bg_gray\">\n<th>Personal\u00edzalo:<\/th>\n<td>Customized Available  Sapphire  Jewelry<\/td>\n<th>Color:<\/th>\n<td>Oro amarillo<\/td>\n<\/tr>\n<tr>\n<th>Peso:<\/th>\n<td>0.8 Ct Real Diamond<\/td>\n<\/tr>\n<tr class=\"bg_gray\">\n<th colspan=\"1\">Luz alta:<\/th>\n<td colspan=\"3\">\n<h2 style='font-weight: bold;font-size: 14px'>S925 Sapphire CZ Ring<\/h2>\n<p>, <\/p>\n<h2 style='font-weight: bold;font-size: 14px'>Sapphire CZ S925 Sterling Silver Ring<\/h2>\n<\/td>\n<\/tr>\n<\/tbody>\n<\/table>\n<p><p><span style=\"font-size:16px\"><strong>Descripci\u00f3n del producto:<\/strong><\/span><\/p>\n<p><span style=\"font-size:16px\"><strong>Trendy Ring S925 Sterling Silver Natural Jewelry Sapphire CZ Ring Simple Design Ladies Jewelry Ring<\/strong><\/span><\/p>\n<table border=\"1\" cellpadding=\"0\" cellspacing=\"0\" style=\"width: 576px\">\n<tbody>\n<tr>\n<td style=\"width: 126px\"><span style=\"font-size:16px\">N\u00ba de art\u00edculo<\/span><\/td>\n<td style=\"width: 444px\">KD881R<\/td>\n<\/tr>\n<tr>\n<td style=\"width: 126px\"><span style=\"font-size:16px\">Nombre del producto<\/span><\/td>\n<td style=\"width: 444px\"><span style=\"font-size:16px\">Wholesale Sapphire<\/span> &nbsp;<span style=\"font-size:16px\">Jewelry&nbsp;<\/span><\/td>\n<\/tr>\n<tr>\n<td style=\"width: 126px\"><span style=\"font-size:16px\">Estilo<\/span><\/td>\n<td style=\"width: 444px\"><span style=\"font-size:16px\">Sapphire<\/span> <span style=\"font-size:16px\"> Engagement&nbsp;Jewelry&nbsp;<\/span><\/td>\n<\/tr>\n<tr>\n<td style=\"width: 126px\"><span style=\"font-size:16px\">Material<\/span><\/td>\n<td style=\"width: 444px\"><span style=\"font-size:16px\">14K\/18K\/10K\/9K<\/span><\/td>\n<\/tr>\n<tr>\n<td style=\"width: 126px\"><span style=\"font-size:16px\">Tipo de configuraci\u00f3n<\/span><\/td>\n<td style=\"width: 444px\"><span style=\"font-size:16px\">Prong Hand setting&nbsp;<\/span><\/td>\n<\/tr>\n<tr>\n<td style=\"width: 126px\"><span style=\"font-size:16px\">G\u00e9nero<\/span><\/td>\n<td style=\"width: 444px\"><span style=\"font-size:16px\">Lady's, Yound girls<\/span><\/td>\n<\/tr>\n<tr>\n<td style=\"width: 126px\"><span style=\"font-size:16px\">Piedra diminuta<\/span><\/td>\n<td style=\"width: 444px\"><span style=\"font-size:16px\">Natural Diamond G-H SI1\/SI2\/VS1<\/span><\/td>\n<\/tr>\n<tr>\n<td style=\"width: 126px\"><span style=\"font-size:16px\">Piedra principal<\/span><\/td>\n<td style=\"width: 444px\"><span style=\"font-size:16px\">Natural&nbsp;Sapphire <\/span><span style=\"font-size:16px\"> Jewelry Sets<\/span><\/td>\n<\/tr>\n<tr>\n<td style=\"width: 126px\"><span style=\"font-size:16px\">Dimensi\u00f3n<\/span><\/td>\n<td style=\"width: 444px\"><span style=\"font-size:16px\">&nbsp;6.0MM<\/span><\/td>\n<\/tr>\n<tr>\n<td style=\"width: 126px\"><span style=\"font-size:16px\">Ocasi\u00f3n<\/span><\/td>\n<td style=\"width: 444px\"><span style=\"font-size:16px\">Aniversario, Compromiso, Regalo, Fiesta, Boda<\/span><\/td>\n<\/tr>\n<tr>\n<td style=\"width: 126px\"><span style=\"font-size:16px\">Tama\u00f1o del anillo<\/span><\/td>\n<td style=\"width: 444px\"><span style=\"font-size:16px\">Any size available #4#5#6#7#8#9#10#11#12<\/span><\/td>\n<\/tr>\n<\/tbody>\n<\/table>\n<p>&nbsp;<\/p>\n<p><span style=\"font-size:16px\"><strong>Detalle de la producci\u00f3n :<\/strong><br \/>\nInformaci\u00f3n sobre Tiny Diamond:<br \/>\nNumber of Diamonds : 58 pcs<br \/>\nTotal Carat Weight: 0.60ct<br \/>\nColor medio: VS1\/SI1\/SI2<br \/>\nAverage Clarity :G\/H or&nbsp;Customize&nbsp;as customer need<br \/>\nAverage Cut :Round cut<br \/>\nTipo de engastado :Engastado<\/span><\/p>\n<p>\n<span style=\"font-size:16px\">Informaci\u00f3n de la piedra principal: Diamante natural\/Lab Diamond<br \/>\nTotal Carat Weight: 0.8ct<\/span><\/p>\n<p><span style=\"font-size:16px\">Size : Round 6.0MM<\/span><\/p>\n<p><img decoding=\"async\" src=\"https:\/\/www.gold-jewellerys.com\/test\/gold-jewellerys.com\/photo\/pl145440024-remark.jpg\"><img decoding=\"async\" src=\"https:\/\/www.gold-jewellerys.com\/test\/gold-jewellerys.com\/photo\/pl145440025-remark.jpg\"><img decoding=\"async\" src=\"https:\/\/www.gold-jewellerys.com\/test\/gold-jewellerys.com\/photo\/pl145440021-remark.jpg\"><br \/>\n<span style=\"font-size:16px\">Por qu\u00e9 elegirnos:<br \/>\n1: K-Gold cuenta con 21 a\u00f1os de experiencia en el sector de la joyer\u00eda y 17 a\u00f1os en producci\u00f3n.<br \/>\n2: Tambi\u00e9n nuestro equipo profesional de I + D para asegurar que nuestros productos se actualizan constantemente y por delante de la industria. As\u00ed que tenemos m\u00e1s de 3000 dise\u00f1os diferentes y m\u00e1s de 46 colecciones pueden satisfacer la demanda de diferentes mercados.<br \/>\n3: Para personalizar los art\u00edculos que usted puede conseguir CAD mismo d\u00eda o al d\u00eda siguiente para confirmar los datos antes del inicio del pedido.<br \/>\n4: El objetivo de K-gold es ofrecer a los clientes productos adecuados al precio adecuado y entregarlos a tiempo.<br \/>\n5: Tenemos un equipo de servicio al cliente de gran alcance que mantiene un ojo en todo el proceso de venta, ayudarle a cualquier pregunta, desde el dise\u00f1o CAD para entregar.<br \/>\nServicio de f\u00e1brica K-Gold:<br \/>\n<img decoding=\"async\" src=\"https:\/\/www.gold-jewellerys.com\/test\/gold-jewellerys.com\/photo\/pl36123473-remark.jpg\"><\/span><\/p>\n<p><span style=\"font-size:16px\"><img decoding=\"async\" src=\"https:\/\/www.gold-jewellerys.com\/test\/gold-jewellerys.com\/photo\/pl36153524-remark.jpg\"><br \/>\n<img decoding=\"async\" src=\"https:\/\/www.gold-jewellerys.com\/test\/gold-jewellerys.com\/photo\/pl36123397-remark.jpg\"><br \/>\n<img decoding=\"async\" src=\"https:\/\/www.gold-jewellerys.com\/test\/gold-jewellerys.com\/photo\/pl36219389-remark.jpg\"><\/span><\/p>\n<p><span style=\"font-size:16px\"><img decoding=\"async\" src=\"https:\/\/www.gold-jewellerys.com\/test\/gold-jewellerys.com\/photo\/pl36219445-remark.jpg\"><\/span><\/p>\n<p><span style=\"font-size:16px\">PREGUNTAS FRECUENTES:<\/span><\/p>\n<p><span style=\"font-size:16px\">1:&nbsp;<\/span>&nbsp;<span style=\"font-size:16px\">14k gold the best for engagement rings?<\/span><\/p>\n<p><span style=\"font-size:16px\">We offer 14k and 18k gold and platinum. 14k gold is by far the most affordable option, while also providing the most durable option. The higher the carat number, the softer it is, because the ring contains more pure gold. Soft rings are more prone to scratches or other damage, which is why they are chosen as wedding rings.<\/span><\/p>\n<p>&nbsp;<\/p>\n<p>&nbsp;<\/p>\n<p><span style=\"font-size:16px\">2: \u00bfPueden personalizar mi logotipo?<br \/>\nS\u00ed, absolutamente usted puede, por favor env\u00edenos su LOGOTIPO, estaremos libres de firmarlo. Para la joyer\u00eda de la marca siempre con el logotipo original,<\/span><\/p>\n<p><span style=\"font-size:16px\">y si necesitas algo en especial, d\u00edmelo.<\/span><\/p>\n<p>&nbsp;<\/p>\n<p><span style=\"font-size:16px\">3: \u00bfC\u00f3mo pago mi pedido?<\/span><\/p>\n<p><span style=\"font-size:16px\">Por favor d\u00edgame su orden entonces le diremos el precio del art\u00edculo, la tarifa de env\u00edo y la tarifa original de la caja y la cantidad total. Usted puede hacer el pago por Western Union \/ T\/T, o Payoneer, procesaremos y enviaremos hacia fuera su orden cuanto antes despu\u00e9s del pago hecho.<\/span><\/p>\n<p>&nbsp;<\/p>\n<p><span style=\"font-size:16px\">4:&nbsp;What is the difference between 14k, 18k, and 24k gold?<\/span><\/p>\n<p><span style=\"font-size:16px\">The difference between 14, 18, and 24 karat gold is the amount of pure gold present. 14k gold has about 58% pure gold, 18k has about 75% and 24k has 100% pure gold. The more pure gold, the softer the metal will be.<\/span><\/p>\n<p>&nbsp;<\/p>\n<p><span style=\"font-size:16px\"><span style=\"font-family:arial,helvetica,sans-serif\">5.&nbsp;<\/span>What is the advantage about your company?<\/span><\/p>\n<p><span style=\"font-size:16px\">Our company has professional team and professional production line.<\/span><\/p>\n<p>&nbsp;<\/p>\n<p>&nbsp;<\/p>\n<p><span style=\"font-size:16px\"><span style=\"font-family:arial,helvetica,sans-serif\">6: <\/span>How to care for 14k gold jewelry?<\/span><\/p>\n<p><span style=\"font-size:16px\">Please avoid handling harsh chemicals (like chlorine or bleach), remove your rings during high impact sports or activities, and take your ring to get professionally cleaned once a year.<\/span><\/p>\n<p>&nbsp;<\/p>\n<p style=\"padding: 0px;border: 0px\">&nbsp;<\/p><\/p>","protected":false},"excerpt":{"rendered":"<br \/>\n<table class=\"tables data\" width=\"100%\" border=\"0\" cellpadding=\"0\" cellspacing=\"0\">\n<tbody>\n<tr>\n<th width=\"35%\">Lugar de origen:<\/th>\n<td>China<\/td>\n<\/tr>\n<tr>\n<th width=\"35%\">Marca:<\/th>\n<td>Joyas de oro K<\/td>\n<\/tr>\n<tr>\n<th width=\"35%\">Certificaci\u00f3n:<\/th>\n<td>Certificado de joyer\u00eda<\/td>\n<\/tr>\n<tr>\n<th width=\"35%\">N\u00famero de modelo:<\/th>\n<td>KD881R<\/td>\n<\/tr>\n<\/tbody>\n<\/table>\n<p>                                                                            <span class=\"title_s\">Condiciones de pago y env\u00edo:<\/span>                            <\/p>\n<table class=\"tables data\" width=\"100%\" border=\"0\" cellpadding=\"0\" cellspacing=\"0\">\n<tbody>\n<tr>\n<th width=\"35%\" nowrap=\"nowrap\">Cantidad m\u00ednima de pedido:<\/th>\n<td>3<\/td>\n<\/tr>\n<tr>\n<th width=\"35%\" nowrap=\"nowrap\">Precio:<\/th>\n<td>Negociable<\/td>\n<\/tr>\n<tr>\n<th width=\"35%\" nowrap=\"nowrap\">Detalles del embalaje:<\/th>\n<td>Bolsa PP gruesa est\u00e1ndar, la marca vendr\u00e1 con la marca Embalaje<\/td>\n<\/tr>\n<tr>\n<th width=\"35%\" nowrap=\"nowrap\">Plazo de entrega:<\/th>\n<td>5-15 d\u00edas laborables<\/td>\n<\/tr>\n<tr>\n<th width=\"35%\" nowrap=\"nowrap\">Condiciones de pago:<\/th>\n<td>T\/T, Western Union<\/td>\n<\/tr>\n<tr>\n<th width=\"35%\" nowrap=\"nowrap\">Capacidad de suministro:<\/th>\n<td>2000pcs\/Mes<\/td>\n<\/tr>\n<\/tbody>\n<\/table>","protected":false},"featured_media":3924,"comment_status":"closed","ping_status":"closed","template":"","meta":{"_gspb_post_css":""},"product_brand":[],"product_cat":[23],"product_tag":[],"class_list":{"0":"post-3928","1":"product","2":"type-product","3":"status-publish","4":"has-post-thumbnail","6":"product_cat-caribbean-style-jewelry","8":"first","9":"instock","10":"shipping-taxable","11":"product-type-simple"},"aioseo_notices":[],"_links":{"self":[{"href":"https:\/\/dearjewelry.site\/es\/wp-json\/wp\/v2\/product\/3928","targetHints":{"allow":["GET"]}}],"collection":[{"href":"https:\/\/dearjewelry.site\/es\/wp-json\/wp\/v2\/product"}],"about":[{"href":"https:\/\/dearjewelry.site\/es\/wp-json\/wp\/v2\/types\/product"}],"replies":[{"embeddable":true,"href":"https:\/\/dearjewelry.site\/es\/wp-json\/wp\/v2\/comments?post=3928"}],"wp:featuredmedia":[{"embeddable":true,"href":"https:\/\/dearjewelry.site\/es\/wp-json\/wp\/v2\/media\/3924"}],"wp:attachment":[{"href":"https:\/\/dearjewelry.site\/es\/wp-json\/wp\/v2\/media?parent=3928"}],"wp:term":[{"taxonomy":"product_brand","embeddable":true,"href":"https:\/\/dearjewelry.site\/es\/wp-json\/wp\/v2\/product_brand?post=3928"},{"taxonomy":"product_cat","embeddable":true,"href":"https:\/\/dearjewelry.site\/es\/wp-json\/wp\/v2\/product_cat?post=3928"},{"taxonomy":"product_tag","embeddable":true,"href":"https:\/\/dearjewelry.site\/es\/wp-json\/wp\/v2\/product_tag?post=3928"}],"curies":[{"name":"wp","href":"https:\/\/api.w.org\/{rel}","templated":true}]}}