{"id":4369,"date":"2025-07-13T10:37:45","date_gmt":"2025-07-13T10:37:45","guid":{"rendered":"https:\/\/dearjewelry.site\/product\/1-05ct-emerald-cut-14k-gold-necklaces-dia-7x5mm-bezel-setting-type\/"},"modified":"2025-07-13T10:37:45","modified_gmt":"2025-07-13T10:37:45","slug":"1-05ct-emerald-cut-14k-gold-necklaces-dia-7x5mm-bezel-setting-type","status":"publish","type":"product","link":"https:\/\/dearjewelry.site\/es\/product\/1-05ct-emerald-cut-14k-gold-necklaces-dia-7x5mm-bezel-setting-type\/","title":{"rendered":"1.05ct Emerald Cut 14k Gold Necklaces Dia 7\u00d75mm Bezel setting Type"},"content":{"rendered":"<h2>1.05ct Emerald Cut 14k Gold Necklaces Dia 7\u00d75mm Bezel setting Type<\/h2>\n<p> Descripci\u00f3n<\/p>\n<table cellpadding=\"0\" cellspacing=\"0\" class=\"details_table\">\n<tbody>\n<tr>\n<th>Material:<\/th>\n<td>Oro amarillo de 14 quilates<\/td>\n<th>Tipo de joya:<\/th>\n<td>Vintage Pendant<\/td>\n<\/tr>\n<tr class=\"bg_gray\">\n<th>Tiny Stone:<\/th>\n<td>Real Diamond G-H SI<\/td>\n<th>Piedra principal:<\/th>\n<td>Natural Emerald<\/td>\n<\/tr>\n<tr>\n<th>Corta:<\/th>\n<td>Excelente<\/td>\n<th>Natural\/Creado en laboratorio:<\/th>\n<td>Natural<\/td>\n<\/tr>\n<tr class=\"bg_gray\">\n<th>Forma:<\/th>\n<td>EM7*5MM=1.05ct<\/td>\n<th>Tipo de ajuste:<\/th>\n<td>Bezel Setting\/Pave Setting<\/td>\n<\/tr>\n<tr>\n<th>Personal\u00edzalo:<\/th>\n<td>Disponible Personalizar<\/td>\n<th>Ocasi\u00f3n:<\/th>\n<td>Anniversary, Engagement, Gift, Party, WeddiNaturalng<\/td>\n<\/tr>\n<tr class=\"bg_gray\">\n<th colspan=\"1\">Luz alta:<\/th>\n<td colspan=\"3\">\n<h2 style='font-weight: bold;font-size: 14px'>1.05ct 14k Gold Necklaces<\/h2>\n<p>, <\/p>\n<h2 style='font-weight: bold;font-size: 14px'>5mm Emerald Cut 14k Gold Necklaces<\/h2>\n<\/td>\n<\/tr>\n<\/tbody>\n<\/table>\n<p><p><span style=\"font-size:16px\"><strong>Descripci\u00f3n del producto:<\/strong><\/span><\/p>\n<p><span style=\"font-size:16px\"><strong>14K Gold Necklace 1.05ct Emerald Cut Solitaire Natural Diamond 7*5MM Necklace<\/strong><\/span><\/p>\n<p>&nbsp;<\/p>\n<p><span style=\"font-size:16px\"><strong>Detalles del producto:&nbsp;<\/strong><\/span><\/p>\n<table border=\"1\" cellpadding=\"0\" cellspacing=\"0\" style=\"width: 576px\">\n<tbody>\n<tr>\n<td style=\"width: 125px\"><span style=\"font-size:16px\">N\u00ba de art\u00edculo<\/span><\/td>\n<td style=\"width: 445px\"><span style=\"font-size:16px\">KD055P<\/span><\/td>\n<\/tr>\n<tr>\n<td style=\"width: 125px\"><span style=\"font-size:16px\">Nombre del producto<\/span><\/td>\n<td style=\"width: 445px\"><span style=\"font-size:16px\">14K Yellow gold diamond pendant<\/span><\/td>\n<\/tr>\n<tr>\n<td style=\"width: 125px\"><span style=\"font-size:16px\">Estilo<\/span><\/td>\n<td style=\"width: 445px\"><span style=\"font-size:16px\">Vintage Style&nbsp;<\/span><\/td>\n<\/tr>\n<tr>\n<td style=\"width: 125px\"><span style=\"font-size:16px\">Material<\/span><\/td>\n<td style=\"width: 445px\"><span style=\"font-size:16px\">Oro amarillo de 14 quilates<\/span><\/td>\n<\/tr>\n<tr>\n<td style=\"width: 125px\"><span style=\"font-size:16px\">Tipo de configuraci\u00f3n<\/span><\/td>\n<td style=\"width: 445px\"><span style=\"font-size:16px\">Bezel setting<\/span><\/td>\n<\/tr>\n<tr>\n<td style=\"width: 125px\"><span style=\"font-size:16px\">G\u00e9nero<\/span><\/td>\n<td style=\"width: 445px\"><span style=\"font-size:16px\">Mujeres<\/span><\/td>\n<\/tr>\n<tr>\n<td style=\"width: 125px\"><span style=\"font-size:16px\">Piedra diminuta<\/span><\/td>\n<td style=\"width: 445px\"><span style=\"font-size:16px\">Natural Didamond&nbsp;G-H VS1<\/span><\/td>\n<\/tr>\n<tr>\n<td style=\"width: 125px\"><span style=\"font-size:16px\">Piedra principal<\/span><\/td>\n<td style=\"width: 445px\"><span style=\"font-size:16px\">Natural Emerald 4mm<\/span><\/td>\n<\/tr>\n<tr>\n<td style=\"width: 125px\"><span style=\"font-size:16px\">Dimensi\u00f3n<\/span><\/td>\n<td style=\"width: 445px\"><span style=\"font-size:16px\">EM7*5MM=1.05ct<\/span><\/td>\n<\/tr>\n<tr>\n<td style=\"width: 125px\"><span style=\"font-size:16px\">Ocasi\u00f3n<\/span><\/td>\n<td style=\"width: 445px\"><span style=\"font-size:16px\">Aniversario, Compromiso, Regalo, Fiesta, Boda<\/span><\/td>\n<\/tr>\n<\/tbody>\n<\/table>\n<p>&nbsp;<\/p>\n<p><span style=\"font-size:16px\"><strong>Detalle de la producci\u00f3n :<\/strong><\/span><\/p>\n<p><span style=\"font-size:16px\">N\u00famero de diamantes: 1 unidad<\/span><\/p>\n<p><span style=\"font-size:16px\">Total Carat Weight<\/span><\/p>\n<p><span style=\"font-size:16px\">Average Color: 0.17ct<\/span><\/p>\n<p><span style=\"font-size:16px\">Average Clarity: G-H<\/span><\/p>\n<p><span style=\"font-size:16px\">Average Cut: S1<\/span><\/p>\n<p><span style=\"font-size:16px\">Setting Type: Bezel setting<\/span><\/p>\n<p>&nbsp;<\/p>\n<p class=\"details-title\"><span style=\"font-size:16px\">Emerald Information:<\/span><\/p>\n<p class=\"details-title\"><span style=\"font-size:16px\">Minimum Color : Middle color<\/span><\/p>\n<p class=\"details-title\"><span style=\"font-size:16px\">Minimum Clarity : Lightly included<\/span><\/p>\n<p class=\"details-title\"><span style=\"font-size:16px\">Dimension: EM7*5MM=1.05ct<\/span><\/p>\n<p class=\"details-title\"><span style=\"font-size:16px\">Setting Type : Bezel setting<\/span><\/p>\n<p class=\"details-title\">&nbsp;<\/p>\n<p><span style=\"font-size:16px\"><strong>Por qu\u00e9 elegirnos:<\/strong><\/span><\/p>\n<p><span style=\"font-size:16px\">1: K-Gold cuenta con 21 a\u00f1os de experiencia en el sector de la joyer\u00eda y 17 a\u00f1os en producci\u00f3n.<\/span><\/p>\n<p><span style=\"font-size:16px\">2: Tambi\u00e9n nuestro equipo profesional de I + D para asegurar que nuestros productos se actualizan constantemente y por delante de la industria. As\u00ed que tenemos m\u00e1s de 3000 dise\u00f1os diferentes y m\u00e1s de 46 colecciones pueden satisfacer la demanda de diferentes mercados.<\/span><\/p>\n<p><span style=\"font-size:16px\">3: Para personalizar los art\u00edculos que usted puede conseguir CAD mismo d\u00eda o al d\u00eda siguiente para confirmar los datos antes del inicio del pedido.<\/span><\/p>\n<p><span style=\"font-size:16px\">4: El objetivo de K-gold es ofrecer a los clientes productos adecuados al precio adecuado y entregarlos a tiempo.<\/span><\/p>\n<p><span style=\"font-size:16px\">5: Tenemos un equipo de servicio al cliente de gran alcance que mantiene un ojo en todo el proceso de venta, ayudarle a cualquier pregunta, desde el dise\u00f1o CAD para entregar.<\/span><\/p>\n<p>&nbsp;<\/p>\n<p><span style=\"font-size:16px\">Servicio de f\u00e1brica K-Gold:<\/span><\/p>\n<p><span style=\"font-size:16px\"><img decoding=\"async\" src=\"https:\/\/www.gold-jewellerys.com\/test\/gold-jewellerys.com\/photo\/pl36123473-remark.jpg\"><\/span><\/p>\n<p><span style=\"font-size:16px\"><img decoding=\"async\" src=\"https:\/\/www.gold-jewellerys.com\/test\/gold-jewellerys.com\/photo\/pl36153526-remark.jpg\"><\/span><\/p>\n<p><span style=\"font-size:16px\"><img decoding=\"async\" src=\"https:\/\/www.gold-jewellerys.com\/test\/gold-jewellerys.com\/photo\/pl36219445-remark.jpg\"><\/span><\/p>\n<p><span style=\"font-size:16px\">PREGUNTAS FRECUENTES:&nbsp;<\/span><\/p>\n<p><span style=\"font-size:16px\">1: \u00bfC\u00f3mo podemos obtener el precio?<\/span><\/p>\n<p style=\"padding: 0px;border: 0px;font-family: arial\"><span style=\"font-size:16px\"><span>Le invitamos a ponerse en contacto con nosotros en whatsapp. Apenas env\u00edenos las im\u00e1genes de los art\u00edculos usted quiere entonces le diremos los precios cuanto antes.<\/span><\/span><\/p>\n<p style=\"padding: 0px;border: 0px;font-family: arial\">&nbsp;<\/p>\n<p style=\"padding: 0px;border: 0px\"><span style=\"font-size:16px\"><span>Contact Person:&nbsp;<\/span>Cherry Lee<br data-filtered=\"filtered\" style=\"font-family: arial\" \/><br \/>\n<span>WhatsApp: +86-<\/span>18520267369<span> \/ Tell:+86<\/span>18520267369<br data-filtered=\"filtered\" style=\"font-family: arial\" \/><br \/>\n<span>Correo electr\u00f3nico:&nbsp;<\/span><br data-filtered=\"filtered\" style=\"font-family: arial\" \/><br \/>\n<span>P\u00e1gina web:&nbsp;<\/span><\/span><\/p>\n<p style=\"padding: 0px;border: 0px;font-family: arial\">&nbsp;<\/p>\n<p style=\"padding: 0px;border: 0px;font-family: arial\"><span style=\"font-size:16px\">2: Can I stamp my own logo?<\/span><\/p>\n<p style=\"padding: 0px;border: 0px;font-family: arial\"><span style=\"font-size:16px\">Yes, we usually can stamp logo for you for free,just send the file or photo to us.<\/span><\/p>\n<p style=\"padding: 0px;border: 0px;font-family: arial\">&nbsp;<\/p>\n<p style=\"padding: 0px;border: 0px;font-family: arial\"><span style=\"font-size:16px\">3:&nbsp;What&#039;s your payment way? <\/span><\/p>\n<p style=\"padding: 0px;border: 0px;font-family: arial\"><span style=\"font-size:16px\">You can pay by T\/T,Western Union,Paypal. 30% deposit,70% balance paid before shipment .<\/span><\/p>\n<p style=\"padding: 0px;border: 0px;font-family: arial\">&nbsp;<\/p>\n<p style=\"padding: 0px;border: 0px\"><span style=\"font-family:arial,helvetica,sans-serif\"><span style=\"font-size:16px\">4:Can I have a&nbsp;certificate&nbsp;?<\/span><\/span><\/p>\n<p><span style=\"font-size:16px\">Yes, there have the certificated if you need and price will not include the fee. The Diamond there&nbsp;GIA certificated or without it just&nbsp;let me know becuase there price difference .<\/span><\/p>\n<p>&nbsp;<\/p>\n<p><span style=\"font-size:16px\">5: How long can received my goods?<\/span><\/p>\n<p><span style=\"font-size:16px\"><span>Order always processing after the deposit about&nbsp;your order. Making time 2-10 working days depending on design workmanship<\/span><\/span><\/p>\n<p><span style=\"font-size:16px\"><span>dificultad, m\u00e1s 3-7 d\u00edas de tiempo de env\u00edo m\u00e9todo de env\u00edo expreso a todos fo el mundo.<\/span><\/span><\/p>\n<p>&nbsp;<\/p>\n<p><span style=\"font-size:16px\"><span>6: <\/span>It is possible buy one?<\/span><\/p>\n<p><span style=\"font-size:16px\">For gold jewelry it is ok,and need to add a mold fee,when order 3pcs can return to you for deposit or balance.<\/span><\/p>\n<p>&nbsp;<\/p><\/p>","protected":false},"excerpt":{"rendered":"<br \/>\n<table class=\"tables data\" width=\"100%\" border=\"0\" cellpadding=\"0\" cellspacing=\"0\">\n<tbody>\n<tr>\n<th width=\"35%\">Lugar de origen:<\/th>\n<td>China<\/td>\n<\/tr>\n<tr>\n<th width=\"35%\">Marca:<\/th>\n<td>Joyas de oro K<\/td>\n<\/tr>\n<tr>\n<th width=\"35%\">Certificaci\u00f3n:<\/th>\n<td>Certificado de joyer\u00eda<\/td>\n<\/tr>\n<tr>\n<th width=\"35%\">N\u00famero de modelo:<\/th>\n<td>KD055P<\/td>\n<\/tr>\n<\/tbody>\n<\/table>\n<p>                                                                            <span class=\"title_s\">Condiciones de pago y env\u00edo:<\/span>                            <\/p>\n<table class=\"tables data\" width=\"100%\" border=\"0\" cellpadding=\"0\" cellspacing=\"0\">\n<tbody>\n<tr>\n<th width=\"35%\" nowrap=\"nowrap\">Cantidad m\u00ednima de pedido:<\/th>\n<td>3<\/td>\n<\/tr>\n<tr>\n<th width=\"35%\" nowrap=\"nowrap\">Precio:<\/th>\n<td>Negociable<\/td>\n<\/tr>\n<tr>\n<th width=\"35%\" nowrap=\"nowrap\">Detalles del embalaje:<\/th>\n<td>Bolsa PP gruesa est\u00e1ndar<\/td>\n<\/tr>\n<tr>\n<th width=\"35%\" nowrap=\"nowrap\">Plazo de entrega:<\/th>\n<td>5-15 d\u00edas laborables<\/td>\n<\/tr>\n<tr>\n<th width=\"35%\" nowrap=\"nowrap\">Condiciones de pago:<\/th>\n<td>T\/T, Western Union<\/td>\n<\/tr>\n<tr>\n<th width=\"35%\" nowrap=\"nowrap\">Capacidad de suministro:<\/th>\n<td>2000pcs\/Mes<\/td>\n<\/tr>\n<\/tbody>\n<\/table>","protected":false},"featured_media":4360,"comment_status":"closed","ping_status":"closed","template":"","meta":{"_gspb_post_css":""},"product_brand":[],"product_cat":[22],"product_tag":[],"class_list":{"0":"post-4369","1":"product","2":"type-product","3":"status-publish","4":"has-post-thumbnail","6":"product_cat-customized-silver-jewelry","8":"first","9":"instock","10":"shipping-taxable","11":"product-type-simple"},"aioseo_notices":[],"_links":{"self":[{"href":"https:\/\/dearjewelry.site\/es\/wp-json\/wp\/v2\/product\/4369","targetHints":{"allow":["GET"]}}],"collection":[{"href":"https:\/\/dearjewelry.site\/es\/wp-json\/wp\/v2\/product"}],"about":[{"href":"https:\/\/dearjewelry.site\/es\/wp-json\/wp\/v2\/types\/product"}],"replies":[{"embeddable":true,"href":"https:\/\/dearjewelry.site\/es\/wp-json\/wp\/v2\/comments?post=4369"}],"wp:featuredmedia":[{"embeddable":true,"href":"https:\/\/dearjewelry.site\/es\/wp-json\/wp\/v2\/media\/4360"}],"wp:attachment":[{"href":"https:\/\/dearjewelry.site\/es\/wp-json\/wp\/v2\/media?parent=4369"}],"wp:term":[{"taxonomy":"product_brand","embeddable":true,"href":"https:\/\/dearjewelry.site\/es\/wp-json\/wp\/v2\/product_brand?post=4369"},{"taxonomy":"product_cat","embeddable":true,"href":"https:\/\/dearjewelry.site\/es\/wp-json\/wp\/v2\/product_cat?post=4369"},{"taxonomy":"product_tag","embeddable":true,"href":"https:\/\/dearjewelry.site\/es\/wp-json\/wp\/v2\/product_tag?post=4369"}],"curies":[{"name":"wp","href":"https:\/\/api.w.org\/{rel}","templated":true}]}}