{"id":937,"date":"2024-04-03T06:30:18","date_gmt":"2024-04-03T06:30:18","guid":{"rendered":"https:\/\/startersites.io\/blocksy\/e-bike\/?page_id=14"},"modified":"2025-07-13T11:21:03","modified_gmt":"2025-07-13T11:21:03","slug":"sobre","status":"publish","type":"page","link":"https:\/\/dearjewelry.site\/pt\/sobre\/","title":{"rendered":"Sobre"},"content":{"rendered":"<div class=\"wp-block-greenshift-blocks-row alignfull gspb_row gspb_row-id-gsbp-39c57e7\" id=\"gspb_row-id-gsbp-39c57e7\"><div class=\"gspb_backgroundOverlay\"><\/div><div class=\"gspb_row__content\"> \n<div class=\"wp-block-greenshift-blocks-row-column gspb_row__col--12 gspb_col-id-gsbp-ba772d6\" id=\"gspb_col-id-gsbp-ba772d6\">\n<h1 id=\"gspb_heading-id-gsbp-6eff8f9\" class=\"gspb_heading gspb_heading-id-gsbp-6eff8f9\">SOBRE<\/h1>\n<\/div>\n <\/div><\/div>\n\n\n\n<h2 id=\"gspb_heading-id-gsbp-afb8634\" class=\"gspb_heading gspb_heading-id-gsbp-afb8634\"><strong>perfil da empresa<\/strong><\/h2>\n\n\n\n<div class=\"wp-block-greenshift-blocks-row gspb_row gspb_row-id-gsbp-04e1b16\" id=\"gspb_row-id-gsbp-04e1b16\"><div class=\"gspb_row__content\"> \n<div class=\"wp-block-greenshift-blocks-row-column gspb_row__col--12 gspb_col-id-gsbp-4fada0c\" id=\"gspb_col-id-gsbp-4fada0c\">\n<div id=\"gspb_text-id-gsbp-dad6e31\" class=\"gspb_text gspb_text-id-gsbp-dad6e31\">K-Gold Jewelry Co., Ltd fundada em 2005, \u00e9 um dos fabricantes de j\u00f3ias mais profissionais na China. Atualmente, os principais produtos s\u00e3o K quilates de ouro (9K Gold, 10KGold, 14KGold 18KGold) diamantes naturais (grau de diferen\u00e7a com certifica\u00e7\u00e3o GIA), moissanite e diamante de laborat\u00f3rio com certifica\u00e7\u00e3o de diferen\u00e7a, mais outras j\u00f3ias finas de pedras preciosas naturais, tamb\u00e9m prata com ouro 9K.<br>\u00a0<br>S\u00e3o cerca de 21 anos de experi\u00eancia na \u00e1rea da joalharia e 17 anos de experi\u00eancia na produ\u00e7\u00e3o.<br>\u00a0<br>Tamb\u00e9m a nossa equipa profissional de I&amp;D garante que os nossos produtos est\u00e3o constantemente actualizados e \u00e0 frente da ind\u00fastria. Assim, temos mais de 30000 designs diferentes e mais de 46 colec\u00e7\u00f5es que podem satisfazer os diferentes pedidos do mercado. Para itens personalizados, voc\u00ea pode obter CAD no mesmo dia ou no dia seguinte para confirmar os dados antes do in\u00edcio do pedido.<br>\u00a0<br>O objetivo da K-gold \u00e9 fornecer aos clientes os produtos certos ao pre\u00e7o certo e entregar a tempo. Temos uma equipa de servi\u00e7o ao cliente poderosa que acompanha todo o processo de vendas, ajuda-o em qualquer quest\u00e3o, desde o design CAD at\u00e9 \u00e0 entrega.<br>\u00a0<br>K-gold Jewelry sinceramente ansioso para trabalhar com clientes em todo o mundo, deixe o nosso neg\u00f3cio crescer juntos.<\/div>\n<\/div>\n <\/div><\/div>\n\n\n\n<div class=\"wp-block-greenshift-blocks-row alignfull gspb_row gspb_row-id-gsbp-297c0a0 gspb_row--gutter-custom-0\" id=\"gspb_row-id-gsbp-297c0a0\"><div class=\"gspb_row__content\"> \n<div class=\"wp-block-greenshift-blocks-row-column gspb_row__col--6 gspb_col-id-gsbp-0acbdf9\" id=\"gspb_col-id-gsbp-0acbdf9\">\n<h2 id=\"gspb_heading-id-gsbp-70c0c30\" class=\"gspb_heading gspb_heading-id-gsbp-70c0c30\">Perguntas mais frequentes<\/h2>\n\n\n\n<div id=\"gspb_text-id-gsbp-6f4ec2e\" class=\"gspb_text gspb_text-id-gsbp-6f4ec2e\">Um guia conciso que aborda quest\u00f5es comuns sobre os produtos, a experi\u00eancia, as op\u00e7\u00f5es de personaliza\u00e7\u00e3o e o servi\u00e7o de apoio ao cliente da K-Gold Jewelry Co.<\/div>\n\n\n\n<div class=\"gspb_button_wrapper gspb_button-id-gsbp-fe51d00\" id=\"gspb_button-id-gsbp-fe51d00\"><a class=\"wp-block-greenshift-blocks-buttonbox gspb-buttonbox wp-element-button\" href=\"\/pt\/contacto\/\" rel=\"noopener\"><span class=\"gspb-buttonbox-textwrap\"><span class=\"gspb-buttonbox-text\"><span class=\"gspb-buttonbox-title\">Contactar-nos<\/span><\/span><span class=\"gspb-buttonbox-icon\"><svg xmlns=\"http:\/\/www.w3.org\/2000\/svg\" style=\"width:5rem;height:5rem;margin:10px\" viewbox=\"0 0 12 12\"><path d=\"M12 1v10c0 .55-.45 1-1 1s-1-.45-1-1V3.41l-8.29 8.3c-.2.2-.45.29-.71.29s-.51-.1-.71-.29a.996.996 0 0 1 0-1.41L8.59 2H1c-.55 0-1-.45-1-1s.45-1 1-1h10a1.019 1.019 0 0 1 1 1Z\"><\/path><\/svg><\/span><\/span><\/a><\/div>\n<\/div>\n\n\n\n<div class=\"wp-block-greenshift-blocks-row-column gspb_row__col--6 gspb_col-id-gsbp-8439c64\" id=\"gspb_col-id-gsbp-8439c64\">\n<div class=\"wp-block-greenshift-blocks-accordion gs-accordion gspb_accordion-id-gsbp-d5e32fe togglelogic\" id=\"gspb_accordion-id-gsbp-d5e32fe\" >\n<div class=\"wp-block-greenshift-blocks-accordionitem gs-accordion-item gspb_accordionitem-gsbp-956008a gsopen\" id=\"gspb_accordionitem-gsbp-956008a\" itemscope><div id=\"gs-trigger-gsbp-d5e32fe-0\" class=\"gs-accordion-item__title\" aria-expanded=\"true\" role=\"button\" tabindex=\"0\" aria-controls=\"gspb-accordion-item-content-gsbp-956008a\"><div class=\"gs-accordion-item__heading\">Que tipos de j\u00f3ias oferece a K-Gold Jewelry Co., Ltd?<\/div><meta itemprop=\"name\" content=\"What types of jewelry does K-Gold Jewelry Co., Ltd offer?\"\/><span class=\"iconfortoggle\"><span class=\"gs-iconbefore\"><\/span><span class=\"gs-iconafter\"><\/span><\/span><\/div><div aria-labelledby=\"gs-trigger-gsbp-d5e32fe-0\" class=\"gs-accordion-item__content\" itemscope id=\"gspb-accordion-item-content-gsbp-956008a\" aria-hidden=\"false\"><div class=\"gs-accordion-item__text\" itemprop=\"text\">\n<div id=\"gspb_text-id-gsbp-7b1e025\" class=\"gspb_text gspb_text-id-gsbp-7b1e025\">A K-Gold Jewelry \u00e9 especializada em j\u00f3ias de ouro de K quilates (9K, 10K, 14K, 18K), diamantes naturais com v\u00e1rios graus de certifica\u00e7\u00e3o GIA, moissanite, diamantes cultivados em laborat\u00f3rio com diferentes certifica\u00e7\u00f5es e outras j\u00f3ias finas de pedras preciosas naturais. Tamb\u00e9m oferecemos j\u00f3ias de prata combinadas com ouro 9K.<\/div>\n<\/div><\/div><\/div>\n\n\n\n<div class=\"wp-block-greenshift-blocks-accordionitem gs-accordion-item gspb_accordionitem-gsbp-76984d2 gsclose\" id=\"gspb_accordionitem-gsbp-76984d2\" itemscope><div id=\"gs-trigger-gsbp-d5e32fe-1\" class=\"gs-accordion-item__title\" aria-expanded=\"false\" role=\"button\" tabindex=\"0\" aria-controls=\"gspb-accordion-item-content-gsbp-76984d2\"><div class=\"gs-accordion-item__heading\">Qual \u00e9 a experi\u00eancia da K-Gold Jewelry no sector da joalharia?<\/div><meta itemprop=\"name\" content=\"How experienced is K-Gold Jewelry in the jewelry industry?\"\/><span class=\"iconfortoggle\"><span class=\"gs-iconbefore\"><\/span><span class=\"gs-iconafter\"><\/span><\/span><\/div><div aria-labelledby=\"gs-trigger-gsbp-d5e32fe-1\" class=\"gs-accordion-item__content\" itemscope id=\"gspb-accordion-item-content-gsbp-76984d2\" aria-hidden=\"true\"><div class=\"gs-accordion-item__text\" itemprop=\"text\">\n<div id=\"gspb_text-id-gsbp-6449f72\" class=\"gspb_text gspb_text-id-gsbp-6449f72\">A K-Gold Jewelry tem mais de 21 anos de experi\u00eancia no sector da joalharia, 17 dos quais especificamente na produ\u00e7\u00e3o de j\u00f3ias, o que garante uma elevada qualidade artesanal e especializada.<\/div>\n<\/div><\/div><\/div>\n\n\n\n<div class=\"wp-block-greenshift-blocks-accordionitem gs-accordion-item gspb_accordionitem-gsbp-f5fa584 gsclose\" id=\"gspb_accordionitem-gsbp-f5fa584\" itemscope><div id=\"gs-trigger-gsbp-d5e32fe-2\" class=\"gs-accordion-item__title\" aria-expanded=\"false\" role=\"button\" tabindex=\"0\" aria-controls=\"gspb-accordion-item-content-gsbp-f5fa584\"><div class=\"gs-accordion-item__heading\">Posso pedir designs de j\u00f3ias personalizados \u00e0 K-Gold Jewelry?<\/div><meta itemprop=\"name\" content=\"Can I request custom jewelry designs from K-Gold Jewelry?\"\/><span class=\"iconfortoggle\"><span class=\"gs-iconbefore\"><\/span><span class=\"gs-iconafter\"><\/span><\/span><\/div><div aria-labelledby=\"gs-trigger-gsbp-d5e32fe-2\" class=\"gs-accordion-item__content\" itemscope id=\"gspb-accordion-item-content-gsbp-f5fa584\" aria-hidden=\"true\"><div class=\"gs-accordion-item__text\" itemprop=\"text\">\n<div id=\"gspb_text-id-gsbp-324b4f4\" class=\"gspb_text gspb_text-id-gsbp-324b4f4\">Sim, oferecemos servi\u00e7os de design de j\u00f3ias personalizadas. A nossa equipa profissional de I&amp;D pode fornecer desenhos CAD no pr\u00f3prio dia ou no dia seguinte para confirma\u00e7\u00e3o antes do in\u00edcio da produ\u00e7\u00e3o, assegurando a concretiza\u00e7\u00e3o da sua vis\u00e3o.<\/div>\n<\/div><\/div><\/div>\n\n\n\n<div class=\"wp-block-greenshift-blocks-accordionitem gs-accordion-item gspb_accordionitem-gsbp-f76b6fb gsclose\" id=\"gspb_accordionitem-gsbp-f76b6fb\" itemscope><div id=\"gs-trigger-gsbp-d5e32fe-3\" class=\"gs-accordion-item__title\" aria-expanded=\"false\" role=\"button\" tabindex=\"0\" aria-controls=\"gspb-accordion-item-content-gsbp-f76b6fb\"><div class=\"gs-accordion-item__heading\">Como \u00e9 que a K-Gold garante a satisfa\u00e7\u00e3o do cliente e a entrega atempada?<\/div><meta itemprop=\"name\" content=\"How does K-Gold ensure customer satisfaction and timely delivery?\"\/><span class=\"iconfortoggle\"><span class=\"gs-iconbefore\"><\/span><span class=\"gs-iconafter\"><\/span><\/span><\/div><div aria-labelledby=\"gs-trigger-gsbp-d5e32fe-3\" class=\"gs-accordion-item__content\" itemscope id=\"gspb-accordion-item-content-gsbp-f76b6fb\" aria-hidden=\"true\"><div class=\"gs-accordion-item__text\" itemprop=\"text\">\n<div id=\"gspb_text-id-gsbp-1714577\" class=\"gspb_text gspb_text-id-gsbp-1714577\">O nosso objetivo \u00e9 fornecer os produtos certos ao pre\u00e7o certo e com entrega atempada. A nossa equipa dedicada de apoio ao cliente supervisiona todo o processo de venda, prestando assist\u00eancia em todas as quest\u00f5es, desde a conce\u00e7\u00e3o CAD at\u00e9 \u00e0 entrega final, garantindo uma experi\u00eancia perfeita.<\/div>\n<\/div><\/div><\/div>\n<\/div>\n<\/div>\n <\/div><\/div>","protected":false},"excerpt":{"rendered":"","protected":false},"author":1,"featured_media":0,"parent":0,"menu_order":0,"comment_status":"closed","ping_status":"closed","template":"","meta":{"_gspb_post_css":"#gspb_row-id-gsbp-39c57e7{justify-content:space-between;margin-top:0;display:flex;flex-wrap:wrap;min-height:350px;align-content:center;margin-bottom:50px;background-size:cover;background-image:url(https:\/\/dearjewelry.site\/wp-content\/uploads\/2025\/07\/jese-1-1.png);isolation:isolate}#gspb_row-id-gsbp-39c57e7>.gspb_row__content{display:flex;justify-content:space-between;margin:0 auto;width:100%;flex-wrap:wrap;align-items:center}div[id^=gspb_col-id]{box-sizing:border-box;position:relative;padding:var(--gs-row-column-padding, 15px min(3vw, 20px))}body.gspb-bodyfront #gspb_row-id-gsbp-39c57e7>.gspb_row__content{width:var(--theme-container-width, 1200px);max-width:var(--theme-normal-container-max-width, 1200px)}#gspb_row-id-gsbp-39c57e7:hover{background-size:cover}#gspb_row-id-gsbp-39c57e7>.gspb_backgroundOverlay{position:absolute;top:0;left:0;width:100%;height:100%;z-index:-1;opacity:.4;background-color:#000}#gspb_col-id-gsbp-ba772d6.gspb_row__col--12{width:100%}@media (max-width:575.98px){#gspb_col-id-gsbp-ba772d6.gspb_row__col--12{width:100%}}#gspb_heading-id-gsbp-6eff8f9{font-size:60px;text-align:center!important;color:#fff}#gspb_heading-id-gsbp-6eff8f9 .gsap-g-line{text-align:center!important}#gspb_heading-id-gsbp-afb8634{text-transform:uppercase}@media (max-width:991.98px){#gspb_heading-id-gsbp-afb8634{font-size:30px}}#gspb_heading-id-gsbp-afb8634,#gspb_heading-id-gsbp-afb8634 .gsap-g-line{text-align:center!important}@media (max-width:575.98px){#gspb_heading-id-gsbp-afb8634,#gspb_heading-id-gsbp-afb8634 .gsap-g-line{text-align:center!important}}#gspb_heading-id-gsbp-afb8634{margin-top:0;margin-bottom:20px}#gspb_row-id-gsbp-04e1b16,#gspb_row-id-gsbp-297c0a0{justify-content:space-between;margin-top:0;display:flex;flex-wrap:wrap;margin-bottom:50px}#gspb_row-id-gsbp-04e1b16>.gspb_row__content{display:flex;justify-content:space-between;margin:0 auto;width:100%;flex-wrap:wrap}#gspb_col-id-gsbp-4fada0c.gspb_row__col--12{width:100%}@media (max-width:575.98px){#gspb_col-id-gsbp-4fada0c.gspb_row__col--12{width:100%}}.gspb_text-id-gsbp-dad6e31{color:var(--wp--preset--color--palette-color-2, var(--theme-palette-color-2, #26262e));margin-top:0!important;margin-bottom:0!important}#gspb_row-id-gsbp-297c0a0{margin-bottom:0;padding-top:100px;padding-bottom:100px}#gspb_row-id-gsbp-297c0a0>.gspb_row__content{display:flex;justify-content:space-between;margin:0 auto;width:100%;flex-wrap:wrap}.gspb_row{position:relative}@media (max-width:575.98px){#gspb_row-id-gsbp-297c0a0>.gspb_row__content{row-gap:50px}}body.gspb-bodyfront #gspb_row-id-gsbp-04e1b16>.gspb_row__content,body.gspb-bodyfront #gspb_row-id-gsbp-297c0a0>.gspb_row__content{width:var(--theme-container-width, 1200px);max-width:var(--theme-normal-container-max-width, 1200px)}@media (max-width:991.98px){#gspb_row-id-gsbp-297c0a0{padding-top:60px;padding-bottom:60px}}#gspb_row-id-gsbp-297c0a0{background-color:#26262e}#gspb_col-id-gsbp-0acbdf9.gspb_row__col--6{width:calc(50% - 40px)}@media (max-width:991.98px){#gspb_col-id-gsbp-0acbdf9.gspb_row__col--6{width:calc(50% - 25px)}}@media (max-width:767.98px){#gspb_col-id-gsbp-0acbdf9.gspb_row__col--6{width:calc(50% - 25px)}}@media (max-width:575.98px){#gspb_col-id-gsbp-0acbdf9.gspb_row__col--6{width:100%}}@media (min-width:992px){body.gspb-bodyfront #gspb_col-id-gsbp-0acbdf9.gspb_row__col--6{width:calc(45% - 0px - 40px)}}.gspb_row #gspb_col-id-gsbp-0acbdf9.gspb_row__col--6{padding:0}@media (max-width:991.98px){#gspb_heading-id-gsbp-70c0c30{font-size:30px}}#gspb_heading-id-gsbp-70c0c30{color:#fff;margin-top:0}.gspb_text-id-gsbp-6f4ec2e{color:#fff;margin-bottom:60px!important}#gspb_button-id-gsbp-fe51d00{display:flex;justify-content:flex-start}#gspb_button-id-gsbp-fe51d00 .gspb-buttonbox-text{display:flex;flex-direction:column}#gspb_button-id-gsbp-fe51d00>.gspb-buttonbox{box-sizing:border-box}#gspb_button-id-gsbp-fe51d00>.gspb-buttonbox>.gspb-buttonbox-textwrap>.gspb-buttonbox-icon{display:flex}#gspb_button-id-gsbp-fe51d00>.gspb-buttonbox .gspb-buttonbox-icon svg{height:10px!important;width:10px!important;min-width:10px!important;fill:currentColor!important;margin:0!important}#gspb_button-id-gsbp-fe51d00>.gspb-buttonbox .gspb-buttonbox-icon svg path{fill:currentColor!important}#gspb_button-id-gsbp-fe51d00>.gspb-buttonbox>.gspb-buttonbox-textwrap{display:flex;flex-direction:row;align-items:center}#gspb_button-id-gsbp-fe51d00 .gspb-buttonbox-icon{margin-left:13px}#gspb_button-id-gsbp-fe51d00>.gspb-buttonbox{background-color:var(--wp--preset--color--palette-color-8, var(--theme-palette-color-8, #ffffff));color:#000}#gspb_button-id-gsbp-fe51d00>.gspb-buttonbox:hover{background-color:var(--wp--preset--color--base, #000001)!important;color:#fff}#gspb_col-id-gsbp-8439c64.gspb_row__col--6{width:calc(50% - 40px)}@media (max-width:991.98px){#gspb_col-id-gsbp-8439c64.gspb_row__col--6{width:calc(50% - 25px)}}@media (max-width:767.98px){#gspb_col-id-gsbp-8439c64.gspb_row__col--6{width:calc(50% - 25px)}}@media (max-width:575.98px){#gspb_col-id-gsbp-8439c64.gspb_row__col--6{width:100%}}@media (min-width:992px){body.gspb-bodyfront #gspb_col-id-gsbp-8439c64.gspb_row__col--6{width:calc(55% - 0px - 40px)}}.gspb_row #gspb_col-id-gsbp-8439c64.gspb_row__col--6{padding:0}#gspb_accordion-id-gsbp-d5e32fe .gs-accordion-item.gsclose>.gs-accordion-item__content{overflow:hidden;opacity:0}#gspb_accordion-id-gsbp-d5e32fe .gs-accordion-item.gsopen>.gs-accordion-item__content{opacity:1;max-height:5000px}#gspb_accordion-id-gsbp-d5e32fe .gs-accordion-item>.gs-accordion-item__title>.gs-accordion-item__heading{outline:0;text-decoration:none;margin:0!important;padding:0!important;flex-grow:1}#gspb_accordion-id-gsbp-d5e32fe .gs-accordion-item>.gs-accordion-item__title{z-index:1;margin:0;cursor:pointer;transition:all .3s ease-in-out;position:relative;display:flex;justify-content:space-between;align-items:center;flex-wrap:nowrap}#gspb_accordion-id-gsbp-d5e32fe .gs-accordion-item>.gs-accordion-item__content{z-index:0;position:relative;max-height:0;will-change:max-height;transition:all .25s ease-out}#gspb_accordion-id-gsbp-d5e32fe .gs-accordion-item>.gs-accordion-item__title{background-color:#fafafa00;border-bottom-style:solid;border-bottom-width:1px;border-bottom-color:#ffffff2e}#gspb_accordion-id-gsbp-d5e32fe .gs-accordion-item>.gs-accordion-item__title,#gspb_accordion-id-gsbp-d5e32fe .gs-accordion-item__title>*{font-size:18px;font-weight:500!important;color:var(--wp--preset--color--palette-color-1, var(--theme-palette-color-1, #ffcd05))}#gspb_accordion-id-gsbp-d5e32fe .gs-accordion-item>.gs-accordion-item__content{background-color:#ffffff00;border-bottom-style:solid;border-bottom-width:1px;border-bottom-color:#ffffff2e;color:#fff}#gspb_accordion-id-gsbp-d5e32fe span.iconfortoggle .gs-iconafter,#gspb_accordion-id-gsbp-d5e32fe span.iconfortoggle .gs-iconbefore{background-color:var(--wp--preset--color--palette-color-1, var(--theme-palette-color-1, #ffcd05))}#gspb_accordion-id-gsbp-d5e32fe .gs-accordion-item>.gs-accordion-item__title span.iconfortoggle{margin-left:15px;display:inline-block;height:14px;width:14px;position:relative}#gspb_accordion-id-gsbp-d5e32fe .gs-accordion-item{margin-bottom:20px}#gspb_accordion-id-gsbp-d5e32fe .gs-accordion-item>.gs-accordion-item__title{padding:0 0 20px}#gspb_accordion-id-gsbp-d5e32fe .gs-accordion-item>.gs-accordion-item__content>.gs-accordion-item__text{padding:30px 0}.gs-accordion .gs-accordion-item.gsopen .gs-accordion-item__title .gs-iconafter{transform:rotate(0)}.gs-accordion .gs-accordion-item__title span.iconfortoggle .gs-iconafter,.gs-accordion .gs-accordion-item__title span.iconfortoggle .gs-iconbefore{content:'';width:14px;height:2px;border-radius:2px;background-color:#111;position:absolute;top:6px;left:0}.gs-accordion .gs-accordion-item__title span.iconfortoggle .gs-iconafter{transform:rotate(90deg);transition:all .3s ease-in-out}.gspb_text-id-gsbp-6449f72{margin-top:0!important}","footnotes":""},"class_list":["post-937","page","type-page","status-publish","hentry"],"blocksy_meta":{"has_hero_section":"disabled","vertical_spacing_source":"custom","content_area_spacing":"none","styles_descriptor":{"styles":{"desktop":"","tablet":"","mobile":""},"google_fonts":[],"version":6}},"aioseo_notices":[],"_links":{"self":[{"href":"https:\/\/dearjewelry.site\/pt\/wp-json\/wp\/v2\/pages\/937","targetHints":{"allow":["GET"]}}],"collection":[{"href":"https:\/\/dearjewelry.site\/pt\/wp-json\/wp\/v2\/pages"}],"about":[{"href":"https:\/\/dearjewelry.site\/pt\/wp-json\/wp\/v2\/types\/page"}],"author":[{"embeddable":true,"href":"https:\/\/dearjewelry.site\/pt\/wp-json\/wp\/v2\/users\/1"}],"replies":[{"embeddable":true,"href":"https:\/\/dearjewelry.site\/pt\/wp-json\/wp\/v2\/comments?post=937"}],"version-history":[{"count":5,"href":"https:\/\/dearjewelry.site\/pt\/wp-json\/wp\/v2\/pages\/937\/revisions"}],"predecessor-version":[{"id":7086,"href":"https:\/\/dearjewelry.site\/pt\/wp-json\/wp\/v2\/pages\/937\/revisions\/7086"}],"wp:attachment":[{"href":"https:\/\/dearjewelry.site\/pt\/wp-json\/wp\/v2\/media?parent=937"}],"curies":[{"name":"wp","href":"https:\/\/api.w.org\/{rel}","templated":true}]}}