{"id":1075,"date":"2025-07-13T04:38:23","date_gmt":"2025-07-13T04:38:23","guid":{"rendered":"https:\/\/dearjewelry.site\/product\/0-8ct-14k-solid-gold-jewellery-rose-gold-engagement-ring-set-ra5-6x4-5mm\/"},"modified":"2025-07-13T04:38:23","modified_gmt":"2025-07-13T04:38:23","slug":"0-8ct-14k-solid-gold-jewellery-rose-gold-engagement-ring-set-ra5-6x4-5mm","status":"publish","type":"product","link":"https:\/\/dearjewelry.site\/pt\/product\/0-8ct-14k-solid-gold-jewellery-rose-gold-engagement-ring-set-ra5-6x4-5mm\/","title":{"rendered":"0.8ct 14K j\u00f3ias de ouro maci\u00e7o, conjunto de anel de noivado de ouro rosa RA5.6\u00d74.5MM"},"content":{"rendered":"<h2>0.8ct 14K j\u00f3ias de ouro maci\u00e7o, conjunto de anel de noivado de ouro rosa RA5.6\u00d74.5MM<\/h2>\n<p> Descri\u00e7\u00e3o<\/p>\n<table cellpadding=\"0\" cellspacing=\"0\" class=\"details_table\">\n<tbody>\n<tr>\n<th>Material:<\/th>\n<td>9K\/10K\/14K\/18K Gold Jewelry<\/td>\n<th>Pedra principal:<\/th>\n<td>Diamond Engagement Ring<\/td>\n<\/tr>\n<tr class=\"bg_gray\">\n<th>Place Of Origin:<\/th>\n<td>China (mainland)<\/td>\n<th>Trendy Style:<\/th>\n<td>Natural Jewelry<\/td>\n<\/tr>\n<tr>\n<th>Peso:<\/th>\n<td>About 3.12g<\/td>\n<th>Personalizar:<\/th>\n<td>Custom Gold Jewelry<\/td>\n<\/tr>\n<tr class=\"bg_gray\">\n<th>Color Plated:<\/th>\n<td>Rose Gold<\/td>\n<th>Engagement Occasion:<\/th>\n<td>Gift, Party, Wedding<\/td>\n<\/tr>\n<tr>\n<th>Tamanho:<\/th>\n<td>RA5.6*4.5MM<\/td>\n<\/tr>\n<tr class=\"bg_gray\">\n<th colspan=\"1\">Luz alta:<\/th>\n<td colspan=\"3\">\n<h2 style='font-weight: bold;font-size: 14px'>0.8ct 14K Solid Gold Jewellery<\/h2>\n<p>, <\/p>\n<h2 style='font-weight: bold;font-size: 14px'>4.5MM 14K Solid Gold Jewellery<\/h2>\n<p>, <\/p>\n<h2 style='font-weight: bold;font-size: 14px'>5.6mm Rose Gold Engagement Ring Set<\/h2>\n<\/td>\n<\/tr>\n<\/tbody>\n<\/table>\n<p><p><span style=\"font-size:16px\"><strong><span style=\"font-family:arial,helvetica,sans-serif\">Descri\u00e7\u00e3o do produto:&nbsp;<\/span><\/strong><\/span><\/p>\n<p><span style=\"font-size:16px\"><strong>14K Rose Solid Gold Natural Diamond Ring Set Dainty Gemstones Engagement Ring<\/strong><\/span><\/p>\n<table border=\"1\" cellpadding=\"0\" cellspacing=\"0\" style=\"width: 576px\">\n<tbody>\n<tr>\n<td style=\"width: 126px\"><span style=\"font-size:16px\">Item No.<\/span><\/td>\n<td style=\"width: 444px\"><span style=\"font-size:16px\">KD029R<\/span><\/td>\n<\/tr>\n<tr>\n<td style=\"width: 126px\"><span style=\"font-size:16px\">Nome do produto<\/span><\/td>\n<td style=\"width: 444px\"><span style=\"font-size:16px\">J\u00f3ias personalizadas em ouro maci\u00e7o 14K<\/span><\/td>\n<\/tr>\n<tr>\n<td style=\"width: 126px\"><span style=\"font-size:16px\">Estilo<\/span><\/td>\n<td style=\"width: 444px\"><span style=\"font-size:16px\">Fashion Style&nbsp;<\/span><\/td>\n<\/tr>\n<tr>\n<td style=\"width: 126px\"><span style=\"font-size:16px\">Material<\/span><\/td>\n<td style=\"width: 444px\"><span style=\"font-size:16px\">14K White Gold<\/span><\/td>\n<\/tr>\n<tr>\n<td style=\"width: 126px\"><span style=\"font-size:16px\">Tipo de defini\u00e7\u00e3o<\/span><\/td>\n<td style=\"width: 444px\"><span style=\"font-size:16px\">Hand setting<\/span><\/td>\n<\/tr>\n<tr>\n<td style=\"width: 126px\"><span style=\"font-size:16px\">G\u00e9nero<\/span><\/td>\n<td style=\"width: 444px\">Children&#039;s, Men&#039;s, Unisex, Women&#039;s<\/td>\n<\/tr>\n<tr>\n<td style=\"width: 126px\"><span style=\"font-size:16px\">Pedra min\u00fascula<\/span><\/td>\n<td style=\"width: 444px\"><span style=\"font-size:16px\">70pcs Natural Diamond<\/span><\/td>\n<\/tr>\n<tr>\n<td style=\"width: 126px\"><span style=\"font-size:16px\">Pedra principal<\/span><\/td>\n<td style=\"width: 444px\"><span style=\"font-size:16px\">Natural Diamond\/Lab Diamond\/Mossianite<\/span><\/td>\n<\/tr>\n<tr>\n<td style=\"width: 126px\"><span style=\"font-size:16px\">Main stone Size<\/span><\/td>\n<td style=\"width: 444px\">RA5.6*4.5MMMM<\/td>\n<\/tr>\n<tr>\n<td style=\"width: 126px\"><span style=\"font-size:16px\">Color<\/span><\/td>\n<td style=\"width: 444px\"><span style=\"font-size:16px\">As your request<\/span><\/td>\n<\/tr>\n<tr>\n<td style=\"width: 126px\"><span style=\"font-size:16px\">Tamanho do anel<\/span><\/td>\n<td style=\"width: 444px\"><span style=\"font-size:16px\">Hot selling size # 4 &#8211; # 12, any size is feasible.<\/span><\/td>\n<\/tr>\n<\/tbody>\n<\/table>\n<p>&nbsp;<\/p>\n<p><span style=\"font-size:16px\"><strong><span style=\"font-family:arial,helvetica,sans-serif\">Production detail:<\/span><\/strong><br \/>\n<span style=\"font-family:arial,helvetica,sans-serif\">Informa\u00e7\u00f5es sobre o Tiny Diamond:<\/span><br \/>\n<span style=\"font-family:arial,helvetica,sans-serif\">Number of Diamonds: 78pcs<\/span><br \/>\n<span style=\"font-family:arial,helvetica,sans-serif\">Total Carat Weight: 4.68ct<\/span><br \/>\n<span style=\"font-family:arial,helvetica,sans-serif\">Cor m\u00e9dia: G-H<\/span><br \/>\n<span style=\"font-family:arial,helvetica,sans-serif\">Clareza m\u00e9dia: SI1\/SI2\/VS1&nbsp;<\/span>Personalizar pedido<br \/>\n<span style=\"font-family:arial,helvetica,sans-serif\">Average Cut: <span>Extremely good<\/span><\/span><\/span><\/p>\n<p><span style=\"font-size:16px\"><span style=\"font-family:arial,helvetica,sans-serif\">Tipo de engaste: Crava\u00e7\u00e3o de pino<\/span><\/span><\/p>\n<p>\n<span style=\"font-size:16px\"><span style=\"font-family:arial,helvetica,sans-serif\">Informa\u00e7\u00f5es sobre a pedra principal:&nbsp;<\/span>Diamante natural\/ Diamante de laborat\u00f3rio<br \/>\n<span style=\"font-family:arial,helvetica,sans-serif\">Peso total em quilates: 0,8ct&nbsp;<\/span>diamante<\/span><\/p>\n<p><font face=\"arial, helvetica, sans-serif\" style=\"font-size: 16px\">Tamanho:&nbsp;<\/font>RA5.6*4.5MM<span style=\"font-size: 16px\">&nbsp;for main stone<\/span><font face=\"arial, helvetica, sans-serif\" style=\"font-size: 16px\"> <\/font><\/p>\n<p>&nbsp;<\/p>\n<p>&nbsp;<\/p>\n<p><strong style=\"font-size: 16px\"><span style=\"font-family:arial,helvetica,sans-serif\">Porqu\u00ea escolher-nos:<\/span><\/strong><\/p>\n<p><span style=\"font-size:16px\">1: We professional make natural gemstone jewelry for brands over 15 years, we can make international brand level workmanship.<br \/>\n2: We have our own gemstone mines, only use high quality gemstone to make jewelry, and we have absolute advantage in price for the same quality jewelry, which is why we can cooperate with brand jewelry wholesalers in many countries for more than 15 years.<br \/>\n3: We have exclusive technology to engrave any patterns on any fine gem.<br \/>\n4: Our exclusive high tech silver jewelry anti-oxidation technology is leading the jewelry industry.<\/span><\/p>\n<p>&nbsp;<\/p>\n<p><span style=\"font-size:16px\"><span style=\"font-family:arial,helvetica,sans-serif\">Servi\u00e7o de F\u00e1brica K-Gold:<\/span><br \/>\n<img decoding=\"async\" src=\"https:\/\/www.gold-jewellerys.com\/test\/domaindemo-52949.tmp\/photo\/pl36219389-remark.jpg\"><br \/>\n<img decoding=\"async\" src=\"https:\/\/www.gold-jewellerys.com\/test\/domaindemo-52949.tmp\/photo\/pl36230799-remark.jpg\"><\/span><\/p>\n<p>&nbsp;<\/p>\n<p><span style=\"font-size:16px\">FAQs:<\/span><\/p>\n<p><span style=\"font-size:16px\">1: Como \u00e9 que podemos obter o pre\u00e7o?<\/span><\/p>\n<p><span style=\"font-size:16px\">Convidamo-lo a contactar-nos atrav\u00e9s do whatsapp. Basta enviar-nos as fotografias dos artigos que pretende e, em seguida, indicar-lhe-emos os pre\u00e7os o mais rapidamente poss\u00edvel.<\/span><\/p>\n<p>&nbsp;<\/p>\n<p><span style=\"font-size:16px\">Contact: Nancy lee<br \/>\nWhatsApp: +86-18520267369 \/ Tell:+8618520267369<br \/>\nCorreio eletr\u00f3nico: nancy@gzkgold.com<\/span><\/p>\n<p>&nbsp;<\/p>\n<p><span style=\"font-size:16px\">2: <\/span>Can you design own jewelry ? and my Logo ?<\/p>\n<p style=\"font-size: 12px;line-height: inherit;padding: 0px;border: 0px;font-family: Arial;vertical-align: baseline\"><span style=\"margin: 0px;padding: 0px;border: 0px;font-style: inherit;font-variant: inherit;font-weight: inherit;font-size: inherit;line-height: 18px;font-family: inherit;vertical-align: baseline\"><span style=\"font-weight: 700\"><span style=\"margin: 0px;padding: 0px;border: 0px;font-style: inherit;font-variant: inherit;font-weight: inherit;font-size: 16px;line-height: 24px;font-family: inherit;vertical-align: baseline\"><span style=\"margin: 0px;padding: 0px;border: 0px;font-variant: inherit;font-weight: 400;line-height: 24px;font-family: Arial, Helvetica;vertical-align: baseline\">Yes, our designer have more than 15 years experience on jewelry area,<\/span><\/span><\/span><\/span><span style=\"margin: 0px;padding: 0px;border: 0px;font-style: inherit;font-variant: inherit;font-weight: inherit;font-size: inherit;line-height: 18px;font-family: inherit;vertical-align: baseline\"><span style=\"font-weight: 700\"><span style=\"margin: 0px;padding: 0px;border: 0px;font-style: inherit;font-variant: inherit;font-weight: inherit;font-size: 16px;line-height: 24px;font-family: inherit;vertical-align: baseline\"><span style=\"margin: 0px;padding: 0px;border: 0px;font-variant: inherit;font-weight: 400;line-height: 24px;font-family: Arial, Helvetica;vertical-align: baseline\">Just send your photos or idea we can design CAD for you confirmed before production,<\/span><\/span><\/span><\/span><span style=\"margin: 0px;padding: 0px;border: 0px;font-style: inherit;font-variant: inherit;font-weight: inherit;font-size: inherit;line-height: 18px;font-family: inherit;vertical-align: baseline\"><span style=\"font-weight: 700\"><span style=\"margin: 0px;padding: 0px;border: 0px;font-style: inherit;font-variant: inherit;font-weight: inherit;font-size: 16px;line-height: 24px;font-family: inherit;vertical-align: baseline\"><span style=\"margin: 0px;padding: 0px;border: 0px;font-variant: inherit;font-weight: 400;line-height: 24px;font-family: Arial, Helvetica;vertical-align: baseline\">make sure 100% of you want. and also we can free to sign up your logo.<\/span><\/span><\/span><\/span><\/p>\n<p>&nbsp;<\/p>\n<p><span style=\"font-family:arial,helvetica,sans-serif\"><span style=\"font-size:16px\">3: Can I see a sample?<\/span><\/span><\/p>\n<p><span style=\"font-family:arial,helvetica,sans-serif\"><span style=\"font-size:16px\">If course you can, but retail is not our intention,we will charge sample cost and express fee. <\/span><\/span><\/p>\n<p>&nbsp;<\/p>\n<p><span style=\"font-size:16px\">4: <\/span>How do you ship the products?<\/p>\n<p><span style=\"font-family:arial,helvetica,sans-serif\"><span style=\"font-size:16px\">By<\/span><\/span>&nbsp;Sea ,By Air ,By courier, TNT , DHL, Fedex, UPS Etc. It is up to you .<\/p>\n<p>&nbsp;<\/p>\n<p><span style=\"font-size:16px\">5: How may the delivery date for customized orders be affected?<\/span><\/p>\n<p><span style=\"font-size:16px\">Most orders are shipped on time.In rare cases, the delivery of items may be slightly delayed. You can contact our customer service team via phone or chat to find out the estimated delivery date.<\/span><\/p>\n<p>&nbsp;<\/p>\n<p><span style=\"font-size:16px\">6: How long can received my goods?<\/span><\/p>\n<p><span style=\"font-size:16px\">Orders are always processed after your order is deposited. Production time is 2-10 working days, depending on the difficulty of design process, plus 3-7 days of transportation time, express transportation to all parts of the world.<\/span><\/p><\/p>","protected":false},"excerpt":{"rendered":"<br \/>\n<table class=\"tables data\" width=\"100%\" border=\"0\" cellpadding=\"0\" cellspacing=\"0\">\n<tbody>\n<tr>\n<th width=\"35%\">Local de origem:<\/th>\n<td>China<\/td>\n<\/tr>\n<tr>\n<th width=\"35%\">Nome da marca:<\/th>\n<td>J\u00f3ias de ouro K<\/td>\n<\/tr>\n<tr>\n<th width=\"35%\">Certifica\u00e7\u00e3o:<\/th>\n<td>Certificado de joalharia<\/td>\n<\/tr>\n<tr>\n<th width=\"35%\">N\u00famero do modelo:<\/th>\n<td>KD029R<\/td>\n<\/tr>\n<\/tbody>\n<\/table>\n<p>                                                                            <span class=\"title_s\">Condi\u00e7\u00f5es de pagamento e envio:<\/span>                            <\/p>\n<table class=\"tables data\" width=\"100%\" border=\"0\" cellpadding=\"0\" cellspacing=\"0\">\n<tbody>\n<tr>\n<th width=\"35%\" nowrap=\"nowrap\">Quantidade m\u00ednima de encomenda:<\/th>\n<td>1<\/td>\n<\/tr>\n<tr>\n<th width=\"35%\" nowrap=\"nowrap\">Pre\u00e7o:<\/th>\n<td>Negoci\u00e1vel<\/td>\n<\/tr>\n<tr>\n<th width=\"35%\" nowrap=\"nowrap\">Detalhes da embalagem:<\/th>\n<td>Saco PP grosso padr\u00e3o, a marca vir\u00e1 com a marca Embalagem<\/td>\n<\/tr>\n<tr>\n<th width=\"35%\" nowrap=\"nowrap\">Prazo de entrega:<\/th>\n<td>5-15 dias \u00fateis<\/td>\n<\/tr>\n<tr>\n<th width=\"35%\" nowrap=\"nowrap\">Condi\u00e7\u00f5es de pagamento:<\/th>\n<td>T\/T, Western Union<\/td>\n<\/tr>\n<tr>\n<th width=\"35%\" nowrap=\"nowrap\">Capacidade de fornecimento:<\/th>\n<td>2000pcs\/m\u00eas<\/td>\n<\/tr>\n<\/tbody>\n<\/table>","protected":false},"featured_media":1070,"comment_status":"closed","ping_status":"closed","template":"","meta":{"_gspb_post_css":""},"product_brand":[],"product_cat":[16],"product_tag":[],"class_list":{"0":"post-1075","1":"product","2":"type-product","3":"status-publish","4":"has-post-thumbnail","6":"product_cat-solid-gold-jewellery","8":"first","9":"instock","10":"shipping-taxable","11":"product-type-simple"},"aioseo_notices":[],"_links":{"self":[{"href":"https:\/\/dearjewelry.site\/pt\/wp-json\/wp\/v2\/product\/1075","targetHints":{"allow":["GET"]}}],"collection":[{"href":"https:\/\/dearjewelry.site\/pt\/wp-json\/wp\/v2\/product"}],"about":[{"href":"https:\/\/dearjewelry.site\/pt\/wp-json\/wp\/v2\/types\/product"}],"replies":[{"embeddable":true,"href":"https:\/\/dearjewelry.site\/pt\/wp-json\/wp\/v2\/comments?post=1075"}],"wp:featuredmedia":[{"embeddable":true,"href":"https:\/\/dearjewelry.site\/pt\/wp-json\/wp\/v2\/media\/1070"}],"wp:attachment":[{"href":"https:\/\/dearjewelry.site\/pt\/wp-json\/wp\/v2\/media?parent=1075"}],"wp:term":[{"taxonomy":"product_brand","embeddable":true,"href":"https:\/\/dearjewelry.site\/pt\/wp-json\/wp\/v2\/product_brand?post=1075"},{"taxonomy":"product_cat","embeddable":true,"href":"https:\/\/dearjewelry.site\/pt\/wp-json\/wp\/v2\/product_cat?post=1075"},{"taxonomy":"product_tag","embeddable":true,"href":"https:\/\/dearjewelry.site\/pt\/wp-json\/wp\/v2\/product_tag?post=1075"}],"curies":[{"name":"wp","href":"https:\/\/api.w.org\/{rel}","templated":true}]}}