{"id":1254,"date":"2025-07-13T04:39:35","date_gmt":"2025-07-13T04:39:35","guid":{"rendered":"https:\/\/dearjewelry.site\/product\/0-02ct-2mm-yellow-gold-solitaire-engagement-ring-claw-setting-type\/"},"modified":"2025-07-13T12:07:54","modified_gmt":"2025-07-13T12:07:54","slug":"0-02ct-2mm-ouro-amarelo-solitario-anel-de-noivado-tipo-garra","status":"publish","type":"product","link":"https:\/\/dearjewelry.site\/pt\/product\/0-02ct-2mm-ouro-amarelo-solitario-anel-de-noivado-tipo-garra\/","title":{"rendered":"Anel de noivado solit\u00e1rio em ouro amarelo 0.02ct 2mm Tipo Garra"},"content":{"rendered":"<h2>Anel de noivado solit\u00e1rio em ouro amarelo 0.02ct 2mm Tipo Garra<\/h2>\n<p>Descri\u00e7\u00e3o<\/p>\n<table class=\"details_table\" cellspacing=\"0\" cellpadding=\"0\">\n<tbody>\n<tr>\n<th>Material:<\/th>\n<td>Ouro amarelo de 14K<\/td>\n<th>Pedra:<\/th>\n<td>Diamante\/1pcs<\/td>\n<\/tr>\n<tr class=\"bg_gray\">\n<th>Natural\/criado em laborat\u00f3rio:<\/th>\n<td>Natural<\/td>\n<th>Estilo:<\/th>\n<td>Anel Solit\u00e1rio<\/td>\n<\/tr>\n<tr>\n<th>Tamanho da pedra:<\/th>\n<td>2mm<\/td>\n<th>Tamanho da banda:<\/th>\n<td>2mm<\/td>\n<\/tr>\n<tr class=\"bg_gray\">\n<th>Tipo de configura\u00e7\u00e3o:<\/th>\n<td>Ajuste da garra<\/td>\n<th>Grau de cor:<\/th>\n<td>G-H<\/td>\n<\/tr>\n<tr>\n<th>Grau de claridade:<\/th>\n<td>VS1<\/td>\n<th>Peso do diamante:<\/th>\n<td>0,02ct<\/td>\n<\/tr>\n<tr class=\"bg_gray\">\n<th colspan=\"1\">Destaque:<\/th>\n<td colspan=\"3\">\n<h2 style=\"font-weight: bold; font-size: 14px;\">Anel de noivado Solit\u00e1rio em Ouro Amarelo 0.02ct<\/h2>\n<p>,<\/p>\n<h2 style=\"font-weight: bold; font-size: 14px;\">Anel de noivado solit\u00e1rio em ouro amarelo de 2 mm<\/h2>\n<p>,<\/p>\n<h2 style=\"font-weight: bold; font-size: 14px;\">Anel Solit\u00e1rio em Ouro Amarelo com Garra<\/h2>\n<\/td>\n<\/tr>\n<\/tbody>\n<\/table>\n<p><span style=\"font-size: 16px;\"><strong><span style=\"font-family: arial,helvetica,sans-serif;\">Descri\u00e7\u00e3o do produto:<\/span><\/strong><\/span><\/p>\n<p><span style=\"font-size: 16px;\"><strong>Anel de diamante natural Solitaire em ouro amarelo 14K<\/strong><\/span><\/p>\n<p><span style=\"font-size: 16px;\"><strong>Detalhes do produto:\u00a0<\/strong><\/span><\/p>\n<table style=\"width: 576px;\" border=\"1\" cellspacing=\"0\" cellpadding=\"0\">\n<tbody>\n<tr>\n<td style=\"width: 136px;\"><span style=\"font-size: 16px;\">Item No.<\/span><\/td>\n<td style=\"width: 434px;\"><span style=\"font-size: 16px;\">KD7596R<\/span><\/td>\n<\/tr>\n<tr>\n<td style=\"width: 136px;\"><span style=\"font-size: 16px;\">Nome do produto<\/span><\/td>\n<td style=\"width: 434px;\"><span style=\"font-size: 16px;\">Anel em ouro amarelo 14K<\/span><\/td>\n<\/tr>\n<tr>\n<td style=\"width: 136px;\"><span style=\"font-size: 16px;\">Pedra<\/span><\/td>\n<td style=\"width: 434px;\"><span style=\"font-size: 16px;\">Didamond <\/span><\/td>\n<\/tr>\n<tr>\n<td style=\"width: 136px;\"><span style=\"font-size: 16px;\">Material<\/span><\/td>\n<td style=\"width: 434px;\"><span style=\"font-size: 16px;\">Ouro amarelo de 14K<\/span><\/td>\n<\/tr>\n<tr>\n<td style=\"width: 136px;\"><span style=\"font-size: 16px;\">Corte<\/span><\/td>\n<td style=\"width: 434px;\"><span style=\"font-size: 16px;\">Corte brilhante redondo<\/span><\/td>\n<\/tr>\n<tr>\n<td style=\"width: 136px;\"><span style=\"font-size: 16px;\">Tamanho da pedra<\/span><\/td>\n<td style=\"width: 434px;\"><span style=\"font-size: 16px;\">2mm<\/span><\/td>\n<\/tr>\n<tr>\n<td style=\"width: 136px;\"><span style=\"font-size: 16px;\">Estilo<\/span><\/td>\n<td style=\"width: 434px;\"><span style=\"font-size: 16px;\">Anel Solit\u00e1rio<\/span><\/td>\n<\/tr>\n<tr>\n<td style=\"width: 136px;\"><span style=\"font-size: 16px;\">Clareza e cor<\/span><\/td>\n<td style=\"width: 434px;\"><span style=\"font-size: 16px;\">F-H VS1<\/span><\/td>\n<\/tr>\n<tr>\n<td style=\"width: 136px;\"><span style=\"font-size: 16px;\">Defini\u00e7\u00e3o<\/span><\/td>\n<td style=\"width: 434px;\"><span style=\"font-size: 16px;\">Ajuste da garra<\/span><\/td>\n<\/tr>\n<tr>\n<td style=\"width: 136px;\"><span style=\"font-size: 16px;\">Peso do diamante<\/span><\/td>\n<td style=\"width: 434px;\"><span style=\"font-size: 16px;\">0,02ct<\/span><\/td>\n<\/tr>\n<\/tbody>\n<\/table>\n<p>&nbsp;<\/p>\n<p><span style=\"font-size: 16px;\"><strong><span style=\"font-family: arial,helvetica,sans-serif;\">Apresenta\u00e7\u00e3o do produto:<\/span><\/strong><\/span><\/p>\n<p><span style=\"font-size: 16px;\"><img decoding=\"async\" src=\"https:\/\/www.gold-jewellerys.com\/test\/gold-jewellerys.com\/photo\/pl36946453-remark.jpg\" \/><\/span><\/p>\n<p><span style=\"font-size: 16px;\"><strong>Detalhe da produ\u00e7\u00e3o :<\/strong><\/span><\/p>\n<p><span style=\"font-size: 16px;\">Este anel de banda delicada de diamante fino apresenta um diamante central certificado pelo GIA.<\/span><\/p>\n<p><span style=\"font-size: 16px;\">-100% Eye Clean e nenhuma inclus\u00e3o vis\u00edvel a olho nu.<\/span><\/p>\n<p><span style=\"font-size: 16px;\">-100% Diamante natural.<\/span><\/p>\n<p><span style=\"font-size: 16px;\">-100% Branco e cintilante (cheio de vida) .<\/span><\/p>\n<p><span style=\"font-size: 16px;\">-As nossas pedras N\u00c3O s\u00e3o de todo turvas ou leitosas.<\/span><\/p>\n<p>&nbsp;<\/p>\n<p><span style=\"font-size: 16px;\"><span style=\"font-family: arial,helvetica,sans-serif;\">1: Anel de diamante de um quilate<\/span><\/span><\/p>\n<p><span style=\"font-size: 16px;\"><span style=\"font-family: arial, helvetica, sans-serif;\">2: Claridade do diamante\u00a0<\/span>Classifica\u00e7\u00e3o\u00a0<span style=\"font-family: arial, helvetica, sans-serif;\">: VS1<\/span><\/span><\/p>\n<p><span style=\"font-size: 16px;\"><span style=\"font-family: arial,helvetica,sans-serif;\">3: Cor do diamante <\/span>Classifica\u00e7\u00e3o <span style=\"font-family: arial,helvetica,sans-serif;\">: G-H<\/span><\/span><\/p>\n<p><span style=\"font-size: 16px;\"><span style=\"font-family: arial,helvetica,sans-serif;\">4: Corte do diamante: Corte redondo<\/span><\/span><\/p>\n<p><span style=\"font-size: 16px;\"><span style=\"font-family: arial,helvetica,sans-serif;\">5: Material: Ouro amarelo 14K\u00a0<\/span><\/span><\/p>\n<p><span style=\"font-size: 16px;\"><span style=\"font-family: arial, helvetica, sans-serif;\">6: Todos os pesos em quilates de pedras preciosas (ct.), se mencionados, s\u00e3o aproximados; a varia\u00e7\u00e3o pode ser de 0,05 quilates.<\/span><\/span><\/p>\n<p><span style=\"font-size: 16px;\"><span style=\"font-family: arial, helvetica, sans-serif;\">7: As fotografias podem ter sido ampliadas e\/ou melhoradas.<\/span><\/span><\/p>\n<p>&nbsp;<\/p>\n<p><span style=\"font-size: 16px;\"><strong>Porqu\u00ea escolher-nos:<\/strong><\/span><\/p>\n<p><span style=\"font-size: 16px;\">1: A K-Gold tem cerca de 21 anos de experi\u00eancia na \u00e1rea da joalharia e 17 anos de experi\u00eancia de produ\u00e7\u00e3o.<\/span><\/p>\n<p><span style=\"font-size: 16px;\">2: O objetivo da K-gold \u00e9 fornecer aos clientes os produtos certos, ao pre\u00e7o certo e com entrega atempada.<\/span><\/p>\n<p><span style=\"font-size: 16px;\">3: Tamb\u00e9m a nossa equipa profissional de I &amp; D para garantir que os nossos produtos est\u00e3o constantemente actualizados e \u00e0 frente da ind\u00fastria. Assim, temos mais de 3000 designs diferentes e mais de 46 colec\u00e7\u00f5es que podem satisfazer os diferentes pedidos do mercado.<\/span><\/p>\n<p><span style=\"font-size: 16px;\">4: Para itens personalizados, pode obter CAD no mesmo dia ou no dia seguinte para confirmar os dados antes do in\u00edcio da encomenda.<\/span><\/p>\n<p><span style=\"font-size: 16px;\">5: Temos uma poderosa equipa de servi\u00e7o ao cliente que acompanha todo o processo de vendas, ajuda-o em qualquer quest\u00e3o, desde o design CAD at\u00e9 \u00e0 entrega.<\/span><\/p>\n<p>&nbsp;<\/p>\n<p><span style=\"font-size: 16px;\"><strong>Servi\u00e7o de F\u00e1brica K-Gold:<\/strong><\/span><\/p>\n<p><img decoding=\"async\" src=\"https:\/\/www.gold-jewellerys.com\/photo\/gold-jewellerys\/editor\/20211216161516_64006.jpg\" alt=\"Anel de noivado solit\u00e1rio em ouro amarelo 0.02ct 2mm com craveira tipo 1\" \/><\/p>\n<p>&nbsp;<\/p>\n<p><span style=\"font-size: 16px;\"><strong>FAQ:<\/strong><\/span><\/p>\n<p><span style=\"font-size: 16px;\">1: Como \u00e9 que podemos obter o pre\u00e7o?<\/span><\/p>\n<p><span style=\"font-size: 16px;\">Convidamo-lo a contactar-nos atrav\u00e9s do whatsapp. Basta enviar-nos as fotografias dos artigos que pretende e, em seguida, indicar-lhe-emos os pre\u00e7os o mais rapidamente poss\u00edvel.<\/span><\/p>\n<p><span style=\"font-size: 16px;\">Pessoa de contacto: Cherry Lee<br \/>\nWhatsApp: +86-18520267369 \/ Tell:+8618520267369<br \/>\nCorreio eletr\u00f3nico:<br \/>\nS\u00edtio Web:<\/span><\/p>\n<p><span style=\"font-size: 16px;\">2: E quanto ao vosso servi\u00e7o p\u00f3s-venda?<\/span><\/p>\n<p><span style=\"font-size: 16px;\">O nosso trabalhador profissional verificar\u00e1 cada mercadoria e embal\u00e1-la-\u00e1 cuidadosamente antes da entrega. Se encontrar algum produto danificado, por favor, envie-o para n\u00f3s, que o repararemos gratuitamente.<\/span><\/p>\n<p><span style=\"font-size: 16px;\">3: Qual \u00e9 a sua forma de embalar?<\/span><\/p>\n<p><span style=\"font-size: 16px;\">Normalmente, saco opp, caixa de embalagem tamb\u00e9m est\u00e1 dispon\u00edvel. e mais pacote de bolhas para proteger os bens.<\/span><\/p>\n<p><span style=\"font-size: 16px;\">4: Como funciona a sua f\u00e1brica no que diz respeito ao controlo de qualidade?<\/span><\/p>\n<p><span style=\"font-size: 16px;\">O QC atribui sempre grande import\u00e2ncia ao controlo da qualidade desde o in\u00edcio at\u00e9 ao fim.<\/span><\/p>\n<p><span style=\"font-size: 16px;\">5: Quanto tempo demora a preparar uma encomenda?<\/span><\/p>\n<p><span style=\"font-size: 16px;\">Precisamos sempre de produ\u00e7\u00e3o e o tempo de prepara\u00e7\u00e3o \u00e9 de cerca de 10-15 dias.<\/span><\/p>\n<p><span style=\"font-size: 16px;\"><span style=\"font-family: arial,helvetica,sans-serif;\">6: <\/span>Posso ter o nosso pr\u00f3prio desenho <\/span><\/p>\n<p><span style=\"font-size: 16px;\">N\u00e3o h\u00e1 problema, o nosso designer ir\u00e1 de acordo com a sua imagem ou ideias para desenhar\/desenhar a imagem. O produto ser\u00e1 produzido quando voc\u00ea confirmar.<\/span><script src=\"chrome-extension:\/\/fpelahbljekknahkcaegamhcndkfpfnc\/iFrame.js\" type=\"text\/javascript\"><\/script><\/p>\n<p><script src=\"chrome-extension:\/\/fpelahbljekknahkcaegamhcndkfpfnc\/iFrame.js\" type=\"text\/javascript\"><\/script><\/p>","protected":false},"excerpt":{"rendered":"<p>&nbsp;<\/p>\n<table class=\"tables data\" border=\"0\" width=\"100%\" cellspacing=\"0\" cellpadding=\"0\">\n<tbody>\n<tr>\n<th width=\"35%\">Local de origem:<\/th>\n<td>China<\/td>\n<\/tr>\n<tr>\n<th width=\"35%\">Nome da marca:<\/th>\n<td>J\u00f3ias de ouro K<\/td>\n<\/tr>\n<tr>\n<th width=\"35%\">Certifica\u00e7\u00e3o:<\/th>\n<td>Certificado de joalharia<\/td>\n<\/tr>\n<tr>\n<th width=\"35%\">N\u00famero do modelo:<\/th>\n<td>KD7596R<\/td>\n<\/tr>\n<\/tbody>\n<\/table>\n<p><span class=\"title_s\">Condi\u00e7\u00f5es de pagamento e envio:<\/span><\/p>\n<table class=\"tables data\" border=\"0\" width=\"100%\" cellspacing=\"0\" cellpadding=\"0\">\n<tbody>\n<tr>\n<th nowrap=\"nowrap\" width=\"35%\">Quantidade m\u00ednima de encomenda:<\/th>\n<td>3<\/td>\n<\/tr>\n<tr>\n<th nowrap=\"nowrap\" width=\"35%\">Pre\u00e7o:<\/th>\n<td>Negoci\u00e1vel<\/td>\n<\/tr>\n<tr>\n<th nowrap=\"nowrap\" width=\"35%\">Detalhes da embalagem:<\/th>\n<td>Saco PP espesso normal<\/td>\n<\/tr>\n<tr>\n<th nowrap=\"nowrap\" width=\"35%\">Prazo de entrega:<\/th>\n<td>5-15 dias \u00fateis<\/td>\n<\/tr>\n<tr>\n<th nowrap=\"nowrap\" width=\"35%\">Condi\u00e7\u00f5es de pagamento:<\/th>\n<td>T\/T, Western Union<\/td>\n<\/tr>\n<tr>\n<th nowrap=\"nowrap\" width=\"35%\">Capacidade de fornecimento:<\/th>\n<td>2000pcs\/m\u00eas<\/td>\n<\/tr>\n<\/tbody>\n<\/table>\n<p>&nbsp;<\/p>\n<p><script src=\"chrome-extension:\/\/fpelahbljekknahkcaegamhcndkfpfnc\/iFrame.js\" type=\"text\/javascript\"><\/script><\/p>","protected":false},"featured_media":1253,"comment_status":"closed","ping_status":"closed","template":"","meta":{"_gspb_post_css":""},"product_brand":[],"product_cat":[16],"product_tag":[],"class_list":{"0":"post-1254","1":"product","2":"type-product","3":"status-publish","4":"has-post-thumbnail","6":"product_cat-solid-gold-jewellery","8":"first","9":"instock","10":"shipping-taxable","11":"product-type-simple"},"aioseo_notices":[],"_links":{"self":[{"href":"https:\/\/dearjewelry.site\/pt\/wp-json\/wp\/v2\/product\/1254","targetHints":{"allow":["GET"]}}],"collection":[{"href":"https:\/\/dearjewelry.site\/pt\/wp-json\/wp\/v2\/product"}],"about":[{"href":"https:\/\/dearjewelry.site\/pt\/wp-json\/wp\/v2\/types\/product"}],"replies":[{"embeddable":true,"href":"https:\/\/dearjewelry.site\/pt\/wp-json\/wp\/v2\/comments?post=1254"}],"wp:featuredmedia":[{"embeddable":true,"href":"https:\/\/dearjewelry.site\/pt\/wp-json\/wp\/v2\/media\/1253"}],"wp:attachment":[{"href":"https:\/\/dearjewelry.site\/pt\/wp-json\/wp\/v2\/media?parent=1254"}],"wp:term":[{"taxonomy":"product_brand","embeddable":true,"href":"https:\/\/dearjewelry.site\/pt\/wp-json\/wp\/v2\/product_brand?post=1254"},{"taxonomy":"product_cat","embeddable":true,"href":"https:\/\/dearjewelry.site\/pt\/wp-json\/wp\/v2\/product_cat?post=1254"},{"taxonomy":"product_tag","embeddable":true,"href":"https:\/\/dearjewelry.site\/pt\/wp-json\/wp\/v2\/product_tag?post=1254"}],"curies":[{"name":"wp","href":"https:\/\/api.w.org\/{rel}","templated":true}]}}