{"id":1510,"date":"2025-07-13T04:41:24","date_gmt":"2025-07-13T04:41:24","guid":{"rendered":"https:\/\/dearjewelry.site\/product\/twist-link-natural-diamond-engagement-rings-fancy-cut-0-41ct-odm-oem\/"},"modified":"2025-07-13T04:41:24","modified_gmt":"2025-07-13T04:41:24","slug":"twist-link-natural-diamond-engagement-rings-fancy-cut-0-41ct-odm-oem","status":"publish","type":"product","link":"https:\/\/dearjewelry.site\/pt\/product\/twist-link-natural-diamond-engagement-rings-fancy-cut-0-41ct-odm-oem\/","title":{"rendered":"An\u00e9is de noivado de diamante natural de liga\u00e7\u00e3o de tor\u00e7\u00e3o corte extravagante 0.41ct ODM OEM"},"content":{"rendered":"<h2>An\u00e9is de noivado de diamante natural de liga\u00e7\u00e3o de tor\u00e7\u00e3o corte extravagante 0.41ct ODM OEM<\/h2>\n<p> Descri\u00e7\u00e3o<\/p>\n<table cellpadding=\"0\" cellspacing=\"0\" class=\"details_table\">\n<tbody>\n<tr>\n<th>Material:<\/th>\n<td>Ouro amarelo de 14K<\/td>\n<th>Tipo de j\u00f3ias:<\/th>\n<td>Anel de banda<\/td>\n<\/tr>\n<tr class=\"bg_gray\">\n<th>Pedra:<\/th>\n<td>Diamante natural<\/td>\n<th>Nome do produto:<\/th>\n<td>14K Yellow Solid Gold Ring<\/td>\n<\/tr>\n<tr>\n<th>Tipo de configura\u00e7\u00e3o:<\/th>\n<td>Ajuste da garra<\/td>\n<th>Grau de claridade:<\/th>\n<td>VS1<\/td>\n<\/tr>\n<tr class=\"bg_gray\">\n<th>Peso do diamante:<\/th>\n<td>0.41ct<\/td>\n<th>Cortar:<\/th>\n<td>EX<\/td>\n<\/tr>\n<tr>\n<th>Grau de cor:<\/th>\n<td>G-H<\/td>\n<th>Natural\/criado em laborat\u00f3rio:<\/th>\n<td>Natural\/Lab-Created<\/td>\n<\/tr>\n<tr class=\"bg_gray\">\n<th colspan=\"1\">Luz alta:<\/th>\n<td colspan=\"3\">\n<h2 style='font-weight: bold;font-size: 14px'>ODM Natural Diamond Engagement Rings<\/h2>\n<p>, <\/p>\n<h2 style='font-weight: bold;font-size: 14px'>OEM Natural Diamond Engagement Rings<\/h2>\n<p>, <\/p>\n<h2 style='font-weight: bold;font-size: 14px'>0.41ct Natural Diamond Rings<\/h2>\n<\/td>\n<\/tr>\n<\/tbody>\n<\/table>\n<p><p><span style=\"font-size:16px\"><strong><span style=\"font-family:arial,helvetica,sans-serif\">Descri\u00e7\u00e3o do produto:<\/span><\/strong><\/span><\/p>\n<p>&nbsp;<\/p>\n<p><span style=\"font-size:16px\"><strong>Fancy Cut Pave Half Natural Diamond Ring Twist Link Band Ring In 14k Yellow Gold Jewelry<\/strong><\/span><\/p>\n<p>&nbsp;<\/p>\n<p><span style=\"font-size:16px\"><strong>Detalhes do produto:&nbsp;<\/strong><\/span><\/p>\n<table border=\"1\" cellpadding=\"0\" cellspacing=\"0\" style=\"width: 576px\">\n<tbody>\n<tr>\n<td style=\"width: 125px\"><span style=\"font-size:16px\">Item No.<\/span><\/td>\n<td style=\"width: 445px\"><span style=\"font-size:16px\">KD7578R<\/span><\/td>\n<\/tr>\n<tr>\n<td style=\"width: 125px\"><span style=\"font-size:16px\">Nome do produto<\/span><\/td>\n<td style=\"width: 445px\"><span style=\"font-size:16px\">14K Yellow Solid Gold Ring<\/span><\/td>\n<\/tr>\n<tr>\n<td style=\"width: 125px\"><span style=\"font-size:16px\">Estilo<\/span><\/td>\n<td style=\"width: 445px\"><span style=\"font-size:16px\">Fashion Style&nbsp;<\/span><\/td>\n<\/tr>\n<tr>\n<td style=\"width: 125px\"><span style=\"font-size:16px\">Material<\/span><\/td>\n<td style=\"width: 445px\"><span style=\"font-size:16px\">Ouro amarelo de 14K<\/span><\/td>\n<\/tr>\n<tr>\n<td style=\"width: 125px\"><span style=\"font-size:16px\">Tipo de defini\u00e7\u00e3o<\/span><\/td>\n<td style=\"width: 445px\"><span style=\"font-size:16px\">Ajuste da garra<\/span><\/td>\n<\/tr>\n<tr>\n<td style=\"width: 125px\"><span style=\"font-size:16px\">G\u00e9nero<\/span><\/td>\n<td style=\"width: 445px\"><span style=\"font-size:16px\">Mulher<\/span><\/td>\n<\/tr>\n<tr>\n<td style=\"width: 125px\"><span style=\"font-size:16px\">Diamante<\/span><\/td>\n<td style=\"width: 445px\"><span style=\"font-size:16px\">Didamond natural&nbsp;<\/span><\/td>\n<\/tr>\n<tr>\n<td style=\"width: 125px\"><span style=\"font-size:16px\">Clareza e cor<\/span><\/td>\n<td style=\"width: 445px\"><span style=\"font-size:16px\">G-H VS1<\/span><\/td>\n<\/tr>\n<tr>\n<td style=\"width: 125px\"><span style=\"font-size:16px\">Tamanho do anel<\/span><\/td>\n<td style=\"width: 445px\"><span style=\"font-size:16px\">#5 #6 #7 #8 #9 #10, dispon\u00edvel sob encomenda&nbsp;<\/span><\/td>\n<\/tr>\n<tr>\n<td style=\"width: 125px\"><span style=\"font-size:16px\">Peso do diamante<\/span><\/td>\n<td style=\"width: 445px\"><span style=\"font-size:16px\">0.41ct<\/span><\/td>\n<\/tr>\n<\/tbody>\n<\/table>\n<p>&nbsp;<\/p>\n<p><span style=\"font-size:16px\"><strong><span style=\"font-family:arial,helvetica,sans-serif\"><span>Apresenta\u00e7\u00e3o do produto:<\/span><\/span><\/strong><\/span><\/p>\n<p><span style=\"font-size:16px\"><img decoding=\"async\" src=\"https:\/\/www.gold-jewellerys.com\/test\/gold-jewellerys.com\/photo\/pl36765570-remark.jpg\"><\/span><\/p>\n<p><span style=\"font-size:16px\"><strong>Detalhe da produ\u00e7\u00e3o :<\/strong><\/span><\/p>\n<p><span style=\"font-size:16px\">Este anel de banda delicada de diamantes finos apresenta um diamante central certificado pelo GIA.<\/span><\/p>\n<p><span style=\"font-size:16px\">-100% Natural Diamonds.<br \/>\n-100% Branco e cintilante (cheio de vida) .<br \/>\n-100% Eye Clean and no visible inclusion&nbsp;to the naked eye.<\/span><\/p>\n<p><span style=\"font-size:16px\">-As nossas pedras N\u00c3O s\u00e3o de todo turvas ou leitosas.<\/span><\/p>\n<p>&nbsp;<\/p>\n<p><span style=\"font-size:16px\"><span style=\"font-family:arial,helvetica,sans-serif\">1: Anel de diamante de um quilate<\/span><\/span><\/p>\n<p><span style=\"font-size:16px\"><span style=\"font-family:arial,helvetica,sans-serif\">2: C\u00f3digo de classifica\u00e7\u00e3o da cor do diamante: G-H<\/span><\/span><\/p>\n<p><span style=\"font-size:16px\"><span style=\"font-family:arial,helvetica,sans-serif\">3: C\u00f3digo de classifica\u00e7\u00e3o de claridade do diamante: VS1<\/span><\/span><\/p>\n<p><span style=\"font-size:16px\"><span style=\"font-family:arial,helvetica,sans-serif\">4: Diamond Cut: Round Brilliant Cut<\/span><\/span><\/p>\n<p><span style=\"font-size:16px\"><span style=\"font-family:arial,helvetica,sans-serif\">5: Material is&nbsp;14K Yellow Gold&nbsp;<\/span><\/span><\/p>\n<p><span style=\"font-size:16px\"><span style=\"font-family: arial, helvetica, sans-serif\">6: All gemstone carat weights (ct. ), if mentioned, are approximate; variance may be 0.05 carat.<\/span><\/span><\/p>\n<p><span style=\"font-size:16px\"><span style=\"font-family:arial,helvetica,sans-serif\">7: All the items we are promise polish very well , we always offer high quality and good service to customer.<\/span><\/span><\/p>\n<p><span style=\"font-size:16px\"><span style=\"font-family: arial, helvetica, sans-serif\">8: Photos may have been enlarged and \/ or enhanced.<\/span><\/span><\/p>\n<p>&nbsp;<\/p>\n<p><span style=\"font-size:16px\"><strong>Porqu\u00ea escolher-nos:<\/strong><\/span><\/p>\n<p><span style=\"font-size:16px\">1: A K-Gold tem cerca de 21 anos de experi\u00eancia na \u00e1rea da joalharia e 17 anos de experi\u00eancia de produ\u00e7\u00e3o.<\/span><\/p>\n<p><span style=\"font-size:16px\">2: Tamb\u00e9m a nossa equipa profissional de I &amp; D para garantir que os nossos produtos est\u00e3o constantemente actualizados e \u00e0 frente da ind\u00fastria. Assim, temos mais de 3000 designs diferentes e mais de 46 colec\u00e7\u00f5es que podem satisfazer os diferentes pedidos do mercado.<\/span><\/p>\n<p><span style=\"font-size:16px\">3: We have a powerful customer service team that keeps an eye on the entire sales process,help you any questions,from design CAD to deliver.<\/span><\/p>\n<p><span style=\"font-size:16px\">4: The goal for K-gold is to provide customers right products at the right price and to delivery in time.<\/span><\/p>\n<p><span style=\"font-size:16px\">5: For customize items you can get CAD same day or next day to confirmed the data before order start .<\/span><\/p>\n<p>&nbsp;<\/p>\n<p><span style=\"font-size:16px\"><strong>Servi\u00e7o de F\u00e1brica K-Gold:<\/strong><\/span><\/p>\n<p><span style=\"font-size:16px\"><img decoding=\"async\" src=\"https:\/\/www.gold-jewellerys.com\/test\/gold-jewellerys.com\/photo\/pl36123473-remark.jpg\"><\/span><\/p>\n<p><span style=\"font-size:16px\"><img decoding=\"async\" alt=\"Twist Link Natural Diamond Engagement Rings Fancy Cut 0.41ct ODM OEM 2\" src=\"https:\/\/www.gold-jewellerys.com\/photo\/gold-jewellerys\/editor\/20211204102248_90778.png\"><\/span><\/p>\n<p>&nbsp;<\/p>\n<p><span style=\"font-size:16px\"><strong>FAQ:<\/strong><\/span><\/p>\n<p><span style=\"font-size:16px\">1: Como \u00e9 que podemos obter o pre\u00e7o?<\/span><\/p>\n<p><span style=\"font-size:16px\">Convidamo-lo a contactar-nos atrav\u00e9s do whatsapp. Basta enviar-nos as fotografias dos artigos que pretende e, em seguida, indicar-lhe-emos os pre\u00e7os o mais rapidamente poss\u00edvel.<\/span><\/p>\n<p>&nbsp;<\/p>\n<p><span style=\"font-size:16px\">Pessoa de contacto: Cherry Lee<br \/>\nWhatsApp: +86-18520267369 \/ Tell:+8618520267369<br \/>\nCorreio eletr\u00f3nico:<br \/>\nS\u00edtio Web:<\/span><\/p>\n<p>&nbsp;<\/p>\n<p><span style=\"font-size:16px\">2: Podem personalizar o meu log\u00f3tipo?<br \/>\nYes, absolutely you can. Please send to us your LOGO by photos or file, we usually can stamp it for you for free.<\/span><\/p>\n<p>&nbsp;<\/p>\n<p><span style=\"font-size:16px\">3: Lead time?<\/span><\/p>\n<p><span style=\"font-size:16px\">1-2 weeks for sample order , 2-4 weeks for bulk order , we can push earlier as you like.<\/span><\/p>\n<p>&nbsp;<\/p>\n<p><span style=\"font-size:16px\">4: Can I have a certificate ?<\/span><\/p>\n<p><span style=\"font-size:16px\">Yes, there have the certificated if you need and price will not include the fee. The Diamond there GIA certificated or without it just let me know because there price difference .<\/span><\/p>\n<p>&nbsp;<\/p>\n<p><span style=\"font-size:16px\">5: Shipping way?<\/span><\/p>\n<p><span style=\"font-size:16px\">We usually ship by DHL\/Fedex\/EMS\/UPS and so on,shipping time is about 2~7days.<\/span><\/p>\n<p>&nbsp;<\/p>\n<p><span style=\"font-size:16px\">6: Are you factory or wholesaler or trading company? <\/span><\/p>\n<p><span style=\"font-size:16px\">We are a jewelry manufacturer has over 17 years experience.<\/span><\/p><\/p>","protected":false},"excerpt":{"rendered":"<br \/>\n<table class=\"tables data\" width=\"100%\" border=\"0\" cellpadding=\"0\" cellspacing=\"0\">\n<tbody>\n<tr>\n<th width=\"35%\">Local de origem:<\/th>\n<td>China<\/td>\n<\/tr>\n<tr>\n<th width=\"35%\">Nome da marca:<\/th>\n<td>J\u00f3ias de ouro K<\/td>\n<\/tr>\n<tr>\n<th width=\"35%\">Certifica\u00e7\u00e3o:<\/th>\n<td>Certificado de joalharia<\/td>\n<\/tr>\n<tr>\n<th width=\"35%\">N\u00famero do modelo:<\/th>\n<td>KD7578R<\/td>\n<\/tr>\n<\/tbody>\n<\/table>\n<p>                                                                            <span class=\"title_s\">Condi\u00e7\u00f5es de pagamento e envio:<\/span>                            <\/p>\n<table class=\"tables data\" width=\"100%\" border=\"0\" cellpadding=\"0\" cellspacing=\"0\">\n<tbody>\n<tr>\n<th width=\"35%\" nowrap=\"nowrap\">Quantidade m\u00ednima de encomenda:<\/th>\n<td>3<\/td>\n<\/tr>\n<tr>\n<th width=\"35%\" nowrap=\"nowrap\">Pre\u00e7o:<\/th>\n<td>Negoci\u00e1vel<\/td>\n<\/tr>\n<tr>\n<th width=\"35%\" nowrap=\"nowrap\">Detalhes da embalagem:<\/th>\n<td>Saco PP espesso normal<\/td>\n<\/tr>\n<tr>\n<th width=\"35%\" nowrap=\"nowrap\">Prazo de entrega:<\/th>\n<td>5-15 dias \u00fateis<\/td>\n<\/tr>\n<tr>\n<th width=\"35%\" nowrap=\"nowrap\">Condi\u00e7\u00f5es de pagamento:<\/th>\n<td>T\/T, Western Union<\/td>\n<\/tr>\n<tr>\n<th width=\"35%\" nowrap=\"nowrap\">Capacidade de fornecimento:<\/th>\n<td>2000pcs\/m\u00eas<\/td>\n<\/tr>\n<\/tbody>\n<\/table>","protected":false},"featured_media":1508,"comment_status":"closed","ping_status":"closed","template":"","meta":{"_gspb_post_css":""},"product_brand":[],"product_cat":[16],"product_tag":[],"class_list":{"0":"post-1510","1":"product","2":"type-product","3":"status-publish","4":"has-post-thumbnail","6":"product_cat-solid-gold-jewellery","8":"first","9":"instock","10":"shipping-taxable","11":"product-type-simple"},"aioseo_notices":[],"_links":{"self":[{"href":"https:\/\/dearjewelry.site\/pt\/wp-json\/wp\/v2\/product\/1510","targetHints":{"allow":["GET"]}}],"collection":[{"href":"https:\/\/dearjewelry.site\/pt\/wp-json\/wp\/v2\/product"}],"about":[{"href":"https:\/\/dearjewelry.site\/pt\/wp-json\/wp\/v2\/types\/product"}],"replies":[{"embeddable":true,"href":"https:\/\/dearjewelry.site\/pt\/wp-json\/wp\/v2\/comments?post=1510"}],"wp:featuredmedia":[{"embeddable":true,"href":"https:\/\/dearjewelry.site\/pt\/wp-json\/wp\/v2\/media\/1508"}],"wp:attachment":[{"href":"https:\/\/dearjewelry.site\/pt\/wp-json\/wp\/v2\/media?parent=1510"}],"wp:term":[{"taxonomy":"product_brand","embeddable":true,"href":"https:\/\/dearjewelry.site\/pt\/wp-json\/wp\/v2\/product_brand?post=1510"},{"taxonomy":"product_cat","embeddable":true,"href":"https:\/\/dearjewelry.site\/pt\/wp-json\/wp\/v2\/product_cat?post=1510"},{"taxonomy":"product_tag","embeddable":true,"href":"https:\/\/dearjewelry.site\/pt\/wp-json\/wp\/v2\/product_tag?post=1510"}],"curies":[{"name":"wp","href":"https:\/\/api.w.org\/{rel}","templated":true}]}}