{"id":5322,"date":"2025-07-13T10:44:06","date_gmt":"2025-07-13T10:44:06","guid":{"rendered":"https:\/\/dearjewelry.site\/product\/1pcs-round-brilliant-cut-diamond-ring-1-25ct-18k-white-gold-ring-set-for-women\/"},"modified":"2025-07-13T10:44:06","modified_gmt":"2025-07-13T10:44:06","slug":"1pcs-round-brilliant-cut-diamond-ring-1-25ct-18k-white-gold-ring-set-for-women","status":"publish","type":"product","link":"https:\/\/dearjewelry.site\/pt\/product\/1pcs-round-brilliant-cut-diamond-ring-1-25ct-18k-white-gold-ring-set-for-women\/","title":{"rendered":"1PCS Round Brilliant Cut Diamond Ring 1.25CT , 18k White Gold Ring Set For Women"},"content":{"rendered":"<h2>1PCS Round Brilliant Cut Diamond Ring 1.25CT , 18k White Gold Ring Set For Women<\/h2>\n<p> Descri\u00e7\u00e3o<\/p>\n<table cellpadding=\"0\" cellspacing=\"0\" class=\"details_table\">\n<tbody>\n<tr>\n<th>Gold Material:<\/th>\n<td>Solid 10K\/14K\/18K<\/td>\n<th>Stone Cutting:<\/th>\n<td>Round Cut<\/td>\n<\/tr>\n<tr class=\"bg_gray\">\n<th>Tamanho da pedra principal:<\/th>\n<td>RD7=1PCS=1.25CT<\/td>\n<th>Type:<\/th>\n<td>Diamante de corte redondo<\/td>\n<\/tr>\n<tr>\n<th>Tamanho da pedra:<\/th>\n<td>RD6.5mm=1ct,1.3=44PCS=0.44ct<\/td>\n<th>Estilo:<\/th>\n<td>Wedding Diamond Ring<\/td>\n<\/tr>\n<tr class=\"bg_gray\">\n<th>Cor:<\/th>\n<td>18K White Gold<\/td>\n<th>Ring Type:<\/th>\n<td>Wedding Ring Set<\/td>\n<\/tr>\n<tr>\n<th colspan=\"1\">Luz alta:<\/th>\n<td colspan=\"3\">\n<h2 style='font-weight: bold;font-size: 14px'>1PCS Round Brilliant Cut Diamond Ring<\/h2>\n<p>, <\/p>\n<h2 style='font-weight: bold;font-size: 14px'>1.25CT Round Brilliant Cut Diamond Ring<\/h2>\n<\/td>\n<\/tr>\n<\/tbody>\n<\/table>\n<p><p><span style=\"font-size:14px\"><span style=\"font-family:arial,helvetica,sans-serif\">Descri\u00e7\u00e3o do produto:<\/span><\/span><\/p>\n<p><strong>Round Brilliant Cut Diamond Engagement Wedding Rings Diamond Wedding Ring Sets for Women<\/strong><\/p>\n<table border=\"1\" cellpadding=\"0\" cellspacing=\"0\" style=\"width: 576px\">\n<tbody>\n<tr>\n<td style=\"width: 126px\">Item No.<\/td>\n<td style=\"width: 444px\">KD032228R<\/td>\n<\/tr>\n<tr>\n<td style=\"width: 126px\">Nome do produto<\/td>\n<td style=\"width: 444px\">18K White Gold Ring Set<\/td>\n<\/tr>\n<tr>\n<td style=\"width: 126px\">Estilo<\/td>\n<td style=\"width: 444px\">Wedding\/Engagement ring set<\/td>\n<\/tr>\n<tr>\n<td style=\"width: 126px\">Material<\/td>\n<td style=\"width: 444px\">18K Solid White Gold<\/td>\n<\/tr>\n<tr>\n<td style=\"width: 126px\">Tipo de defini\u00e7\u00e3o<\/td>\n<td style=\"width: 444px\">Fixa\u00e7\u00e3o do pino<\/td>\n<\/tr>\n<tr>\n<td style=\"width: 126px\">G\u00e9nero<\/td>\n<td style=\"width: 444px\">Women&#039;s,Couple<\/td>\n<\/tr>\n<tr>\n<td style=\"width: 126px\">Pedra min\u00fascula<\/td>\n<td style=\"width: 444px\">SI1\/SI2<\/td>\n<\/tr>\n<tr>\n<td style=\"width: 126px\">Pedra principal<\/td>\n<td style=\"width: 444px\">Diamante natural<\/td>\n<\/tr>\n<tr>\n<td style=\"width: 126px\">Stone size<\/td>\n<td style=\"width: 444px\">6.5MM=1.0ct<\/td>\n<\/tr>\n<tr>\n<td style=\"width: 126px\">Ocasi\u00e3o<\/td>\n<td style=\"width: 444px\">Engagement, Wedding<\/td>\n<\/tr>\n<tr>\n<td style=\"width: 126px\">Tamanho do anel<\/td>\n<td style=\"width: 444px\">Qualquer tamanho dispon\u00edvel #4#5,#6#7#8#9#10#11#12<\/td>\n<\/tr>\n<\/tbody>\n<\/table>\n<p>\n<span style=\"font-size:14px\"><span style=\"font-family:arial,helvetica,sans-serif\">Number of Diamonds: <\/span><\/span>RD1.3=34PCS=0.34CT<br \/>\n<span style=\"font-size:14px\"><span style=\"font-family:arial,helvetica,sans-serif\">Average Color: SI1\/<\/span><\/span><span style=\"font-family: arial, helvetica, sans-serif\">SI2<\/span><br \/>\n<span style=\"font-size:14px\"><span style=\"font-family:arial,helvetica,sans-serif\">Tipo de engaste: Crava\u00e7\u00e3o de pino<\/span><\/span><\/p>\n<p>\n<span style=\"font-size:14px\"><span style=\"font-family:arial,helvetica,sans-serif\">Informa\u00e7\u00f5es sobre a pedra principal:&nbsp;<\/span><\/span>Natural diamond<\/p>\n<p><span style=\"font-family: arial, helvetica, sans-serif\">Pedra principal&nbsp;<\/span><font face=\"arial, helvetica, sans-serif\">Tamanho:&nbsp;<\/font>RD7=1PCS=1.25CT<\/p>\n<p>Cutting: Round&nbsp;Diamond<\/p>\n<p>\n<span style=\"font-size:14px\"><span style=\"font-family:arial,helvetica,sans-serif\">Porqu\u00ea escolher-nos:<\/span><\/span><br \/>\n<span style=\"font-size:14px\"><span style=\"font-family:arial,helvetica,sans-serif\">1: A K-Gold tem cerca de 21 anos de experi\u00eancia na \u00e1rea da joalharia e 17 anos de experi\u00eancia de produ\u00e7\u00e3o.<\/span><\/span><br \/>\n<span style=\"font-size:14px\"><span style=\"font-family:arial,helvetica,sans-serif\">2: Tamb\u00e9m a nossa equipa profissional de I &amp; D para garantir que os nossos produtos est\u00e3o constantemente actualizados e \u00e0 frente da ind\u00fastria. Assim, temos mais de 3000 designs diferentes e mais de 46 colec\u00e7\u00f5es que podem satisfazer os diferentes pedidos do mercado.<\/span><\/span><br \/>\n<span style=\"font-size:14px\"><span style=\"font-family:arial,helvetica,sans-serif\">3: Para itens personalizados, pode obter CAD no mesmo dia ou no dia seguinte para confirmar os dados antes do in\u00edcio da encomenda.<\/span><\/span><br \/>\n<span style=\"font-size:14px\"><span style=\"font-family:arial,helvetica,sans-serif\">4: O objetivo da K-gold \u00e9 fornecer aos clientes os produtos certos ao pre\u00e7o certo e entregar a tempo.<\/span><\/span><br \/>\n<span style=\"font-size:14px\"><span style=\"font-family:arial,helvetica,sans-serif\">5: Temos uma poderosa equipa de servi\u00e7o ao cliente que acompanha todo o processo de vendas, ajuda-o em qualquer quest\u00e3o, desde o design CAD at\u00e9 \u00e0 entrega.<\/span><\/span><br \/>\n<span style=\"font-size:14px\"><span style=\"font-family:arial,helvetica,sans-serif\">Servi\u00e7o de F\u00e1brica K-Gold:<\/span><\/span><br \/>\n<img decoding=\"async\" src=\"https:\/\/www.gold-jewellerys.com\/test\/gold-jewellerys.com\/photo\/pl36123473-remark.jpg\"><\/p>\n<p><img decoding=\"async\" src=\"https:\/\/www.gold-jewellerys.com\/test\/gold-jewellerys.com\/photo\/pl36219389-remark.jpg\"><br \/>\n<img decoding=\"async\" src=\"https:\/\/www.gold-jewellerys.com\/test\/gold-jewellerys.com\/photo\/pl36230799-remark.jpg\"><\/p>\n<p>&nbsp;<\/p>\n<p>FAQ:<\/p>\n<p>1: Q: Which is the best Colour in diamond?<\/p>\n<p>D color diamond is the highest grade and is extremely rare&mdash;the highest color grade that money can buy. Eight percent of customers choose a D color diamond.<\/p>\n<p>&nbsp;<\/p>\n<p>2: How long to prepare an order?<\/p>\n<p>Precisamos sempre de produ\u00e7\u00e3o e o tempo de prepara\u00e7\u00e3o \u00e9 de cerca de 10-15 dias.<\/p>\n<p>&nbsp;<\/p>\n<p>3: How does your factory do regarding quality control?<\/p>\n<p>O QC atribui sempre grande import\u00e2ncia ao controlo da qualidade desde o in\u00edcio at\u00e9 ao fim.<\/p>\n<p>&nbsp;<\/p>\n<p>4: Can I customize my own style?<\/p>\n<p>Yes, we can do customized designs, you can send us for check first.<\/p>\n<p>&nbsp;<\/p>\n<p>5. How do you ship the goods?<\/p>\n<p>We Ship by EMS\/UPS\/DHL\/FEDEX, which depends on your choice.<\/p>\n<p>&nbsp;<\/p>\n<p>6: Fazem j\u00f3ias para o comprador pessoal ou apenas para o grossista?<br \/>\nNa verdade, estamos a fazer toda a venda para quem vende online ou tem a sua pr\u00f3pria loja para desenhos originais, para a marca de j\u00f3ias permitiu que o comprador pessoal tamb\u00e9m. Voc\u00ea pode encomendar j\u00f3ias de marca de alta qualidade para sua fam\u00edlia, amigos e voc\u00ea mesmo a pre\u00e7os de f\u00e1brica. Tamb\u00e9m ser\u00e1 \u00f3timo se for um revendedor de j\u00f3ias. N\u00f3s forneceremos frete gr\u00e1tis e caixas de marca originais gratuitas se voc\u00ea puder encomendar muitos itens de cada vez. Mais quantidade e melhor pre\u00e7o.<\/p>\n<p style=\"padding: 0px;border: 0px\">\n&nbsp;<\/p><\/p>","protected":false},"excerpt":{"rendered":"<br \/>\n<table class=\"tables data\" width=\"100%\" border=\"0\" cellpadding=\"0\" cellspacing=\"0\">\n<tbody>\n<tr>\n<th width=\"35%\">Local de origem:<\/th>\n<td>China<\/td>\n<\/tr>\n<tr>\n<th width=\"35%\">Nome da marca:<\/th>\n<td>J\u00f3ias de ouro K<\/td>\n<\/tr>\n<tr>\n<th width=\"35%\">Certifica\u00e7\u00e3o:<\/th>\n<td>Certificado de joalharia<\/td>\n<\/tr>\n<tr>\n<th width=\"35%\">N\u00famero do modelo:<\/th>\n<td>KD032228R<\/td>\n<\/tr>\n<\/tbody>\n<\/table>\n<p>                                                                            <span class=\"title_s\">Condi\u00e7\u00f5es de pagamento e envio:<\/span>                            <\/p>\n<table class=\"tables data\" width=\"100%\" border=\"0\" cellpadding=\"0\" cellspacing=\"0\">\n<tbody>\n<tr>\n<th width=\"35%\" nowrap=\"nowrap\">Quantidade m\u00ednima de encomenda:<\/th>\n<td>3<\/td>\n<\/tr>\n<tr>\n<th width=\"35%\" nowrap=\"nowrap\">Pre\u00e7o:<\/th>\n<td>Negoci\u00e1vel<\/td>\n<\/tr>\n<tr>\n<th width=\"35%\" nowrap=\"nowrap\">Detalhes da embalagem:<\/th>\n<td>Saco PP grosso padr\u00e3o, a marca vir\u00e1 com a marca Embalagem<\/td>\n<\/tr>\n<tr>\n<th width=\"35%\" nowrap=\"nowrap\">Prazo de entrega:<\/th>\n<td>5-15 dias \u00fateis<\/td>\n<\/tr>\n<tr>\n<th width=\"35%\" nowrap=\"nowrap\">Condi\u00e7\u00f5es de pagamento:<\/th>\n<td>T\/T, Western Union<\/td>\n<\/tr>\n<tr>\n<th width=\"35%\" nowrap=\"nowrap\">Capacidade de fornecimento:<\/th>\n<td>2000pcs\/m\u00eas<\/td>\n<\/tr>\n<\/tbody>\n<\/table>","protected":false},"featured_media":5318,"comment_status":"closed","ping_status":"closed","template":"","meta":{"_gspb_post_css":""},"product_brand":[],"product_cat":[26],"product_tag":[],"class_list":{"0":"post-5322","1":"product","2":"type-product","3":"status-publish","4":"has-post-thumbnail","6":"product_cat-silver-moissanite-ring","8":"first","9":"instock","10":"shipping-taxable","11":"product-type-simple"},"aioseo_notices":[],"_links":{"self":[{"href":"https:\/\/dearjewelry.site\/pt\/wp-json\/wp\/v2\/product\/5322","targetHints":{"allow":["GET"]}}],"collection":[{"href":"https:\/\/dearjewelry.site\/pt\/wp-json\/wp\/v2\/product"}],"about":[{"href":"https:\/\/dearjewelry.site\/pt\/wp-json\/wp\/v2\/types\/product"}],"replies":[{"embeddable":true,"href":"https:\/\/dearjewelry.site\/pt\/wp-json\/wp\/v2\/comments?post=5322"}],"wp:featuredmedia":[{"embeddable":true,"href":"https:\/\/dearjewelry.site\/pt\/wp-json\/wp\/v2\/media\/5318"}],"wp:attachment":[{"href":"https:\/\/dearjewelry.site\/pt\/wp-json\/wp\/v2\/media?parent=5322"}],"wp:term":[{"taxonomy":"product_brand","embeddable":true,"href":"https:\/\/dearjewelry.site\/pt\/wp-json\/wp\/v2\/product_brand?post=5322"},{"taxonomy":"product_cat","embeddable":true,"href":"https:\/\/dearjewelry.site\/pt\/wp-json\/wp\/v2\/product_cat?post=5322"},{"taxonomy":"product_tag","embeddable":true,"href":"https:\/\/dearjewelry.site\/pt\/wp-json\/wp\/v2\/product_tag?post=5322"}],"curies":[{"name":"wp","href":"https:\/\/api.w.org\/{rel}","templated":true}]}}