{"id":5895,"date":"2025-07-13T10:47:58","date_gmt":"2025-07-13T10:47:58","guid":{"rendered":"https:\/\/dearjewelry.site\/product\/0-20-cts-diamond-ring-9k-white-gold-star-shape-engagement-ring\/"},"modified":"2025-07-13T10:47:58","modified_gmt":"2025-07-13T10:47:58","slug":"0-20-cts-anel-de-diamante-9k-ouro-branco-anel-de-noivado-em-forma-de-estrela","status":"publish","type":"product","link":"https:\/\/dearjewelry.site\/pt\/product\/0-20-cts-anel-de-diamante-9k-ouro-branco-anel-de-noivado-em-forma-de-estrela\/","title":{"rendered":"0.20 CTS Anel de Diamante-9K Anel de noivado em forma de estrela em ouro branco"},"content":{"rendered":"<h2>0.20 CTS Anel de Diamante-9K Anel de noivado em forma de estrela em ouro branco<\/h2>\n<p> Descri\u00e7\u00e3o<\/p>\n<table cellpadding=\"0\" cellspacing=\"0\" class=\"details_table\">\n<tbody>\n<tr>\n<th>Material:<\/th>\n<td>Ouro de 14K + Prata 925<\/td>\n<th>Pedra principal:<\/th>\n<td>Moissanite\/Lab Diamond<\/td>\n<\/tr>\n<tr class=\"bg_gray\">\n<th>MOQ:<\/th>\n<td>3 unidades para cada desenho<\/td>\n<th>Forma:<\/th>\n<td>Forma redonda<\/td>\n<\/tr>\n<tr>\n<th>Desenhos:<\/th>\n<td>Design de an\u00e9is abertos<\/td>\n<th>Tamanho da pedra principal:<\/th>\n<td>0,16ct<\/td>\n<\/tr>\n<tr class=\"bg_gray\">\n<th>Log\u00f3tipo:<\/th>\n<td>Carimbar o seu pr\u00f3prio log\u00f3tipo gratuitamente<\/td>\n<th>Sexo:<\/th>\n<td>Mulheres<\/td>\n<\/tr>\n<\/tbody>\n<\/table>\n<p><p><span style=\"font-size:16px\"><strong>Descri\u00e7\u00e3o do produto:<\/strong><\/span><\/p>\n<p><span style=\"font-size:16px\"><strong>0.20 CTS Anel de Diamante-9K Anel de noivado em forma de estrela em ouro branco<\/strong><\/span><\/p>\n<table border=\"1\" cellpadding=\"0\" cellspacing=\"0\" style=\"width: 576px\">\n<tbody>\n<tr>\n<td style=\"width: 126px\"><span style=\"font-size:16px\">Item No.<\/span><\/td>\n<td style=\"width: 444px\"><span style=\"font-size:16px\">KD720R<\/span><\/td>\n<\/tr>\n<tr>\n<td style=\"width: 126px\"><span style=\"font-size:16px\">Nome do produto<\/span><\/td>\n<td style=\"width: 444px\"><span style=\"font-size:16px\">Anel aberto de moissanite com corte redondo e corte em estrela<\/span><\/td>\n<\/tr>\n<tr>\n<td style=\"width: 126px\"><span style=\"font-size:16px\">Desenhos<\/span><\/td>\n<td style=\"width: 444px\"><span style=\"font-size:16px\">Design de an\u00e9is abertos<\/span><\/td>\n<\/tr>\n<tr>\n<td style=\"width: 126px\"><span style=\"font-size:16px\">Material<\/span><\/td>\n<td style=\"width: 444px\"><span style=\"font-size:16px\">Ouro 9K \/ Prata de primeira lei 925<\/span><\/td>\n<\/tr>\n<tr>\n<td style=\"width: 126px\"><span style=\"font-size: 16px\">Embalagem<\/span><\/td>\n<td style=\"width: 444px\"><span style=\"font-size: 16px\">Utilizar saco opp standard<\/span><\/td>\n<\/tr>\n<tr>\n<td style=\"width: 126px\"><span style=\"font-size:16px\">G\u00e9nero<\/span><\/td>\n<td style=\"width: 444px\"><span style=\"font-size:16px\">Mulher<\/span><\/td>\n<\/tr>\n<tr>\n<td style=\"width: 126px\"><span style=\"font-size:16px\">Cor da pedra principal<\/span><\/td>\n<td style=\"width: 444px\"><span style=\"font-size:16px\">Moissanite branca<\/span><\/td>\n<\/tr>\n<tr>\n<td style=\"width: 126px\"><span style=\"font-size:16px\">Pedra principal<\/span><\/td>\n<td style=\"width: 444px\"><span style=\"font-size:16px\">Diamante de laborat\u00f3rio\/Mossianite\/Qualquer outra pedra<\/span><\/td>\n<\/tr>\n<tr>\n<td style=\"width: 126px\"><span style=\"font-size:16px\">Dimens\u00e3o<\/span><\/td>\n<td style=\"width: 444px\"><span style=\"font-size:16px\">RD 3,5MM<\/span><\/td>\n<\/tr>\n<tr>\n<td style=\"width: 126px\"><span style=\"font-size:16px\">Pedra principal - quilates<\/span><\/td>\n<td style=\"width: 444px\"><span style=\"font-size:16px\">0,16 quilates<\/span><\/td>\n<\/tr>\n<tr>\n<td style=\"width: 126px\"><span style=\"font-size:16px\">Tamanho do anel<\/span><\/td>\n<td style=\"width: 444px\"><span style=\"font-size:16px\">Todos os tamanhos de an\u00e9is que podemos fazer<\/span><\/td>\n<\/tr>\n<\/tbody>\n<\/table>\n<p><img decoding=\"async\" src=\"https:\/\/www.gold-jewellerys.com\/test\/gold-jewellerys.com\/photo\/pl145127368-remark.jpg\"><img decoding=\"async\" src=\"https:\/\/www.gold-jewellerys.com\/test\/gold-jewellerys.com\/photo\/pl145127367-remark.jpg\"><img decoding=\"async\" src=\"https:\/\/www.gold-jewellerys.com\/test\/gold-jewellerys.com\/photo\/pl145127366-remark.jpg\"><br \/>\n<span style=\"font-size:16px\"><span style=\"font-family:arial,helvetica,sans-serif\">Porqu\u00ea escolher-nos:<\/span><br \/>\n<span style=\"font-family:arial,helvetica,sans-serif\">1: A K-Gold tem cerca de 21 anos de experi\u00eancia na \u00e1rea da joalharia e 17 anos de experi\u00eancia de produ\u00e7\u00e3o.<\/span><br \/>\n<span style=\"font-family:arial,helvetica,sans-serif\">2: Tamb\u00e9m a nossa equipa profissional de I &amp; D para garantir que os nossos produtos est\u00e3o constantemente actualizados e \u00e0 frente da ind\u00fastria. Assim, temos mais de 3000 designs diferentes e mais de 46 colec\u00e7\u00f5es que podem satisfazer os diferentes pedidos do mercado.<\/span><br \/>\n<span style=\"font-family:arial,helvetica,sans-serif\">3: Para itens personalizados, pode obter CAD no mesmo dia ou no dia seguinte para confirmar os dados antes do in\u00edcio da encomenda.<\/span><br \/>\n<span style=\"font-family:arial,helvetica,sans-serif\">4: O objetivo da K-gold \u00e9 fornecer aos clientes os produtos certos ao pre\u00e7o certo e entregar a tempo.<\/span><br \/>\n<span style=\"font-family:arial,helvetica,sans-serif\">5: Temos uma poderosa equipa de servi\u00e7o ao cliente que acompanha todo o processo de venda, ajuda-o em qualquer quest\u00e3o, desde o design CAD at\u00e9 \u00e0 entrega.<\/span><\/span><\/p>\n<p>\n<span style=\"font-size:16px\"><span style=\"font-family:arial,helvetica,sans-serif\">Servi\u00e7o de F\u00e1brica K-Gold:<\/span><\/span><br \/>\n&nbsp;<\/p>\n<p><img decoding=\"async\" src=\"https:\/\/www.gold-jewellerys.com\/test\/gold-jewellerys.com\/photo\/pl36153524-remark.jpg\"><\/p>\n<p><img decoding=\"async\" src=\"https:\/\/www.gold-jewellerys.com\/test\/gold-jewellerys.com\/photo\/pl36219389-remark.jpg\"><br \/>\n&nbsp;<\/p>\n<p><span style=\"font-size:16px\"><span style=\"font-family:arial,helvetica,sans-serif\">FAQ:<\/span><\/span><\/p>\n<p><span style=\"font-size:16px\"><span style=\"font-family:arial,helvetica,sans-serif\">1: Como \u00e9 que podemos obter o pre\u00e7o?<\/span><\/span><\/p>\n<p><span style=\"font-size:16px\"><span style=\"font-family:arial,helvetica,sans-serif\">Convidamo-lo a contactar-nos atrav\u00e9s do whatsapp. Basta enviar-nos as fotografias dos artigos que pretende e, em seguida, indicar-lhe-emos os pre\u00e7os o mais rapidamente poss\u00edvel.<\/span><\/span><\/p>\n<p>&nbsp;<\/p>\n<p><span style=\"font-size:16px\"><span style=\"font-family:arial,helvetica,sans-serif\">Pessoa de contacto: Nancy lee<br \/>\nWhatsApp: +86-18520267369 \/ Tell:+8618520267369<br \/>\nCorreio eletr\u00f3nico: nancy@gzkgold.com<br \/>\nS\u00edtio Web:<\/span><\/span><\/p>\n<p>&nbsp;<\/p>\n<p><span style=\"font-size:16px\"><span style=\"font-family:arial,helvetica,sans-serif\">2: <\/span>Posso encomendar com o meu pr\u00f3prio log\u00f3tipo?<\/span><\/p>\n<p><span style=\"font-size:16px\">Sim, basta enviar-nos um ficheiro de sa\u00edda do seu log\u00f3tipo e podemos estamp\u00e1-lo gratuitamente em cada uma das suas encomendas.<\/span><\/p>\n<p>&nbsp;<\/p>\n<p><span style=\"font-size:16px\"><span style=\"font-family:arial,helvetica,sans-serif\">3: Durante quanto tempo posso receber os meus produtos?<\/span><\/span><\/p>\n<p><span style=\"font-size:16px\"><span style=\"font-family:arial,helvetica,sans-serif\">A encomenda \u00e9 sempre processada ap\u00f3s o dep\u00f3sito da sua encomenda. Tempo de fabrico: 2-10 dias \u00fateis, dependendo do trabalho de conce\u00e7\u00e3o<\/span><\/span><\/p>\n<p><span style=\"font-size:16px\"><span style=\"font-family:arial,helvetica,sans-serif\">dificuldade, mais 3-7 dias de tempo de envio m\u00e9todo de envio expresso para todo o mundo.<\/span><\/span><\/p>\n<p>&nbsp;<\/p>\n<p><span style=\"font-size:16px\">4: Quanto tempo demora a preparar uma encomenda?<\/span><\/p>\n<p><span style=\"font-size:16px\">Precisamos sempre de produ\u00e7\u00e3o e o tempo de prepara\u00e7\u00e3o \u00e9 de cerca de 10-15 dias.<\/span><\/p><\/p>","protected":false},"excerpt":{"rendered":"<br \/>\n<table class=\"tables data\" width=\"100%\" border=\"0\" cellpadding=\"0\" cellspacing=\"0\">\n<tbody>\n<tr>\n<th width=\"35%\">Local de origem:<\/th>\n<td>China<\/td>\n<\/tr>\n<tr>\n<th width=\"35%\">Nome da marca:<\/th>\n<td>J\u00f3ias de ouro K<\/td>\n<\/tr>\n<tr>\n<th width=\"35%\">Certifica\u00e7\u00e3o:<\/th>\n<td>Certificado de joalharia<\/td>\n<\/tr>\n<tr>\n<th width=\"35%\">N\u00famero do modelo:<\/th>\n<td>KD230R<\/td>\n<\/tr>\n<\/tbody>\n<\/table>\n<p>                                                                            <span class=\"title_s\">Condi\u00e7\u00f5es de pagamento e envio:<\/span>                            <\/p>\n<table class=\"tables data\" width=\"100%\" border=\"0\" cellpadding=\"0\" cellspacing=\"0\">\n<tbody>\n<tr>\n<th width=\"35%\" nowrap=\"nowrap\">Quantidade m\u00ednima de encomenda:<\/th>\n<td>3<\/td>\n<\/tr>\n<tr>\n<th width=\"35%\" nowrap=\"nowrap\">Pre\u00e7o:<\/th>\n<td>Negoci\u00e1vel<\/td>\n<\/tr>\n<tr>\n<th width=\"35%\" nowrap=\"nowrap\">Detalhes da embalagem:<\/th>\n<td>Saco PP grosso padr\u00e3o, a marca vir\u00e1 com a marca Embalagem<\/td>\n<\/tr>\n<tr>\n<th width=\"35%\" nowrap=\"nowrap\">Prazo de entrega:<\/th>\n<td>5-15 dias \u00fateis<\/td>\n<\/tr>\n<tr>\n<th width=\"35%\" nowrap=\"nowrap\">Condi\u00e7\u00f5es de pagamento:<\/th>\n<td>T\/T, Western Union<\/td>\n<\/tr>\n<tr>\n<th width=\"35%\" nowrap=\"nowrap\">Capacidade de fornecimento:<\/th>\n<td>2000pcs\/m\u00eas<\/td>\n<\/tr>\n<\/tbody>\n<\/table>","protected":false},"featured_media":5892,"comment_status":"closed","ping_status":"closed","template":"","meta":{"_gspb_post_css":""},"product_brand":[],"product_cat":[25],"product_tag":[],"class_list":{"0":"post-5895","1":"product","2":"type-product","3":"status-publish","4":"has-post-thumbnail","6":"product_cat-9k-silver","8":"first","9":"instock","10":"shipping-taxable","11":"product-type-simple"},"aioseo_notices":[],"_links":{"self":[{"href":"https:\/\/dearjewelry.site\/pt\/wp-json\/wp\/v2\/product\/5895","targetHints":{"allow":["GET"]}}],"collection":[{"href":"https:\/\/dearjewelry.site\/pt\/wp-json\/wp\/v2\/product"}],"about":[{"href":"https:\/\/dearjewelry.site\/pt\/wp-json\/wp\/v2\/types\/product"}],"replies":[{"embeddable":true,"href":"https:\/\/dearjewelry.site\/pt\/wp-json\/wp\/v2\/comments?post=5895"}],"wp:featuredmedia":[{"embeddable":true,"href":"https:\/\/dearjewelry.site\/pt\/wp-json\/wp\/v2\/media\/5892"}],"wp:attachment":[{"href":"https:\/\/dearjewelry.site\/pt\/wp-json\/wp\/v2\/media?parent=5895"}],"wp:term":[{"taxonomy":"product_brand","embeddable":true,"href":"https:\/\/dearjewelry.site\/pt\/wp-json\/wp\/v2\/product_brand?post=5895"},{"taxonomy":"product_cat","embeddable":true,"href":"https:\/\/dearjewelry.site\/pt\/wp-json\/wp\/v2\/product_cat?post=5895"},{"taxonomy":"product_tag","embeddable":true,"href":"https:\/\/dearjewelry.site\/pt\/wp-json\/wp\/v2\/product_tag?post=5895"}],"curies":[{"name":"wp","href":"https:\/\/api.w.org\/{rel}","templated":true}]}}