{"id":6017,"date":"2025-07-13T10:48:47","date_gmt":"2025-07-13T10:48:47","guid":{"rendered":"https:\/\/dearjewelry.site\/product\/6pcs-0-07ct-diamond-semi-mount-jewelry-ring-18k-yellow-gold-material\/"},"modified":"2025-07-13T10:48:47","modified_gmt":"2025-07-13T10:48:47","slug":"6pcs-0-07ct-diamond-semi-mount-jewelry-ring-18k-yellow-gold-material","status":"publish","type":"product","link":"https:\/\/dearjewelry.site\/pt\/product\/6pcs-0-07ct-diamond-semi-mount-jewelry-ring-18k-yellow-gold-material\/","title":{"rendered":"6pcs 0.07ct Diamond Semi Mount Jewelry ring 18K Yellow Gold Material"},"content":{"rendered":"<h2>6pcs 0.07ct Diamond Semi Mount Jewelry ring 18K Yellow Gold Material<\/h2>\n<p> Descri\u00e7\u00e3o<\/p>\n<table cellpadding=\"0\" cellspacing=\"0\" class=\"details_table\">\n<tbody>\n<tr>\n<th>Metail:<\/th>\n<td>14K\/18K<\/td>\n<th>Certificate:<\/th>\n<td>Certificado de joalharia<\/td>\n<\/tr>\n<tr class=\"bg_gray\">\n<th>Diamonds Color::<\/th>\n<td>D-F<\/td>\n<th>MOQ:<\/th>\n<td>3 Pcs<\/td>\n<\/tr>\n<tr>\n<th>Type:<\/th>\n<td>Classic<\/td>\n<th>Diamonds Average:<\/th>\n<td>VS1-SI1<\/td>\n<\/tr>\n<tr class=\"bg_gray\">\n<th>Ocasi\u00e3o:<\/th>\n<td>Engagement, Gift, Party, Wedding,Anniversary,<\/td>\n<th>Tamanho do anel:<\/th>\n<td>#4~#10 Any Size According Customer&#8217;s Request<\/td>\n<\/tr>\n<tr>\n<th colspan=\"1\">Luz alta:<\/th>\n<td colspan=\"3\">\n<h2 style='font-weight: bold;font-size: 14px'>Semi Mount Jewelry 0.07ct<\/h2>\n<p>, <\/p>\n<h2 style='font-weight: bold;font-size: 14px'>18K Yellow Gold Semi Mount Jewelry<\/h2>\n<p>, <\/p>\n<h2 style='font-weight: bold;font-size: 14px'>18K Yellow Gold Ring 6pcs<\/h2>\n<\/td>\n<\/tr>\n<\/tbody>\n<\/table>\n<p><p><strong><span style=\"font-size:16px\">Real Diamonds Semi Mount Round Engagement Ring In 18K Yellow Gold <\/span><\/strong><strong><span style=\"font-size:16px\"><span style=\"font-family:arial,helvetica,sans-serif\"> <\/span><\/span><\/strong> <span style=\"font-size:16px\"><span style=\"font-family:arial,helvetica,sans-serif\"> <\/span><\/span><\/p>\n<table border=\"1\" cellpadding=\"0\" cellspacing=\"0\" style=\"width: 561px\">\n<tbody>\n<tr>\n<td style=\"width: 151px\">Item No.<\/td>\n<td style=\"width: 401px\">K3577R<\/td>\n<\/tr>\n<tr>\n<td style=\"width: 151px\">Nome do produto<\/td>\n<td style=\"width: 401px\">14K \/18K Yellow Gold Semi Mount Ring&nbsp;<\/td>\n<\/tr>\n<tr>\n<td style=\"width: 151px\">Material<\/td>\n<td style=\"width: 401px\">Solid 14k\/18k Yellow gold&nbsp;&nbsp;<\/td>\n<\/tr>\n<tr>\n<td style=\"width: 151px\">Tipo de defini\u00e7\u00e3o<\/td>\n<td style=\"width: 401px\">Pronga de fixa\u00e7\u00e3o manual<\/td>\n<\/tr>\n<tr>\n<td style=\"width: 151px\">G\u00e9nero<\/td>\n<td style=\"width: 401px\">Ladies\/Women<\/td>\n<\/tr>\n<tr>\n<td style=\"width: 151px\"><span style=\", Helvetica, Arial, sans-serif\">Diamonds Clarity<\/span><\/td>\n<td style=\"width: 401px\">Natural Diamond VS1-SI1<\/td>\n<\/tr>\n<tr>\n<td style=\"width: 151px\">Diamonds number<\/td>\n<td style=\"width: 401px\">Dia1.5mm=18pcs 0.23ct 2.0mm=6pcs 0.07ct<\/td>\n<\/tr>\n<tr>\n<td style=\"width: 151px\">Ocasi\u00e3o<\/td>\n<td style=\"width: 401px\">Anivers\u00e1rio, Noivado, Prenda, Festa, Casamento<\/td>\n<\/tr>\n<\/tbody>\n<\/table>\n<p>&nbsp;<\/p>\n<p>Detalhe da produ\u00e7\u00e3o :<\/p>\n<p>Informa\u00e7\u00f5es sobre o Tiny Diamond:<\/p>\n<p>Dia1.5mm=18pcs,2.0mm=6pcs<br \/>\nTotal Carat Weight: 0.30ct<br \/>\nAverage Color: D\/F<br \/>\nAverage Clarity : VS-S1<br \/>\nAverage Cut : Excellent<br \/>\nSetting Type : Prong setting<\/p>\n<p>&nbsp;<\/p>\n<p>K Gold Jewelry&nbsp; of the 14k gold diamond semi-mounts are available in extravagant offerings not found elsewhere. Some of our most dazzling options in this collection features three rows of round cut white diamonds on the shank&ndash;one at the center with the other two at the sides. Another semi-mount is decorated with round and princess cut diamonds, with the round stones forming square halos around the side and center stones.<\/p>\n<p>&nbsp;<\/p>\n<p><strong><span style=\"font-size:16px\">&nbsp;K Gold process:&nbsp;<\/span><\/strong><\/p>\n<p><img decoding=\"async\" src=\"https:\/\/www.gold-jewellerys.com\/test\/gold-jewellerys.com\/photo\/pl36123378-remark.jpg\"><\/p>\n<p><img decoding=\"async\" src=\"https:\/\/www.gold-jewellerys.com\/test\/gold-jewellerys.com\/photo\/pl36906276-remark.jpg\"><\/p>\n<p>&nbsp;<\/p>\n<p><span style=\"font-size:14px\">Pessoa de contacto: Nancy lee<br \/>\nWhatsApp: +86-18520267369 \/ Tell:+8618520267369<br \/>\nCorreio eletr\u00f3nico: nancy@gzkgold.com<br \/>\nS\u00edtio Web:<\/span><\/p>\n<p>&nbsp;<\/p>\n<p>FAQ:<\/p>\n<p>Q1:What about your diamonds quality?<\/p>\n<p>A: We always used VS,SI G-H natural diamonds, If you want change to VVS also are availabe,we can quote you exact price accoring your request.<\/p>\n<p>&nbsp;<\/p>\n<p>Q2: Can you customize my logo ?<br \/>\nA: Yes, absolutely you can,Please send to us your LOGO, we will free to sign it. For brand jewelry always with orginal logo,<\/p>\n<p>e se precisarem de algo mais, digam-me.<\/p>\n<p>&nbsp;<\/p>\n<p>Q3: Can I order 9K or 10K gold instead of 18K?<\/p>\n<p>A: Yes, sure you can, The MOQ only 5 pcs for 9K or 10k jewelry.<\/p>\n<p>&nbsp;<\/p>\n<p>Q4: Posso obter um certificado?<\/p>\n<p>R: Sim, tem o certificado se precisar e o pre\u00e7o n\u00e3o inclui a taxa. O diamante tem certificado GIA ou n\u00e3o tem certificado.<\/p>\n<p>se me informarem porque h\u00e1 diferen\u00e7a de pre\u00e7o .<\/p>\n<p>&nbsp;<\/p>\n<p>Q5. Durante quanto tempo posso receber a minha mercadoria?<\/p>\n<p>A: Order always processing after the deposit about your order. Making time 2-10 working days depending on design workmanship<\/p>\n<p>dificuldade, mais 3-7 dias de tempo de envio m\u00e9todo de envio expresso para todo o mundo.<\/p>\n<p>&nbsp;<\/p>\n<p>Q6: Fazem j\u00f3ias para o comprador pessoal ou apenas para o grossista?<br \/>\nA: Actually we are make the whole sale to who sale to online or have your own shop for original designs , for the brand jewelry allowed the personal buyer too. You can order fine quality brand jewelry for your family, friends and yourself at factory prices. Even it will be great if you are a jewelry re-seller. We will provide free shipping and free original brand boxes if you can order many items each time. More quantity then best price&nbsp;<\/p>\n<p>&nbsp;<\/p>\n<p><span style=\"font-family:arial,helvetica,sans-serif\"><span style=\"font-size:14px\">K Gold good service:<\/span><\/span><\/p>\n<p><span style=\"font-family:arial,helvetica,sans-serif\"><span style=\"font-size:14px\">O objetivo da K-gold \u00e9 fornecer aos clientes os produtos certos ao pre\u00e7o certo e entregar a tempo. Temos uma equipa de servi\u00e7o ao cliente poderosa que acompanha todo o processo de vendas, ajuda-o em qualquer quest\u00e3o, desde o design CAD at\u00e9 \u00e0 entrega.<\/span><\/span><\/p>\n<p>&nbsp;<\/p>\n<p><strong><span style=\"font-size:16px\"><span style=\"font-family:arial,helvetica,sans-serif\">Why Us:<\/span><\/span><\/strong><\/p>\n<p><span style=\"font-family:arial,helvetica,sans-serif\"><span style=\"font-size:14px\">K-Gold Jewelry Co., Ltd fundada em 2005, \u00e9 um dos fabricantes de j\u00f3ias mais profissionais na China. Atualmente, os principais produtos s\u00e3o K quilates de ouro (9K Gold, 10KGold, 14KGold 18KGold) diamantes naturais (grau de diferen\u00e7a com certifica\u00e7\u00e3o GIA), moissanite e diamante de laborat\u00f3rio com certifica\u00e7\u00e3o de diferen\u00e7a, mais outras j\u00f3ias finas de pedras preciosas naturais, tamb\u00e9m prata com ouro 9K.<\/span><\/span><\/p>\n<p>&nbsp;<\/p>\n<p><span style=\"font-family:arial,helvetica,sans-serif\"><span style=\"font-size:14px\">O objetivo da K-gold \u00e9 fornecer aos clientes os produtos certos ao pre\u00e7o certo e entregar a tempo. Temos uma equipa de servi\u00e7o ao cliente poderosa que acompanha todo o processo de vendas, ajuda-o em qualquer quest\u00e3o, desde o design CAD at\u00e9 \u00e0 entrega.<\/span><\/span><\/p><\/p>","protected":false},"excerpt":{"rendered":"<br \/>\n<table class=\"tables data\" width=\"100%\" border=\"0\" cellpadding=\"0\" cellspacing=\"0\">\n<tbody>\n<tr>\n<th width=\"35%\">Local de origem:<\/th>\n<td>China<\/td>\n<\/tr>\n<tr>\n<th width=\"35%\">Nome da marca:<\/th>\n<td>J\u00f3ias de ouro K<\/td>\n<\/tr>\n<tr>\n<th width=\"35%\">Certifica\u00e7\u00e3o:<\/th>\n<td>Certificado de joalharia<\/td>\n<\/tr>\n<tr>\n<th width=\"35%\">N\u00famero do modelo:<\/th>\n<td>K3577R<\/td>\n<\/tr>\n<\/tbody>\n<\/table>\n<p>                                                                            <span class=\"title_s\">Condi\u00e7\u00f5es de pagamento e envio:<\/span>                            <\/p>\n<table class=\"tables data\" width=\"100%\" border=\"0\" cellpadding=\"0\" cellspacing=\"0\">\n<tbody>\n<tr>\n<th width=\"35%\" nowrap=\"nowrap\">Quantidade m\u00ednima de encomenda:<\/th>\n<td>3<\/td>\n<\/tr>\n<tr>\n<th width=\"35%\" nowrap=\"nowrap\">Pre\u00e7o:<\/th>\n<td>Negoci\u00e1vel<\/td>\n<\/tr>\n<tr>\n<th width=\"35%\" nowrap=\"nowrap\">Detalhes da embalagem:<\/th>\n<td>Saco PP grosso padr\u00e3o, a marca vir\u00e1 com a marca Embalagem<\/td>\n<\/tr>\n<tr>\n<th width=\"35%\" nowrap=\"nowrap\">Prazo de entrega:<\/th>\n<td>5-15 dias \u00fateis<\/td>\n<\/tr>\n<tr>\n<th width=\"35%\" nowrap=\"nowrap\">Condi\u00e7\u00f5es de pagamento:<\/th>\n<td>T\/T, Western Union<\/td>\n<\/tr>\n<tr>\n<th width=\"35%\" nowrap=\"nowrap\">Capacidade de fornecimento:<\/th>\n<td>2000pcs\/m\u00eas<\/td>\n<\/tr>\n<\/tbody>\n<\/table>","protected":false},"featured_media":6013,"comment_status":"closed","ping_status":"closed","template":"","meta":{"_gspb_post_css":""},"product_brand":[],"product_cat":[29],"product_tag":[],"class_list":{"0":"post-6017","1":"product","2":"type-product","3":"status-publish","4":"has-post-thumbnail","6":"product_cat-greek-opal-jewelry","8":"first","9":"instock","10":"shipping-taxable","11":"product-type-simple"},"aioseo_notices":[],"_links":{"self":[{"href":"https:\/\/dearjewelry.site\/pt\/wp-json\/wp\/v2\/product\/6017","targetHints":{"allow":["GET"]}}],"collection":[{"href":"https:\/\/dearjewelry.site\/pt\/wp-json\/wp\/v2\/product"}],"about":[{"href":"https:\/\/dearjewelry.site\/pt\/wp-json\/wp\/v2\/types\/product"}],"replies":[{"embeddable":true,"href":"https:\/\/dearjewelry.site\/pt\/wp-json\/wp\/v2\/comments?post=6017"}],"wp:featuredmedia":[{"embeddable":true,"href":"https:\/\/dearjewelry.site\/pt\/wp-json\/wp\/v2\/media\/6013"}],"wp:attachment":[{"href":"https:\/\/dearjewelry.site\/pt\/wp-json\/wp\/v2\/media?parent=6017"}],"wp:term":[{"taxonomy":"product_brand","embeddable":true,"href":"https:\/\/dearjewelry.site\/pt\/wp-json\/wp\/v2\/product_brand?post=6017"},{"taxonomy":"product_cat","embeddable":true,"href":"https:\/\/dearjewelry.site\/pt\/wp-json\/wp\/v2\/product_cat?post=6017"},{"taxonomy":"product_tag","embeddable":true,"href":"https:\/\/dearjewelry.site\/pt\/wp-json\/wp\/v2\/product_tag?post=6017"}],"curies":[{"name":"wp","href":"https:\/\/api.w.org\/{rel}","templated":true}]}}