{"id":6412,"date":"2025-07-13T10:51:12","date_gmt":"2025-07-13T10:51:12","guid":{"rendered":"https:\/\/dearjewelry.site\/product\/925-with-sterling-silver-greek-key-blue-meander-opal-phaistos-disc-dangle-women-earrings\/"},"modified":"2025-07-13T10:51:12","modified_gmt":"2025-07-13T10:51:12","slug":"925-with-sterling-silver-greek-key-blue-meander-opal-phaistos-disc-dangle-women-earrings","status":"publish","type":"product","link":"https:\/\/dearjewelry.site\/pt\/product\/925-with-sterling-silver-greek-key-blue-meander-opal-phaistos-disc-dangle-women-earrings\/","title":{"rendered":"925  With Sterling Silver Greek  Key  Blue   Meander Opal  Phaistos Disc Dangle  Women Earrings"},"content":{"rendered":"<h2>925  With Sterling Silver Greek  Key  Blue   Meander Opal  Phaistos Disc Dangle  Women Earrings<\/h2>\n<p> Descri\u00e7\u00e3o<\/p>\n<table cellpadding=\"0\" cellspacing=\"0\" class=\"details_table\">\n<tbody>\n<tr>\n<th>Material:<\/th>\n<td>Prata de lei<\/td>\n<th>Tipo de j\u00f3ias:<\/th>\n<td>Vintage Sterling Opal Ring Hoop Earrings<\/td>\n<\/tr>\n<tr class=\"bg_gray\">\n<th>Forma:<\/th>\n<td>Forma redonda<\/td>\n<th>Tipo de configura\u00e7\u00e3o:<\/th>\n<td>Hand Setting<\/td>\n<\/tr>\n<tr>\n<th>Ocasi\u00e3o:<\/th>\n<td>Engagement, Gift, Party, Wedding,Anniversary,<\/td>\n<th>Pedra principal:<\/th>\n<td>According Customer&#8217;s Request<\/td>\n<\/tr>\n<tr class=\"bg_gray\">\n<th>Cor:<\/th>\n<td>Blue<\/td>\n<\/tr>\n<\/tbody>\n<\/table>\n<p><p><span style=\"font-size:16px\"><strong>925 With Sterling Silver Greek Key Blue Meander Opal Phaistos Disc Dangle Women Earrings <\/strong><\/span> <span style=\"font-family:arial,helvetica,sans-serif\"><span style=\"font-size:16px\"><strong> <\/strong><\/span><\/span><\/p>\n<table border=\"1\" cellpadding=\"0\" cellspacing=\"0\" style=\"width: 579px\">\n<tbody>\n<tr>\n<td style=\"width: 147px\">Item No.<\/td>\n<td style=\"width: 423px\">KD317E<\/td>\n<\/tr>\n<tr>\n<td style=\"width: 147px\">Nome do produto<\/td>\n<td style=\"width: 423px\">Blue Meander Opal Phaistos Disc Dangle Women Earrings<\/td>\n<\/tr>\n<tr>\n<td style=\"width: 147px\">Estilo<\/td>\n<td style=\"width: 423px\">Opal Earrings<\/td>\n<\/tr>\n<tr>\n<td style=\"width: 147px\">Material<\/td>\n<td style=\"width: 423px\">Sterling Sliver<\/td>\n<\/tr>\n<tr>\n<td style=\"width: 147px\">Tipo de defini\u00e7\u00e3o<\/td>\n<td style=\"width: 423px\">Pronga de fixa\u00e7\u00e3o manual<\/td>\n<\/tr>\n<tr>\n<td style=\"width: 147px\">G\u00e9nero<\/td>\n<td style=\"width: 423px\">Mulher<\/td>\n<\/tr>\n<tr>\n<td style=\"width: 147px\">Pedra<\/td>\n<td style=\"width: 423px\">\n<p>Blue opal<\/p>\n<\/td>\n<\/tr>\n<tr>\n<td style=\"width: 147px\">Ocasi\u00e3o<\/td>\n<td style=\"width: 423px\">Anivers\u00e1rio, Noivado, Prenda, Festa, Casamento<\/td>\n<\/tr>\n<\/tbody>\n<\/table>\n<p><span style=\"font-family:arial,helvetica,sans-serif\">Detalhe da produ\u00e7\u00e3o :<br \/>\nSide stone&nbsp;Information: SQ 4x4pcs 2pcs<br \/>\nAverage Cut : Excellent<br \/>\nSetting Type : Prong setting<\/span><\/p>\n<p>&nbsp;<\/p>\n<p><span style=\"font-family:arial,helvetica,sans-serif\">Main Stone Information: Customize available\/Customer provide<br \/>\nTotal Carat Weight: 1.25~+ct<\/span><\/p>\n<p><span style=\"font-family:arial,helvetica,sans-serif\">Main stone: SQ66MM<\/span><\/p>\n<p><span style=\"font-family:arial,helvetica,sans-serif\"><img decoding=\"async\" src=\"https:\/\/www.gold-jewellerys.com\/test\/gold-jewellerys.com\/photo\/pl148427712-remark.jpg\"><img decoding=\"async\" src=\"https:\/\/www.gold-jewellerys.com\/test\/gold-jewellerys.com\/photo\/pl148427711-remark.jpg\"><img decoding=\"async\" src=\"https:\/\/www.gold-jewellerys.com\/test\/gold-jewellerys.com\/photo\/pl148427710-remark.jpg\"><img decoding=\"async\" src=\"https:\/\/www.gold-jewellerys.com\/test\/gold-jewellerys.com\/photo\/pl148427709-remark.jpg\"><\/span><\/p>\n<p>18k gold is made up of 75% gold, which is more than 10k or 14k gold rings&#039; gold content. Usually, you will not find rings that go beyond 18k, as pure gold is malleable and will scratch extremely easy. Our diamond semi-mounts in 18k gold are perfect for those who prefer a high gold content that won&#039;t tarnish easily. We offer these stunning semi-mounts in white, rose, and yellow gold.<\/p>\n<p>&nbsp;<\/p>\n<p><span style=\"font-family:arial,helvetica,sans-serif\">Porqu\u00ea escolher-nos:<br \/>\n1: A K-Gold tem cerca de 21 anos de experi\u00eancia na \u00e1rea da joalharia e 17 anos de experi\u00eancia de produ\u00e7\u00e3o.<br \/>\n2: Tamb\u00e9m a nossa equipa profissional de I &amp; D para garantir que os nossos produtos est\u00e3o constantemente actualizados e \u00e0 frente da ind\u00fastria. Assim, temos mais de 3000 designs diferentes e mais de 46 colec\u00e7\u00f5es que podem satisfazer os diferentes pedidos do mercado.<br \/>\n3: Para itens personalizados, pode obter CAD no mesmo dia ou no dia seguinte para confirmar os dados antes do in\u00edcio da encomenda.<br \/>\n4: O objetivo da K-gold \u00e9 fornecer aos clientes os produtos certos ao pre\u00e7o certo e entregar a tempo.<br \/>\n5: Temos uma poderosa equipa de servi\u00e7o ao cliente que acompanha todo o processo de vendas, ajuda-o em qualquer quest\u00e3o, desde o design CAD at\u00e9 \u00e0 entrega.<br \/>\nServi\u00e7o de F\u00e1brica K-Gold:<\/span><\/p>\n<p>&nbsp;<\/p>\n<p><span style=\"font-family:arial,helvetica,sans-serif\">K Gold Production Process :&nbsp;<\/span><\/p>\n<p><span style=\"font-family:arial,helvetica,sans-serif\"><img decoding=\"async\" src=\"https:\/\/www.gold-jewellerys.com\/test\/gold-jewellerys.com\/photo\/pl36314863-remark.jpg\"><img decoding=\"async\" src=\"https:\/\/www.gold-jewellerys.com\/test\/gold-jewellerys.com\/photo\/pl36314865-remark.jpg\"><\/span><\/p>\n<p>&nbsp;<\/p>\n<p>&nbsp;<\/p>\n<p><span style=\"font-size:14px\">Pessoa de contacto: Nancy lee<br \/>\nWhatsApp: +86-18520267369 \/ Tell:+8618520267369<br \/>\nCorreio eletr\u00f3nico: nancy@gzkgold.com<br \/>\nS\u00edtio Web:<\/span><\/p>\n<p>&nbsp;<\/p>\n<p>FAQ:<\/p>\n<p>Q1:What about your diamonds quality?<\/p>\n<p>A: We always used VS,SI G-H natural diamonds, If you want change to VVS also are availabe,we can quote you exact price accoring your request.<\/p>\n<p>&nbsp;<\/p>\n<p>Q2: Can you customize my logo ?<br \/>\nA: Yes, absolutely you can,Please send to us your LOGO, we will free to sign it. For brand jewelry always with orginal logo,<\/p>\n<p>e se precisarem de algo mais, digam-me.<\/p>\n<p>&nbsp;<\/p>\n<p>Q3: How can we get the down price,if keep the same design ?<\/p>\n<p>A: You can change to moissanite diamonds or Lab diamonds , Or make 9K\/10K get down the price.<\/p>\n<p>&nbsp;<\/p>\n<p>A: Please tell me your order then we will tell you the item price, shipping fee and original box fee and total amount. You can make payment by Western Union \/ T\/T , Or Payoneer, We will process and ship out your order asap after payment made.<\/p>\n<p>&nbsp;<\/p>\n<p>Q4: Posso obter um certificado?<\/p>\n<p>R: Sim, tem o certificado se precisar e o pre\u00e7o n\u00e3o inclui a taxa. O diamante tem certificado GIA ou n\u00e3o tem certificado.<\/p>\n<p>se me informarem porque h\u00e1 diferen\u00e7a de pre\u00e7o .<\/p>\n<p>&nbsp;<\/p>\n<p>Q5. Durante quanto tempo posso receber a minha mercadoria?<\/p>\n<p>A: Order always processing after the deposit about your order. Making time 2-10 working days depending on design workmanship<\/p>\n<p>dificuldade, mais 3-7 dias de tempo de envio m\u00e9todo de envio expresso para todo o mundo.<\/p>\n<p>&nbsp;<\/p>\n<p>Q6: Fazem j\u00f3ias para o comprador pessoal ou apenas para o grossista?<br \/>\nA: Actually we are make the whole sale to who sale to online or have your own shop for original designs , for the brand jewelry allowed the personal buyer too. You can order fine quality brand jewelry for your family, friends and yourself at factory prices. Even it will be great if you are a jewelry re-seller. We will provide free shipping and free original brand boxes if you can order many items each time. More quantity then best price.&nbsp;<\/p><\/p>","protected":false},"excerpt":{"rendered":"<br \/>\n<table class=\"tables data\" width=\"100%\" border=\"0\" cellpadding=\"0\" cellspacing=\"0\">\n<tbody>\n<tr>\n<th width=\"35%\">Local de origem:<\/th>\n<td>China<\/td>\n<\/tr>\n<tr>\n<th width=\"35%\">Nome da marca:<\/th>\n<td>J\u00f3ias de ouro K<\/td>\n<\/tr>\n<tr>\n<th width=\"35%\">Certifica\u00e7\u00e3o:<\/th>\n<td>Certificado de joalharia<\/td>\n<\/tr>\n<tr>\n<th width=\"35%\">N\u00famero do modelo:<\/th>\n<td>KD317E<\/td>\n<\/tr>\n<\/tbody>\n<\/table>\n<p>                                                                            <span class=\"title_s\">Condi\u00e7\u00f5es de pagamento e envio:<\/span>                            <\/p>\n<table class=\"tables data\" width=\"100%\" border=\"0\" cellpadding=\"0\" cellspacing=\"0\">\n<tbody>\n<tr>\n<th width=\"35%\" nowrap=\"nowrap\">Quantidade m\u00ednima de encomenda:<\/th>\n<td>3<\/td>\n<\/tr>\n<tr>\n<th width=\"35%\" nowrap=\"nowrap\">Pre\u00e7o:<\/th>\n<td>Negoci\u00e1vel<\/td>\n<\/tr>\n<tr>\n<th width=\"35%\" nowrap=\"nowrap\">Detalhes da embalagem:<\/th>\n<td>Saco PP grosso padr\u00e3o, a marca vir\u00e1 com a marca Embalagem<\/td>\n<\/tr>\n<tr>\n<th width=\"35%\" nowrap=\"nowrap\">Prazo de entrega:<\/th>\n<td>5-15 dias \u00fateis<\/td>\n<\/tr>\n<tr>\n<th width=\"35%\" nowrap=\"nowrap\">Condi\u00e7\u00f5es de pagamento:<\/th>\n<td>T\/T, Western Union<\/td>\n<\/tr>\n<tr>\n<th width=\"35%\" nowrap=\"nowrap\">Capacidade de fornecimento:<\/th>\n<td>2000pcs\/m\u00eas<\/td>\n<\/tr>\n<\/tbody>\n<\/table>","protected":false},"featured_media":6406,"comment_status":"closed","ping_status":"closed","template":"","meta":{"_gspb_post_css":""},"product_brand":[],"product_cat":[29],"product_tag":[],"class_list":{"0":"post-6412","1":"product","2":"type-product","3":"status-publish","4":"has-post-thumbnail","6":"product_cat-greek-opal-jewelry","8":"first","9":"instock","10":"shipping-taxable","11":"product-type-simple"},"aioseo_notices":[],"_links":{"self":[{"href":"https:\/\/dearjewelry.site\/pt\/wp-json\/wp\/v2\/product\/6412","targetHints":{"allow":["GET"]}}],"collection":[{"href":"https:\/\/dearjewelry.site\/pt\/wp-json\/wp\/v2\/product"}],"about":[{"href":"https:\/\/dearjewelry.site\/pt\/wp-json\/wp\/v2\/types\/product"}],"replies":[{"embeddable":true,"href":"https:\/\/dearjewelry.site\/pt\/wp-json\/wp\/v2\/comments?post=6412"}],"wp:featuredmedia":[{"embeddable":true,"href":"https:\/\/dearjewelry.site\/pt\/wp-json\/wp\/v2\/media\/6406"}],"wp:attachment":[{"href":"https:\/\/dearjewelry.site\/pt\/wp-json\/wp\/v2\/media?parent=6412"}],"wp:term":[{"taxonomy":"product_brand","embeddable":true,"href":"https:\/\/dearjewelry.site\/pt\/wp-json\/wp\/v2\/product_brand?post=6412"},{"taxonomy":"product_cat","embeddable":true,"href":"https:\/\/dearjewelry.site\/pt\/wp-json\/wp\/v2\/product_cat?post=6412"},{"taxonomy":"product_tag","embeddable":true,"href":"https:\/\/dearjewelry.site\/pt\/wp-json\/wp\/v2\/product_tag?post=6412"}],"curies":[{"name":"wp","href":"https:\/\/api.w.org\/{rel}","templated":true}]}}