{"id":6701,"date":"2025-07-13T10:53:18","date_gmt":"2025-07-13T10:53:18","guid":{"rendered":"https:\/\/dearjewelry.site\/product\/solid-18k-gold-nose-piercing-moon-sun-shape-with-0-06ct-si2-natural-diamonds-odm\/"},"modified":"2025-07-13T10:53:18","modified_gmt":"2025-07-13T10:53:18","slug":"piercing-de-nariz-em-ouro-18k-macico-em-forma-de-sol-da-lua-com-0-06ct-si2-diamantes-naturais-odm","status":"publish","type":"product","link":"https:\/\/dearjewelry.site\/pt\/product\/piercing-de-nariz-em-ouro-18k-macico-em-forma-de-sol-da-lua-com-0-06ct-si2-diamantes-naturais-odm\/","title":{"rendered":"Piercing de nariz em ouro maci\u00e7o 18K em forma de sol da lua com 0.06ct SI2 diamantes naturais ODM"},"content":{"rendered":"<h2>Piercing de nariz em ouro maci\u00e7o 18K em forma de sol da lua com 0.06ct SI2 diamantes naturais ODM<\/h2>\n<p> Descri\u00e7\u00e3o<\/p>\n<table cellpadding=\"0\" cellspacing=\"0\" class=\"details_table\">\n<tbody>\n<tr>\n<th>Material:<\/th>\n<td>Ouro amarelo 18k maci\u00e7o<\/td>\n<th>Personalizar:<\/th>\n<td>Aceitar Personalizar<\/td>\n<\/tr>\n<tr class=\"bg_gray\">\n<th>Ocasi\u00e3o:<\/th>\n<td>Anel de uso di\u00e1rio, presente<\/td>\n<th>Parte do corpo:<\/th>\n<td>Orelha, nariz, trago<\/td>\n<\/tr>\n<tr>\n<th>Estilo:<\/th>\n<td>Anel de ponta de nariz 18K<\/td>\n<th>Di\u00e2metro interior:<\/th>\n<td>8-12mm<\/td>\n<\/tr>\n<tr class=\"bg_gray\">\n<th>Diamantes Peso:<\/th>\n<td>0,06ct<\/td>\n<\/tr>\n<tr>\n<th colspan=\"1\">Destaque:<\/th>\n<td colspan=\"3\">\n<h2 style='font-weight: bold;font-size: 14px'>Piercing de nariz em ouro 18K 0.06ct<\/h2>\n<p>, <\/p>\n<h2 style='font-weight: bold;font-size: 14px'>Piercing de nariz em ouro 18K com diamantes SI2<\/h2>\n<p>, <\/p>\n<h2 style='font-weight: bold;font-size: 14px'>Piercing de nariz em ouro maci\u00e7o ODM<\/h2>\n<\/td>\n<\/tr>\n<\/tbody>\n<\/table>\n<p><p><span style=\"font-size:16px\"><span style=\"font-family:arial,helvetica,sans-serif\"><strong>Descri\u00e7\u00e3o do produto:<\/strong><\/span><\/span><\/p>\n<p><strong><span style=\"font-size:16px\">Anel de nariz em ouro maci\u00e7o 18kt Moon Sun com diamantes naturais Piercing Jewelry<\/span><\/strong> <span style=\"font-size:16px\"><span style=\"font-family:arial,helvetica,sans-serif\"><strong> <\/strong><\/span><\/span><\/p>\n<table border=\"1\" cellpadding=\"0\" cellspacing=\"0\" style=\"width: 639px\">\n<tbody>\n<tr>\n<td style=\"width: 126px\">Item No.<\/td>\n<td style=\"width: 504px\">KD101CE<\/td>\n<\/tr>\n<tr>\n<td style=\"width: 126px\">Nome do produto<\/td>\n<td style=\"width: 504px\">Argola de nariz em ouro amarelo de 18K&nbsp;<\/td>\n<\/tr>\n<tr>\n<td style=\"width: 126px\">Estilo<\/td>\n<td style=\"width: 504px\">J\u00f3ias de Perce\u00e7\u00e3o Corporal 18K<\/td>\n<\/tr>\n<tr>\n<td style=\"width: 126px\">Material<\/td>\n<td style=\"width: 504px\">Ouro maci\u00e7o de 18K<\/td>\n<\/tr>\n<tr>\n<td style=\"width: 126px\">G\u00e9nero<\/td>\n<td style=\"width: 504px\">Jovens, Unisexo, Mulher, Homem<\/td>\n<\/tr>\n<tr>\n<td style=\"width: 126px\">Pedra principal<\/td>\n<td style=\"width: 504px\">Anel de nariz<\/td>\n<\/tr>\n<tr>\n<td style=\"width: 126px\">Dimens\u00e3o interior<\/td>\n<td style=\"width: 504px\">\n<p>8mm-12mm<\/p>\n<\/td>\n<\/tr>\n<tr>\n<td style=\"width: 126px\">Ocasi\u00e3o<\/td>\n<td style=\"width: 504px\">Anivers\u00e1rio, Prenda, Festa, Uso di\u00e1rio<\/td>\n<\/tr>\n<tr>\n<td style=\"width: 126px\">Diamantes&nbsp;<\/td>\n<td style=\"width: 504px\">0,06ct<\/td>\n<\/tr>\n<tr>\n<td style=\"width: 126px\">Clareza dos diamantes<\/td>\n<td style=\"width: 504px\">SI2<\/td>\n<\/tr>\n<\/tbody>\n<\/table>\n<p><span style=\"font-size:16px\"><strong>Vantagem:&nbsp;<\/strong><\/span><\/p>\n<p><span style=\"font-family:arial,helvetica,sans-serif\">1. Fabricado com ouro maci\u00e7o de 18k e diamante. Feito para durar uma vida inteira, forte e dur\u00e1vel! Todos os metais que utilizamos s\u00e3o isentos de chumbo, n\u00edquel e hipoalerg\u00e9nicos.<\/span><\/p>\n<p><span style=\"font-family:arial,helvetica,sans-serif\">2. Presente perfeito para a sua fam\u00edlia e amigos no dia da m\u00e3e, anivers\u00e1rio, casamento, anivers\u00e1rios, dia dos namorados ou dia de Natal.<\/span><\/p>\n<p><span style=\"font-family:arial,helvetica,sans-serif\">3: A argola tem um segmento articulado, o que facilita a sua coloca\u00e7\u00e3o e remo\u00e7\u00e3o. E vai adorar esta carater\u00edstica porque fica bem em v\u00e1rios piercings, incluindo tragus, h\u00e9lice e septo. S\u00e3o muitas carater\u00edsticas fant\u00e1sticas reunidas numa s\u00f3 argola.&nbsp;<\/span><\/p>\n<p><span style=\"font-family:arial,helvetica,sans-serif\">4: Podemos fazer qualquer tamanho de acordo com o seu pedido.<\/span><\/p>\n<p>\n<strong style=\"font-size: 16px\"><span style=\"font-family:arial,helvetica,sans-serif\">Porqu\u00ea escolher-nos:<\/span><\/strong><\/p>\n<p><span style=\"font-family:arial,helvetica,sans-serif\"><span style=\"font-size:14px\">1: K-Gold Jewelry Co., Ltd fundada em 2005, \u00e9 um dos fabricantes de j\u00f3ias mais profissionais na China. Atualmente, os principais produtos s\u00e3o K quilates de ouro (9K Gold, 10KGold, 14KGold 18KGold) diamantes naturais (grau de diferen\u00e7a com certifica\u00e7\u00e3o GIA), moissanite e diamante de laborat\u00f3rio com certifica\u00e7\u00e3o de diferen\u00e7a, mais outras j\u00f3ias finas de pedras preciosas naturais, tamb\u00e9m prata com ouro 9K.<\/span><\/span><\/p>\n<p><span style=\"font-family:arial,helvetica,sans-serif\"><span style=\"font-size:14px\">2:H\u00e1 cerca de 21 anos de experi\u00eancia na \u00e1rea da joalharia e 17 anos de experi\u00eancia na produ\u00e7\u00e3o.<\/span><\/span><\/p>\n<p><span style=\"font-family:arial,helvetica,sans-serif\"><span style=\"font-size:14px\">3: Tamb\u00e9m a nossa equipa profissional de I &amp; D para garantir que os nossos produtos s\u00e3o constantemente actualizados e \u00e0 frente da ind\u00fastria. Por isso, temos mais de 30000 designs diferentes e mais de 46 colec\u00e7\u00f5es que podem satisfazer os diferentes pedidos do mercado. Para itens personalizados, voc\u00ea pode obter CAD no mesmo dia ou no dia seguinte para confirmar os dados antes do in\u00edcio do pedido.<\/span><\/span><\/p>\n<p><strong><span style=\"font-size:14px\"><span style=\"font-family:arial,helvetica,sans-serif\">Servi\u00e7o de F\u00e1brica K-Gold:<\/span><\/span><\/strong><\/p>\n<p><img decoding=\"async\" src=\"https:\/\/www.gold-jewellerys.com\/test\/gold-jewellerys.com\/photo\/pl36314862-remark.jpg\"><\/p>\n<p><img decoding=\"async\" src=\"https:\/\/www.gold-jewellerys.com\/test\/gold-jewellerys.com\/photo\/pl36311264-remark.jpg\"><br \/>\n&nbsp;<\/p>\n<p><span style=\"font-size:16px\"><strong>FAQ:<\/strong><\/span><\/p>\n<p>Q1: Como \u00e9 que podemos obter o pre\u00e7o?<\/p>\n<p>Convidamo-lo a contactar-nos atrav\u00e9s do whatsapp. Basta enviar-nos as fotografias dos artigos que pretende e, em seguida, indicar-lhe-emos os pre\u00e7os o mais rapidamente poss\u00edvel.<\/p>\n<p>Pessoa de contacto: Nancy lee<br \/>\nWhatsApp: +86-18520267369 \/ Tell:+8618520267369<br \/>\nCorreio eletr\u00f3nico: nancy@gzkgold.com<br \/>\nS\u00edtio Web:<\/p>\n<p>Q2: Como \u00e9 que podemos obter o pre\u00e7o mais baixo, se mantivermos o mesmo desenho?<\/p>\n<p>R: Pode mudar para diamantes moissanite ou diamantes Lab.<\/p>\n<p>&nbsp;<\/p>\n<p>P3: Posso encomendar ouro de 9K ou 10K em vez de 18K?<\/p>\n<p>R: Sim, claro que pode, o MOQ apenas 5 pcs para j\u00f3ias de 9K ou 10k<\/p>\n<p>&nbsp;<\/p>\n<p>Q4: Posso obter um certificado?<\/p>\n<p>Sim, h\u00e1 o certificado se precisar e o pre\u00e7o n\u00e3o inclui a taxa. O diamante tem certificado GIA ou n\u00e3o tem certificado.<\/p>\n<p>se me informarem porque h\u00e1 diferen\u00e7a de pre\u00e7o .<\/p>\n<p>&nbsp;<\/p>\n<p>Q5. Durante quanto tempo posso receber a minha mercadoria?<\/p>\n<p>A encomenda \u00e9 sempre processada ap\u00f3s o dep\u00f3sito da sua encomenda. Tempo de fabrico: 2-10 dias \u00fateis, dependendo do trabalho de conce\u00e7\u00e3o<\/p>\n<p>dificuldade, mais 3-7 dias de tempo de envio m\u00e9todo de envio expresso para todo o mundo.<\/p>\n<p>&nbsp;<\/p>\n<p>Q6: Fazem j\u00f3ias para o comprador pessoal ou apenas para o grossista?<br \/>\nNa verdade, estamos a fazer toda a venda para quem vende online ou tem a sua pr\u00f3pria loja para desenhos originais, para a marca de j\u00f3ias permitiu que o comprador pessoal tamb\u00e9m. Voc\u00ea pode encomendar j\u00f3ias de marca de alta qualidade para sua fam\u00edlia, amigos e voc\u00ea mesmo a pre\u00e7os de f\u00e1brica. Tamb\u00e9m ser\u00e1 \u00f3timo se for um revendedor de j\u00f3ias. N\u00f3s forneceremos frete gr\u00e1tis e caixas de marca originais gratuitas se voc\u00ea puder encomendar muitos itens de cada vez. Mais quantidade e melhor pre\u00e7o.<\/p><\/p>","protected":false},"excerpt":{"rendered":"<br \/>\n<table class=\"tables data\" width=\"100%\" border=\"0\" cellpadding=\"0\" cellspacing=\"0\">\n<tbody>\n<tr>\n<th width=\"35%\">Local de origem:<\/th>\n<td>China<\/td>\n<\/tr>\n<tr>\n<th width=\"35%\">Nome da marca:<\/th>\n<td>J\u00f3ias de ouro K<\/td>\n<\/tr>\n<tr>\n<th width=\"35%\">Certifica\u00e7\u00e3o:<\/th>\n<td>Certificado de joalharia<\/td>\n<\/tr>\n<tr>\n<th width=\"35%\">N\u00famero do modelo:<\/th>\n<td>KD101CE<\/td>\n<\/tr>\n<\/tbody>\n<\/table>\n<p>                                                                            <span class=\"title_s\">Condi\u00e7\u00f5es de pagamento e envio:<\/span>                            <\/p>\n<table class=\"tables data\" width=\"100%\" border=\"0\" cellpadding=\"0\" cellspacing=\"0\">\n<tbody>\n<tr>\n<th width=\"35%\" nowrap=\"nowrap\">Quantidade m\u00ednima de encomenda:<\/th>\n<td>3<\/td>\n<\/tr>\n<tr>\n<th width=\"35%\" nowrap=\"nowrap\">Pre\u00e7o:<\/th>\n<td>Negoci\u00e1vel<\/td>\n<\/tr>\n<tr>\n<th width=\"35%\" nowrap=\"nowrap\">Detalhes da embalagem:<\/th>\n<td>Saco PP grosso padr\u00e3o, a marca vir\u00e1 com a marca Embalagem<\/td>\n<\/tr>\n<tr>\n<th width=\"35%\" nowrap=\"nowrap\">Prazo de entrega:<\/th>\n<td>5-15 dias \u00fateis<\/td>\n<\/tr>\n<tr>\n<th width=\"35%\" nowrap=\"nowrap\">Condi\u00e7\u00f5es de pagamento:<\/th>\n<td>T\/T, Western Union, D\/P, L\/C, D\/A<\/td>\n<\/tr>\n<tr>\n<th width=\"35%\" nowrap=\"nowrap\">Capacidade de fornecimento:<\/th>\n<td>2000pcs\/m\u00eas<\/td>\n<\/tr>\n<\/tbody>\n<\/table>","protected":false},"featured_media":6697,"comment_status":"closed","ping_status":"closed","template":"","meta":{"_gspb_post_css":""},"product_brand":[],"product_cat":[30],"product_tag":[],"class_list":{"0":"post-6701","1":"product","2":"type-product","3":"status-publish","4":"has-post-thumbnail","6":"product_cat-silver-bead-charms","8":"first","9":"instock","10":"shipping-taxable","11":"product-type-simple"},"aioseo_notices":[],"_links":{"self":[{"href":"https:\/\/dearjewelry.site\/pt\/wp-json\/wp\/v2\/product\/6701","targetHints":{"allow":["GET"]}}],"collection":[{"href":"https:\/\/dearjewelry.site\/pt\/wp-json\/wp\/v2\/product"}],"about":[{"href":"https:\/\/dearjewelry.site\/pt\/wp-json\/wp\/v2\/types\/product"}],"replies":[{"embeddable":true,"href":"https:\/\/dearjewelry.site\/pt\/wp-json\/wp\/v2\/comments?post=6701"}],"wp:featuredmedia":[{"embeddable":true,"href":"https:\/\/dearjewelry.site\/pt\/wp-json\/wp\/v2\/media\/6697"}],"wp:attachment":[{"href":"https:\/\/dearjewelry.site\/pt\/wp-json\/wp\/v2\/media?parent=6701"}],"wp:term":[{"taxonomy":"product_brand","embeddable":true,"href":"https:\/\/dearjewelry.site\/pt\/wp-json\/wp\/v2\/product_brand?post=6701"},{"taxonomy":"product_cat","embeddable":true,"href":"https:\/\/dearjewelry.site\/pt\/wp-json\/wp\/v2\/product_cat?post=6701"},{"taxonomy":"product_tag","embeddable":true,"href":"https:\/\/dearjewelry.site\/pt\/wp-json\/wp\/v2\/product_tag?post=6701"}],"curies":[{"name":"wp","href":"https:\/\/api.w.org\/{rel}","templated":true}]}}