{"id":7013,"date":"2025-07-13T10:55:09","date_gmt":"2025-07-13T10:55:09","guid":{"rendered":"https:\/\/dearjewelry.site\/product\/textured-owl-charm-bead-pendant-in-14k-gold-with-rhodium-plating-for-women\/"},"modified":"2025-07-13T10:55:09","modified_gmt":"2025-07-13T10:55:09","slug":"pingente-de-coruja-texturizado-em-ouro-14k-com-banho-de-rodio-para-mulher","status":"publish","type":"product","link":"https:\/\/dearjewelry.site\/pt\/product\/pingente-de-coruja-texturizado-em-ouro-14k-com-banho-de-rodio-para-mulher\/","title":{"rendered":"Pingente de coruja texturizada em ouro 14K com banho de r\u00f3dio para mulheres"},"content":{"rendered":"<h2>Pingente de coruja texturizada em ouro 14K com banho de r\u00f3dio para mulheres<\/h2>\n<p> Descri\u00e7\u00e3o<\/p>\n<table cellpadding=\"0\" cellspacing=\"0\" class=\"details_table\">\n<tbody>\n<tr>\n<th>Material:<\/th>\n<td>Prata de lei<\/td>\n<th>Tipo de piercing:<\/th>\n<td>Mergulhador de lulas F\u00e9rias tropicais F\u00e9rias n\u00e1uticas Polvo Pendurado Charm Bead<\/td>\n<\/tr>\n<tr class=\"bg_gray\">\n<th>Ac\u00e7\u00f5es:<\/th>\n<td>Anivers\u00e1rio, Prenda, Festa, Jovens Meninas , J\u00f3ias para Jovens<\/td>\n<th>Parte do corpo:<\/th>\n<td>Pingente<\/td>\n<\/tr>\n<tr>\n<th>Personalizar:<\/th>\n<td>Aceita qualquer pedra preciosa ou tamanho personalizado<\/td>\n<th>Diamantes:<\/th>\n<td>1,5-2,5 mm Todos dispon\u00edveis<\/td>\n<\/tr>\n<tr class=\"bg_gray\">\n<th>Diamantes Claridade:<\/th>\n<td>Vs1-SI2<\/td>\n<th>Espessura:<\/th>\n<td>0,6 mm<\/td>\n<\/tr>\n<\/tbody>\n<\/table>\n<p><p><span style=\"font-size:16px\"><span style=\"font-family:arial,helvetica,sans-serif\"><strong>Descri\u00e7\u00e3o do produto:<\/strong><\/span><\/span><\/p>\n<p><span style=\"font-size:16px\"><strong>Pingente de coruja texturizada em ouro 14K com banho de r\u00f3dio para mulheres<\/strong><\/span><\/p>\n<table border=\"1\" cellpadding=\"0\" cellspacing=\"0\" style=\"width: 600px\">\n<tbody>\n<tr>\n<td style=\"width: 126px\">Item No.<\/td>\n<td style=\"width: 466px\">KD484P<\/td>\n<\/tr>\n<tr>\n<td style=\"width: 126px\">Nome do produto<\/td>\n<td style=\"width: 466px\">Pingente de coruja texturizado com conta de charme<\/td>\n<\/tr>\n<tr>\n<td style=\"width: 126px\">Estilo<\/td>\n<td style=\"width: 466px\">Fancy Piercing \/ Popular<\/td>\n<\/tr>\n<tr>\n<td style=\"width: 126px\">Material<\/td>\n<td style=\"width: 466px\">Prata de lei<\/td>\n<\/tr>\n<tr>\n<td style=\"width: 126px\">G\u00e9nero<\/td>\n<td style=\"width: 466px\">Jovens\/ Raparigas&nbsp;<\/td>\n<\/tr>\n<tr>\n<td style=\"width: 126px\">Espessura<\/td>\n<td style=\"width: 466px\">0,6 mm<\/td>\n<\/tr>\n<tr>\n<td style=\"width: 126px\">MOQ&nbsp;<\/td>\n<td style=\"width: 466px\">3 pe\u00e7as<\/td>\n<\/tr>\n<tr>\n<td style=\"width: 126px\">Ocasi\u00e3o<\/td>\n<td style=\"width: 466px\">Anivers\u00e1rio, Prenda, Festa, Uso di\u00e1rio<\/td>\n<\/tr>\n<tr>\n<td style=\"width: 126px\">Diamantes<\/td>\n<td style=\"width: 466px\">1,5-2,5 mm todos dispon\u00edveis, Vs1-SI2<\/td>\n<\/tr>\n<\/tbody>\n<\/table>\n<p><span style=\"font-size:16px\"><strong>Vantagem:<\/strong><\/span><\/p>\n<p><span style=\"font-size: 14px\">1<font face=\"arial, helvetica, sans-serif\">. Presente perfeito para a sua fam\u00edlia e amigos no dia da m\u00e3e, anivers\u00e1rio, casamento, anivers\u00e1rios, dia dos namorados ou dia de Natal.<\/font><\/span><\/p>\n<p><span style=\"font-family:arial,helvetica,sans-serif\"><span style=\"font-size:14px\">2. Hipoalerg\u00e9nico e dur\u00e1vel, fabricado em ouro maci\u00e7o de 18K, aro com dobradi\u00e7a em c\u00edrculo s\u00f3lido, sem arestas vivas Realmente.<\/span><\/span><\/p>\n<p><span style=\"font-family:arial,helvetica,sans-serif\"><span style=\"font-size:14px\">3. Por favor, selecione cuidadosamente o calibre mais adequado e o tamanho do di\u00e2metro de acordo com o tamanho sugerido e a sua experi\u00eancia antes de encomendar.<\/span><\/span><\/p>\n<p><span style=\"font-family:arial,helvetica,sans-serif\"><span style=\"font-size:14px\">4: Bijuteria de luxo em ouro 14k\/18K de qualidade fabricada na China. Feitas \u00e0 m\u00e3o pelos nossos joalheiros qualificados; estas pe\u00e7as s\u00e3o feitas por encomenda e podem demorar entre 12 a 15 dias \u00fateis a serem enviadas.<\/span><\/span><\/p>\n<p><span style=\"font-family:arial,helvetica,sans-serif\"><span style=\"font-size:14px\">5: Personalize o seu pr\u00f3prio anel de nariz de diamantes naturais em ouro maci\u00e7o para obter o acess\u00f3rio perfeito para o corpo. Os estilos de poste est\u00e3o dispon\u00edveis em espinha de nariz, parafuso de narina para a direita ou para a esquerda, bem como cauda de peixe reto, qualquer tamanho, qualquer pedra preciosa, todos est\u00e3o dispon\u00edveis.<\/span><\/span><\/p>\n<p><strong><span style=\"font-family:arial,helvetica,sans-serif\">Exposi\u00e7\u00e3o de produtos:<\/span><\/strong><\/p>\n<p><img decoding=\"async\" src=\"https:\/\/www.gold-jewellerys.com\/test\/gold-jewellerys.com\/photo\/pl149333542-remark.jpg\"><img decoding=\"async\" src=\"https:\/\/www.gold-jewellerys.com\/test\/gold-jewellerys.com\/photo\/pl149333541-remark.jpg\"><img decoding=\"async\" src=\"https:\/\/www.gold-jewellerys.com\/test\/gold-jewellerys.com\/photo\/pl149333538-remark.jpg\"><br \/>\n<strong><span style=\"font-size:16px\"><span style=\"font-family:arial,helvetica,sans-serif\">Porqu\u00ea escolher-nos:<\/span><\/span><\/strong><br \/>\n1: A K-Gold tem cerca de 21 anos de experi\u00eancia na \u00e1rea da joalharia e 17 anos de experi\u00eancia de produ\u00e7\u00e3o.<br \/>\n2: Tamb\u00e9m a nossa equipa profissional de I &amp; D para garantir que os nossos produtos est\u00e3o constantemente actualizados e \u00e0 frente da ind\u00fastria. Assim, temos mais de 3000 designs diferentes e mais de 46 colec\u00e7\u00f5es que podem satisfazer os diferentes pedidos do mercado.<br \/>\n3: Para itens personalizados, pode obter CAD no mesmo dia ou no dia seguinte para confirmar os dados antes do in\u00edcio da encomenda.<br \/>\n4: O objetivo da K-gold \u00e9 fornecer aos clientes os produtos certos ao pre\u00e7o certo e entregar a tempo.<br \/>\n5: Temos uma poderosa equipa de servi\u00e7o ao cliente que acompanha todo o processo de vendas, ajuda-o em qualquer quest\u00e3o, desde o design CAD at\u00e9 \u00e0 entrega.<br \/>\nServi\u00e7o de F\u00e1brica K-Gold:<br \/>\n<img decoding=\"async\" src=\"https:\/\/www.gold-jewellerys.com\/test\/gold-jewellerys.com\/photo\/pl36906275-remark.jpg\"><img decoding=\"async\" src=\"https:\/\/www.gold-jewellerys.com\/test\/gold-jewellerys.com\/photo\/pl36314862-remark.jpg\"><\/p>\n<p>Q1: Como \u00e9 que podemos obter o pre\u00e7o?<\/p>\n<p>R: Convidamo-lo a contactar-nos atrav\u00e9s do whatsapp. Basta enviar-nos as fotos dos itens que voc\u00ea quer, ent\u00e3o n\u00f3s lhe diremos os pre\u00e7os o mais r\u00e1pido poss\u00edvel.<\/p>\n<p>&nbsp;Pessoa de contacto: Nancy lee<br \/>\n&nbsp;WhatsApp: +86-18520267369 \/ Tell:+8618520267369<br \/>\n&nbsp;Correio eletr\u00f3nico: nancy@gzkgold.com<br \/>\n&nbsp;S\u00edtio Web:<\/p>\n<p>&nbsp;<\/p>\n<p>P2: Posso personalizar os meus pr\u00f3prios desenhos?<br \/>\nA: bem-vindo para projetar suas pr\u00f3prias j\u00f3ias ou sua marca, fornecer suas fotos de design e detalhes que podemos desenhar CAD para voc\u00ea antes da produ\u00e7\u00e3o.<\/p>\n<p>&nbsp;<\/p>\n<p>Q3: O que acontece com o tempo de produ\u00e7\u00e3o?<\/p>\n<p>R: Ap\u00f3s a confirma\u00e7\u00e3o do desenho e dos detalhes da pedra, a produ\u00e7\u00e3o demora cerca de 12 a 15 dias \u00fateis.<\/p>\n<p>&nbsp;<\/p>\n<p>Q4: Posso obter um certificado?<\/p>\n<p>R: Sim, tem o certificado se precisar e o pre\u00e7o n\u00e3o inclui a taxa. O diamante tem certificado GIA ou n\u00e3o tem certificado.<\/p>\n<p>se me informarem porque h\u00e1 diferen\u00e7a de pre\u00e7o .<\/p>\n<p>&nbsp;<\/p>\n<p>Q5. Q:Posso encomendar ouro de 9K ou 10K em vez de 18K?<\/p>\n<p>R: Sim, claro que pode, o MOQ apenas 5 pcs para j\u00f3ias de 9K ou 10k<\/p>\n<p>&nbsp;<\/p>\n<p>Q6: Fazem j\u00f3ias para o comprador pessoal ou apenas para o grossista?<br \/>\nR: Na verdade, estamos a fazer toda a venda para quem vende online ou tem a sua pr\u00f3pria loja para desenhos originais, para as j\u00f3ias de marca permitidas ao comprador pessoal tamb\u00e9m. Pode encomendar j\u00f3ias de marca de alta qualidade para a sua fam\u00edlia, amigos e para si pr\u00f3prio a pre\u00e7os de f\u00e1brica. Tamb\u00e9m ser\u00e1 \u00f3timo se for um revendedor de j\u00f3ias. N\u00f3s forneceremos frete gr\u00e1tis e caixas de marca originais gratuitas se voc\u00ea puder encomendar muitos itens de cada vez. Mais quantidade e melhor pre\u00e7o.<\/p><\/p>","protected":false},"excerpt":{"rendered":"<br \/>\n<table class=\"tables data\" width=\"100%\" border=\"0\" cellpadding=\"0\" cellspacing=\"0\">\n<tbody>\n<tr>\n<th width=\"35%\">Local de origem:<\/th>\n<td>China<\/td>\n<\/tr>\n<tr>\n<th width=\"35%\">Nome da marca:<\/th>\n<td>J\u00f3ias de ouro K<\/td>\n<\/tr>\n<tr>\n<th width=\"35%\">Certifica\u00e7\u00e3o:<\/th>\n<td>Certificado de joalharia<\/td>\n<\/tr>\n<tr>\n<th width=\"35%\">N\u00famero do modelo:<\/th>\n<td>KD484P<\/td>\n<\/tr>\n<\/tbody>\n<\/table>\n<p>                                                                            <span class=\"title_s\">Condi\u00e7\u00f5es de pagamento e envio:<\/span>                            <\/p>\n<table class=\"tables data\" width=\"100%\" border=\"0\" cellpadding=\"0\" cellspacing=\"0\">\n<tbody>\n<tr>\n<th width=\"35%\" nowrap=\"nowrap\">Quantidade m\u00ednima de encomenda:<\/th>\n<td>3<\/td>\n<\/tr>\n<tr>\n<th width=\"35%\" nowrap=\"nowrap\">Pre\u00e7o:<\/th>\n<td>Negoci\u00e1vel<\/td>\n<\/tr>\n<tr>\n<th width=\"35%\" nowrap=\"nowrap\">Detalhes da embalagem:<\/th>\n<td>Saco PP grosso padr\u00e3o, a marca vir\u00e1 com a marca Embalagem<\/td>\n<\/tr>\n<tr>\n<th width=\"35%\" nowrap=\"nowrap\">Prazo de entrega:<\/th>\n<td>5-15 dias \u00fateis<\/td>\n<\/tr>\n<tr>\n<th width=\"35%\" nowrap=\"nowrap\">Condi\u00e7\u00f5es de pagamento:<\/th>\n<td>T\/T, Western Union<\/td>\n<\/tr>\n<tr>\n<th width=\"35%\" nowrap=\"nowrap\">Capacidade de fornecimento:<\/th>\n<td>2000pcs\/m\u00eas<\/td>\n<\/tr>\n<\/tbody>\n<\/table>","protected":false},"featured_media":7007,"comment_status":"closed","ping_status":"closed","template":"","meta":{"_gspb_post_css":""},"product_brand":[],"product_cat":[30],"product_tag":[],"class_list":{"0":"post-7013","1":"product","2":"type-product","3":"status-publish","4":"has-post-thumbnail","6":"product_cat-silver-bead-charms","8":"first","9":"instock","10":"shipping-taxable","11":"product-type-simple"},"aioseo_notices":[],"_links":{"self":[{"href":"https:\/\/dearjewelry.site\/pt\/wp-json\/wp\/v2\/product\/7013","targetHints":{"allow":["GET"]}}],"collection":[{"href":"https:\/\/dearjewelry.site\/pt\/wp-json\/wp\/v2\/product"}],"about":[{"href":"https:\/\/dearjewelry.site\/pt\/wp-json\/wp\/v2\/types\/product"}],"replies":[{"embeddable":true,"href":"https:\/\/dearjewelry.site\/pt\/wp-json\/wp\/v2\/comments?post=7013"}],"wp:featuredmedia":[{"embeddable":true,"href":"https:\/\/dearjewelry.site\/pt\/wp-json\/wp\/v2\/media\/7007"}],"wp:attachment":[{"href":"https:\/\/dearjewelry.site\/pt\/wp-json\/wp\/v2\/media?parent=7013"}],"wp:term":[{"taxonomy":"product_brand","embeddable":true,"href":"https:\/\/dearjewelry.site\/pt\/wp-json\/wp\/v2\/product_brand?post=7013"},{"taxonomy":"product_cat","embeddable":true,"href":"https:\/\/dearjewelry.site\/pt\/wp-json\/wp\/v2\/product_cat?post=7013"},{"taxonomy":"product_tag","embeddable":true,"href":"https:\/\/dearjewelry.site\/pt\/wp-json\/wp\/v2\/product_tag?post=7013"}],"curies":[{"name":"wp","href":"https:\/\/api.w.org\/{rel}","templated":true}]}}